{"id":6745,"date":"2026-01-28T13:51:18","date_gmt":"2026-01-28T17:51:18","guid":{"rendered":"https:\/\/www.legalaid-aidejuridique-nb.ca\/?page_id=6745"},"modified":"2026-03-30T15:35:29","modified_gmt":"2026-03-30T19:35:29","slug":"actualites-et-informations","status":"publish","type":"page","link":"https:\/\/www.legalaid-aidejuridique-nb.ca\/fr\/services-du-curateur-public\/actualites-et-informations\/","title":{"rendered":"Actualit\u00e9s et informations"},"content":{"rendered":"<p><div class=\"fusion-fullwidth fullwidth-box fusion-builder-row-1 nonhundred-percent-fullwidth non-hundred-percent-height-scrolling\" style=\"--awb-border-radius-top-left:0px;--awb-border-radius-top-right:0px;--awb-border-radius-bottom-right:0px;--awb-border-radius-bottom-left:0px;--awb-flex-wrap:wrap;\" ><div class=\"fusion-builder-row fusion-row\"><div class=\"fusion-layout-column fusion_builder_column fusion-builder-column-0 fusion_builder_column_1_1 1_1 fusion-one-full fusion-column-first fusion-column-last\" style=\"--awb-padding-top:0px;--awb-padding-right:0px;--awb-padding-bottom:0px;--awb-padding-left:0px;--awb-bg-blend:overlay;--awb-bg-size:cover;--awb-margin-bottom:0px;\"><div class=\"fusion-column-wrapper fusion-column-has-shadow fusion-flex-column-wrapper-legacy\"><div class=\"fusion-title title fusion-title-1 fusion-title-text fusion-title-size-one\" style=\"--awb-margin-top-small:0px;--awb-margin-right-small:0px;--awb-margin-bottom-small:20px;--awb-margin-left-small:0px;\"><h1 class=\"fusion-title-heading title-heading-left fusion-responsive-typography-calculated\" style=\"margin:0;--fontSize:30;line-height:1.14;\">Actualit\u00e9s et informations<\/h1><span class=\"awb-title-spacer\"><\/span><div class=\"title-sep-container\"><div class=\"title-sep sep- sep-solid\" style=\"border-color:#e2e2e2;\"><\/div><\/div><\/div><div class=\"fusion-clearfix\"><\/div><\/div><\/div><\/div><\/div><div class=\"fusion-fullwidth fullwidth-box fusion-builder-row-2 nonhundred-percent-fullwidth non-hundred-percent-height-scrolling\" style=\"--awb-border-radius-top-left:0px;--awb-border-radius-top-right:0px;--awb-border-radius-bottom-right:0px;--awb-border-radius-bottom-left:0px;--awb-flex-wrap:wrap;\" ><div class=\"fusion-builder-row fusion-row\"><div class=\"fusion-layout-column fusion_builder_column fusion-builder-column-1 fusion_builder_column_1_1 1_1 fusion-one-full fusion-column-first fusion-column-last\" style=\"--awb-bg-blend:overlay;--awb-bg-size:cover;\"><div class=\"fusion-column-wrapper fusion-column-has-shadow fusion-flex-column-wrapper-legacy\"><div class=\"fusion-text fusion-text-1\"><p>Retrouvez ici nos actualit\u00e9s, informations et outils pour mieux comprendre notre r\u00f4le et nos actions aupr\u00e8s des personnes que nous accompagnons.<\/p>\n<h3>Brochure d\u2019information<\/h3>\n<p>Notre brochure d\u2019information pr\u00e9sente les Services du Curateur public, ses missions, ainsi que les informations pratiques essentielles.<br \/>\nVous trouverez <a href=\"http:\/\/www.legalaid-aidejuridique-nb.ca\/wp-content\/uploads\/2026\/03\/PT-Services-French-Brochure.pdf\">notre brochure<\/a> sur la page <a href=\"https:\/\/www.legalaid-aidejuridique-nb.ca\/fr\/ressources\/\">Ressources<\/a> , dans la section \u00abL\u2019aide juridique au Nouveau-Brunswick\u00bb.<\/p>\n<h3>Rapport Annuel<\/h3>\n<p>Le rapport annuel offre un aper\u00e7u des activit\u00e9s des Services du Curateur public, des faits saillants de l\u2019ann\u00e9e et des principales r\u00e9alisations.<\/p>\n<p>Vous trouverez nos <a href=\"http:\/\/www.legalaid-aidejuridique-nb.ca\/wp-content\/uploads\/2025\/12\/Public-Trustee-Annual-Report-2024-2025-Final-2.pdf\">rapports<\/a> annuels sur la page <a href=\"https:\/\/www.legalaid-aidejuridique-nb.ca\/fr\/profil\/publications\/\">Publications<\/a>.<\/p>\n<h3>Suivez-nous sur les r\u00e9seaux sociaux<\/h3>\n<p>Suivez nos actualit\u00e9s et projets, d\u00e9couvrez les coulisses de notre \u00e9quipe et acc\u00e9dez \u00e0 des contenus p\u00e9dagogiques.<\/p>\n<p><a href=\"https:\/\/www.facebook.com\/NewBrunswickPublicTrustee\"><img decoding=\"async\" class=\"\" src=\"http:\/\/www.legalaid-aidejuridique-nb.ca\/wp-content\/uploads\/2026\/03\/Facebook.png\" alt=\"Facebook\" width=\"70\" height=\"70\" \/><\/a>\u00a0 \u00a0 \u00a0 \u00a0 \u00a0 \u00a0 \u00a0<a href=\"https:\/\/www.linkedin.com\/company\/new-brunswick-public-trustee-curateur-public-du-nouveau-brunswick\/\"><img decoding=\"async\" class=\"alignnone \" src=\"http:\/\/www.legalaid-aidejuridique-nb.ca\/wp-content\/uploads\/2026\/03\/Linkedin.png\" alt=\"LinkedIn\" width=\"70\" height=\"70\" \/><\/a>\u00a0 \u00a0 \u00a0 \u00a0 \u00a0 \u00a0 \u00a0<a href=\" https:\/\/www.youtube.com\/@NewBrunswickPublicTrustee\"><img decoding=\"async\" class=\"alignnone size-full\" src=\"http:\/\/www.legalaid-aidejuridique-nb.ca\/wp-content\/uploads\/2026\/03\/Youtube.png\" alt=\"YouTube\" width=\"99\" height=\"70\" \/><\/a><\/p>\n<\/div><div class=\"accordian fusion-accordian\" style=\"--awb-border-size:1px;--awb-icon-size:13px;--awb-content-font-size:13px;--awb-icon-alignment:left;--awb-hover-color:#f9f9f9;--awb-border-color:#cccccc;--awb-background-color:#ffffff;--awb-divider-color:#e0dede;--awb-divider-hover-color:#e0dede;--awb-icon-color:#ffffff;--awb-title-color:#545d2f;--awb-content-color:#493c3b;--awb-icon-box-color:#333333;--awb-toggle-hover-accent-color:#545d2f;--awb-title-font-family:&quot;Noto Sans&quot;;--awb-title-font-weight:700;--awb-title-font-style:normal;--awb-title-font-size:15px;--awb-content-font-family:&quot;Noto Sans&quot;;--awb-content-font-style:normal;--awb-content-font-weight:regular;\"><div class=\"panel-group fusion-toggle-icon-boxed\" id=\"accordion-6745-1\"><\/div><\/div><div class=\"fusion-clearfix\"><\/div><\/div><\/div><\/div><\/div><\/p>\n","protected":false},"excerpt":{"rendered":"","protected":false},"author":8,"featured_media":0,"parent":3222,"menu_order":0,"comment_status":"closed","ping_status":"closed","template":"","meta":{"footnotes":""},"class_list":["post-6745","page","type-page","status-publish","hentry"],"yoast_head":"<!-- This site is optimized with the Yoast SEO plugin v27.3 - https:\/\/yoast.com\/product\/yoast-seo-wordpress\/ -->\n<title>Actualit\u00e9s et informations -<\/title>\n<meta name=\"robots\" content=\"index, follow, max-snippet:-1, max-image-preview:large, max-video-preview:-1\" \/>\n<link rel=\"canonical\" href=\"https:\/\/www.legalaid-aidejuridique-nb.ca\/fr\/services-du-curateur-public\/actualites-et-informations\/\" \/>\n<meta property=\"og:locale\" content=\"fr_FR\" \/>\n<meta property=\"og:type\" content=\"article\" \/>\n<meta property=\"og:title\" content=\"Actualit\u00e9s et informations -\" \/>\n<meta property=\"og:url\" content=\"https:\/\/www.legalaid-aidejuridique-nb.ca\/fr\/services-du-curateur-public\/actualites-et-informations\/\" \/>\n<meta property=\"article:modified_time\" content=\"2026-03-30T19:35:29+00:00\" \/>\n<meta property=\"og:image\" content=\"http:\/\/www.legalaid-aidejuridique-nb.ca\/wp-content\/uploads\/2026\/03\/Facebook.png\" \/>\n<meta name=\"twitter:card\" content=\"summary_large_image\" \/>\n<meta name=\"twitter:label1\" content=\"Dur\u00e9e de lecture estim\u00e9e\" \/>\n\t<meta name=\"twitter:data1\" content=\"2 minutes\" \/>\n<!-- \/ Yoast SEO plugin. -->","yoast_head_json":{"title":"Actualit\u00e9s et informations -","robots":{"index":"index","follow":"follow","max-snippet":"max-snippet:-1","max-image-preview":"max-image-preview:large","max-video-preview":"max-video-preview:-1"},"canonical":"https:\/\/www.legalaid-aidejuridique-nb.ca\/fr\/services-du-curateur-public\/actualites-et-informations\/","og_locale":"fr_FR","og_type":"article","og_title":"Actualit\u00e9s et informations -","og_url":"https:\/\/www.legalaid-aidejuridique-nb.ca\/fr\/services-du-curateur-public\/actualites-et-informations\/","article_modified_time":"2026-03-30T19:35:29+00:00","og_image":[{"url":"http:\/\/www.legalaid-aidejuridique-nb.ca\/wp-content\/uploads\/2026\/03\/Facebook.png","type":"","width":"","height":""}],"twitter_card":"summary_large_image","twitter_misc":{"Dur\u00e9e de lecture estim\u00e9e":"2 minutes"},"schema":{"@context":"https:\/\/schema.org","@graph":[{"@type":"WebPage","@id":"https:\/\/www.legalaid-aidejuridique-nb.ca\/fr\/services-du-curateur-public\/actualites-et-informations\/","url":"https:\/\/www.legalaid-aidejuridique-nb.ca\/fr\/services-du-curateur-public\/actualites-et-informations\/","name":"Actualit\u00e9s et informations -","isPartOf":{"@id":"https:\/\/www.legalaid-aidejuridique-nb.ca\/fr\/#website"},"primaryImageOfPage":{"@id":"https:\/\/www.legalaid-aidejuridique-nb.ca\/fr\/services-du-curateur-public\/actualites-et-informations\/#primaryimage"},"image":{"@id":"https:\/\/www.legalaid-aidejuridique-nb.ca\/fr\/services-du-curateur-public\/actualites-et-informations\/#primaryimage"},"thumbnailUrl":"http:\/\/www.legalaid-aidejuridique-nb.ca\/wp-content\/uploads\/2026\/03\/Facebook.png","datePublished":"2026-01-28T17:51:18+00:00","dateModified":"2026-03-30T19:35:29+00:00","breadcrumb":{"@id":"https:\/\/www.legalaid-aidejuridique-nb.ca\/fr\/services-du-curateur-public\/actualites-et-informations\/#breadcrumb"},"inLanguage":"fr-FR","potentialAction":[{"@type":"ReadAction","target":["https:\/\/www.legalaid-aidejuridique-nb.ca\/fr\/services-du-curateur-public\/actualites-et-informations\/"]}]},{"@type":"ImageObject","inLanguage":"fr-FR","@id":"https:\/\/www.legalaid-aidejuridique-nb.ca\/fr\/services-du-curateur-public\/actualites-et-informations\/#primaryimage","url":"http:\/\/www.legalaid-aidejuridique-nb.ca\/wp-content\/uploads\/2026\/03\/Facebook.png","contentUrl":"http:\/\/www.legalaid-aidejuridique-nb.ca\/wp-content\/uploads\/2026\/03\/Facebook.png"},{"@type":"BreadcrumbList","@id":"https:\/\/www.legalaid-aidejuridique-nb.ca\/fr\/services-du-curateur-public\/actualites-et-informations\/#breadcrumb","itemListElement":[{"@type":"ListItem","position":1,"name":"Home","item":"https:\/\/www.legalaid-aidejuridique-nb.ca\/fr\/welcome-bienvenue\/"},{"@type":"ListItem","position":2,"name":"Services du curateur public","item":"https:\/\/www.legalaid-aidejuridique-nb.ca\/fr\/public-trustee-services\/"},{"@type":"ListItem","position":3,"name":"Actualit\u00e9s et informations"}]},{"@type":"WebSite","@id":"https:\/\/www.legalaid-aidejuridique-nb.ca\/fr\/#website","url":"https:\/\/www.legalaid-aidejuridique-nb.ca\/fr\/","name":"","description":"","potentialAction":[{"@type":"SearchAction","target":{"@type":"EntryPoint","urlTemplate":"https:\/\/www.legalaid-aidejuridique-nb.ca\/fr\/?s={search_term_string}"},"query-input":{"@type":"PropertyValueSpecification","valueRequired":true,"valueName":"search_term_string"}}],"inLanguage":"fr-FR"}]}},"_links":{"self":[{"href":"https:\/\/www.legalaid-aidejuridique-nb.ca\/fr\/wp-json\/wp\/v2\/pages\/6745","targetHints":{"allow":["GET"]}}],"collection":[{"href":"https:\/\/www.legalaid-aidejuridique-nb.ca\/fr\/wp-json\/wp\/v2\/pages"}],"about":[{"href":"https:\/\/www.legalaid-aidejuridique-nb.ca\/fr\/wp-json\/wp\/v2\/types\/page"}],"author":[{"embeddable":true,"href":"https:\/\/www.legalaid-aidejuridique-nb.ca\/fr\/wp-json\/wp\/v2\/users\/8"}],"replies":[{"embeddable":true,"href":"https:\/\/www.legalaid-aidejuridique-nb.ca\/fr\/wp-json\/wp\/v2\/comments?post=6745"}],"version-history":[{"count":9,"href":"https:\/\/www.legalaid-aidejuridique-nb.ca\/fr\/wp-json\/wp\/v2\/pages\/6745\/revisions"}],"predecessor-version":[{"id":6861,"href":"https:\/\/www.legalaid-aidejuridique-nb.ca\/fr\/wp-json\/wp\/v2\/pages\/6745\/revisions\/6861"}],"up":[{"embeddable":true,"href":"https:\/\/www.legalaid-aidejuridique-nb.ca\/fr\/wp-json\/wp\/v2\/pages\/3222"}],"wp:attachment":[{"href":"https:\/\/www.legalaid-aidejuridique-nb.ca\/fr\/wp-json\/wp\/v2\/media?parent=6745"}],"curies":[{"name":"wp","href":"https:\/\/api.w.org\/{rel}","templated":true}]}}