{"id":3614,"date":"2019-10-20T15:17:48","date_gmt":"2019-10-20T15:17:48","guid":{"rendered":"http:\/\/www.legalaid-aidejuridique-nb.ca\/dev\/?page_id=3614"},"modified":"2019-11-29T04:31:36","modified_gmt":"2019-11-29T04:31:36","slug":"avis-de-confidentialite-avis-dexclusion-de-responsabilite","status":"publish","type":"page","link":"https:\/\/www.legalaid-aidejuridique-nb.ca\/fr\/avis-de-confidentialite-avis-dexclusion-de-responsabilite\/","title":{"rendered":"Avis de confidentialit\u00e9 &#8211; avis d&rsquo;exclusion de responsabilit\u00e9"},"content":{"rendered":"<p><div class=\"fusion-fullwidth fullwidth-box fusion-builder-row-1 nonhundred-percent-fullwidth non-hundred-percent-height-scrolling\" style=\"--awb-border-radius-top-left:0px;--awb-border-radius-top-right:0px;--awb-border-radius-bottom-right:0px;--awb-border-radius-bottom-left:0px;--awb-flex-wrap:wrap;\" ><div class=\"fusion-builder-row fusion-row\"><div class=\"fusion-layout-column fusion_builder_column fusion-builder-column-0 fusion_builder_column_1_1 1_1 fusion-one-full fusion-column-first fusion-column-last\" style=\"--awb-padding-top:0px;--awb-padding-right:0px;--awb-padding-bottom:0px;--awb-padding-left:0px;--awb-bg-size:cover;--awb-margin-bottom:0px;\"><div class=\"fusion-column-wrapper fusion-column-has-shadow fusion-flex-column-wrapper-legacy\"><div class=\"fusion-title title fusion-title-1 fusion-title-text fusion-title-size-one\" style=\"--awb-margin-top-small:0px;--awb-margin-right-small:0px;--awb-margin-bottom-small:20px;--awb-margin-left-small:0px;\"><h1 class=\"fusion-title-heading title-heading-left fusion-responsive-typography-calculated\" style=\"margin:0;--fontSize:30;line-height:1.14;\">Avis de confidentialit\u00e9 &#8211; avis d&rsquo;exclusion de responsabilit\u00e9<\/h1><span class=\"awb-title-spacer\"><\/span><div class=\"title-sep-container\"><div class=\"title-sep sep- sep-solid\" style=\"border-color:#e2e2e2;\"><\/div><\/div><\/div><div class=\"fusion-clearfix\"><\/div><\/div><\/div><\/div><\/div><div class=\"fusion-fullwidth fullwidth-box fusion-builder-row-2 nonhundred-percent-fullwidth non-hundred-percent-height-scrolling\" style=\"--awb-border-radius-top-left:0px;--awb-border-radius-top-right:0px;--awb-border-radius-bottom-right:0px;--awb-border-radius-bottom-left:0px;--awb-flex-wrap:wrap;\" ><div class=\"fusion-builder-row fusion-row\"><div class=\"fusion-layout-column fusion_builder_column fusion-builder-column-1 fusion_builder_column_1_1 1_1 fusion-one-full fusion-column-first fusion-column-last\" style=\"--awb-bg-size:cover;\"><div class=\"fusion-column-wrapper fusion-column-has-shadow fusion-flex-column-wrapper-legacy\"><div class=\"fusion-text fusion-text-1\"><h2>Avis d&rsquo;exclusion de responsabilit\u00e9<\/h2>\n<p>Ce site ne donne que des renseignements d\u2019ordre g\u00e9n\u00e9ral et non des conseils juridiques concernant des probl\u00e8mes l\u00e9gaux particuliers. Si vous avez besoin de conseils juridiques, vous devez vous adresser au bureau d\u2019aide juridique de votre r\u00e9gion ou \u00e0 un avocat.<\/p>\n<p>Tous les efforts raisonnables ont \u00e9t\u00e9 d\u00e9ploy\u00e9s pour veiller \u00e0 ce que les renseignements donn\u00e9s sur ce site web soient \u00e0 jour et exacts. Il peut cependant arriver que certains d\u00e9tails ne refl\u00e8tent pas les changements r\u00e9cents.<\/p>\n<p>Les liens allant de ce site vers des sites web ext\u00e9rieurs ont pour but de faciliter l\u2019acc\u00e8s des utilisateurs. La Commission des services d\u2019aide juridique du Nouveau-Brunswick (CSAJNB) ne cr\u00e9e pas ces sites web et ne les entretient pas; elle n\u2019assume donc aucune responsabilit\u00e9 quant \u00e0 leur contenu et \u00e0 leur exactitude.<\/p>\n<p>La CSAJNB et ses employ\u00e9s ne peuvent \u00eatre tenus responsables des pertes ou dommages de quelque nature que ce soit, directs ou indirects, d\u00e9coulant de l\u2019utilisation des renseignements donn\u00e9s sur ce site web ou sur des sites web correspondant \u00e0 des liens.<\/p>\n<h2>Avis de confidentialit\u00e9<\/h2>\n<p>La Commission des services d\u2019aide juridique du Nouveau-Brunswick (CSAJNB) s\u2019engage \u00e0 respecter la confidentialit\u00e9 et \u00e0 prot\u00e9ger les renseignements personnels en sa possession. Tous les renseignements personnels recueillis sont g\u00e9r\u00e9s et conserv\u00e9s conform\u00e9ment \u00e0 des politiques et proc\u00e9dures r\u00e9dig\u00e9es d\u2019apr\u00e8s la Loi sur le droit \u00e0 l&rsquo;information et la protection de la vie priv\u00e9e et de la Loi sur l\u2019aide juridique.<\/p>\n<p><strong>Collecte de renseignements personnels<\/strong><br \/>\nPour am\u00e9liorer la qualit\u00e9 de notre site, il arrive que nous recueillions des renseignements non personnels qui n\u2019identifient aucunement les utilisateurs. Il peut s\u2019agir de donn\u00e9es d\u00e9mographiques de base, du nombre de visiteurs du site, des pages consult\u00e9es, de la dur\u00e9e de la visite, etc.<\/p>\n<p><strong>Collecte, utilisation et divulgation des renseignements personnels<\/strong><br \/>\nAucun renseignement personnel n\u2019est recueilli de mani\u00e8re automatique \u00e0 partir de votre ordinateur. La CSAJNB ne recueille que les renseignements fournis de leur plein gr\u00e9 par les utilisateurs. Si vous nous confiez vos renseignements personnels, nous ne les utiliserons et ne les divulguerons que dans le but pour lequel ils ont \u00e9t\u00e9 recueillis ou, dans certains cas pr\u00e9cis, en application de la Loi sur le droit \u00e0 l\u2019information et la protection de la vie priv\u00e9e.<\/p>\n<p><strong>S\u00e9curit\u00e9<\/strong><br \/>\nLa CSAJNB prot\u00e8ge les renseignements personnels en sa possession en appliquant des mesures de s\u00e9curit\u00e9 raisonnables contre leur acc\u00e8s non autoris\u00e9, leur collecte, leur utilisation, leur divulgation et leur suppression. Ces mesures font partie de nos politiques de fonctionnement courant.<\/p>\n<p>La s\u00e9curit\u00e9 des renseignements envoy\u00e9s par Internet n\u2019est pas garantie. La CSAJNB ne garantit pas que vos renseignements seront int\u00e9gralement prot\u00e9g\u00e9s contre l\u2019interception, la perte, l\u2019utilisation abusive ou l\u2019alt\u00e9ration de donn\u00e9es. Nous n\u2019assumons aucune responsabilit\u00e9 pour tout dommage pouvant survenir en cas d\u2019interception, de perte, d\u2019utilisation abusive ou d\u2019alt\u00e9ration de renseignements personnels transmis par nous ou qui nous sont envoy\u00e9s.<\/p>\n<p><strong>Liens vers des sites web ext\u00e9rieurs<\/strong><br \/>\nLes liens allant de ce site vers des sites ext\u00e9rieurs ne sont fournis que pour faciliter l\u2019acc\u00e8s des utilisateurs. La CSAJNB n\u2019est pas responsable des renseignements personnels pouvant \u00eatre recueillis sur ces sites ext\u00e9rieurs ni de leur recours \u00e0 des t\u00e9moins (cookies) ou \u00e0 toute autre m\u00e9thode de tra\u00e7age. Veuillez consulter l\u2019avis de confidentialit\u00e9 des sites correspondant \u00e0 ces liens, car il peut \u00eatre diff\u00e9rent du n\u00f4tre.<\/p>\n<\/div><div class=\"fusion-clearfix\"><\/div><\/div><\/div><\/div><\/div><\/p>\n","protected":false},"excerpt":{"rendered":"","protected":false},"author":1,"featured_media":0,"parent":0,"menu_order":0,"comment_status":"closed","ping_status":"closed","template":"","meta":{"footnotes":""},"class_list":["post-3614","page","type-page","status-publish","hentry"],"yoast_head":"<!-- This site is optimized with the Yoast SEO plugin v27.3 - https:\/\/yoast.com\/product\/yoast-seo-wordpress\/ -->\n<title>Avis de confidentialit\u00e9 - avis d&#039;exclusion de responsabilit\u00e9 -<\/title>\n<meta name=\"robots\" content=\"index, follow, max-snippet:-1, max-image-preview:large, max-video-preview:-1\" \/>\n<link rel=\"canonical\" href=\"https:\/\/www.legalaid-aidejuridique-nb.ca\/fr\/avis-de-confidentialite-avis-dexclusion-de-responsabilite\/\" \/>\n<meta property=\"og:locale\" content=\"fr_FR\" \/>\n<meta property=\"og:type\" content=\"article\" \/>\n<meta property=\"og:title\" content=\"Avis de confidentialit\u00e9 - avis d&#039;exclusion de responsabilit\u00e9 -\" \/>\n<meta property=\"og:url\" content=\"https:\/\/www.legalaid-aidejuridique-nb.ca\/fr\/avis-de-confidentialite-avis-dexclusion-de-responsabilite\/\" \/>\n<meta property=\"article:modified_time\" content=\"2019-11-29T04:31:36+00:00\" \/>\n<meta name=\"twitter:card\" content=\"summary_large_image\" \/>\n<meta name=\"twitter:label1\" content=\"Dur\u00e9e de lecture estim\u00e9e\" \/>\n\t<meta name=\"twitter:data1\" content=\"6 minutes\" \/>\n<!-- \/ Yoast SEO plugin. -->","yoast_head_json":{"title":"Avis de confidentialit\u00e9 - avis d'exclusion de responsabilit\u00e9 -","robots":{"index":"index","follow":"follow","max-snippet":"max-snippet:-1","max-image-preview":"max-image-preview:large","max-video-preview":"max-video-preview:-1"},"canonical":"https:\/\/www.legalaid-aidejuridique-nb.ca\/fr\/avis-de-confidentialite-avis-dexclusion-de-responsabilite\/","og_locale":"fr_FR","og_type":"article","og_title":"Avis de confidentialit\u00e9 - avis d'exclusion de responsabilit\u00e9 -","og_url":"https:\/\/www.legalaid-aidejuridique-nb.ca\/fr\/avis-de-confidentialite-avis-dexclusion-de-responsabilite\/","article_modified_time":"2019-11-29T04:31:36+00:00","twitter_card":"summary_large_image","twitter_misc":{"Dur\u00e9e de lecture estim\u00e9e":"6 minutes"},"schema":{"@context":"https:\/\/schema.org","@graph":[{"@type":"WebPage","@id":"https:\/\/www.legalaid-aidejuridique-nb.ca\/fr\/avis-de-confidentialite-avis-dexclusion-de-responsabilite\/","url":"https:\/\/www.legalaid-aidejuridique-nb.ca\/fr\/avis-de-confidentialite-avis-dexclusion-de-responsabilite\/","name":"Avis de confidentialit\u00e9 - avis d'exclusion de responsabilit\u00e9 -","isPartOf":{"@id":"https:\/\/www.legalaid-aidejuridique-nb.ca\/fr\/#website"},"datePublished":"2019-10-20T15:17:48+00:00","dateModified":"2019-11-29T04:31:36+00:00","breadcrumb":{"@id":"https:\/\/www.legalaid-aidejuridique-nb.ca\/fr\/avis-de-confidentialite-avis-dexclusion-de-responsabilite\/#breadcrumb"},"inLanguage":"fr-FR","potentialAction":[{"@type":"ReadAction","target":["https:\/\/www.legalaid-aidejuridique-nb.ca\/fr\/avis-de-confidentialite-avis-dexclusion-de-responsabilite\/"]}]},{"@type":"BreadcrumbList","@id":"https:\/\/www.legalaid-aidejuridique-nb.ca\/fr\/avis-de-confidentialite-avis-dexclusion-de-responsabilite\/#breadcrumb","itemListElement":[{"@type":"ListItem","position":1,"name":"Home","item":"https:\/\/www.legalaid-aidejuridique-nb.ca\/fr\/welcome-bienvenue\/"},{"@type":"ListItem","position":2,"name":"Avis de confidentialit\u00e9 &#8211; avis d&#8217;exclusion de responsabilit\u00e9"}]},{"@type":"WebSite","@id":"https:\/\/www.legalaid-aidejuridique-nb.ca\/fr\/#website","url":"https:\/\/www.legalaid-aidejuridique-nb.ca\/fr\/","name":"","description":"","potentialAction":[{"@type":"SearchAction","target":{"@type":"EntryPoint","urlTemplate":"https:\/\/www.legalaid-aidejuridique-nb.ca\/fr\/?s={search_term_string}"},"query-input":{"@type":"PropertyValueSpecification","valueRequired":true,"valueName":"search_term_string"}}],"inLanguage":"fr-FR"}]}},"_links":{"self":[{"href":"https:\/\/www.legalaid-aidejuridique-nb.ca\/fr\/wp-json\/wp\/v2\/pages\/3614","targetHints":{"allow":["GET"]}}],"collection":[{"href":"https:\/\/www.legalaid-aidejuridique-nb.ca\/fr\/wp-json\/wp\/v2\/pages"}],"about":[{"href":"https:\/\/www.legalaid-aidejuridique-nb.ca\/fr\/wp-json\/wp\/v2\/types\/page"}],"author":[{"embeddable":true,"href":"https:\/\/www.legalaid-aidejuridique-nb.ca\/fr\/wp-json\/wp\/v2\/users\/1"}],"replies":[{"embeddable":true,"href":"https:\/\/www.legalaid-aidejuridique-nb.ca\/fr\/wp-json\/wp\/v2\/comments?post=3614"}],"version-history":[{"count":2,"href":"https:\/\/www.legalaid-aidejuridique-nb.ca\/fr\/wp-json\/wp\/v2\/pages\/3614\/revisions"}],"predecessor-version":[{"id":3859,"href":"https:\/\/www.legalaid-aidejuridique-nb.ca\/fr\/wp-json\/wp\/v2\/pages\/3614\/revisions\/3859"}],"wp:attachment":[{"href":"https:\/\/www.legalaid-aidejuridique-nb.ca\/fr\/wp-json\/wp\/v2\/media?parent=3614"}],"curies":[{"name":"wp","href":"https:\/\/api.w.org\/{rel}","templated":true}]}}