{"id":3430,"date":"2019-10-18T20:11:04","date_gmt":"2019-10-18T20:11:04","guid":{"rendered":"http:\/\/www.legalaid-aidejuridique-nb.ca\/dev\/?page_id=3430"},"modified":"2024-09-25T12:24:05","modified_gmt":"2024-09-25T16:24:05","slug":"services-du-curateur-public","status":"publish","type":"page","link":"https:\/\/www.legalaid-aidejuridique-nb.ca\/fr\/services-du-curateur-public\/services-du-curateur-public\/","title":{"rendered":"Obtenir de l\u2019aide"},"content":{"rendered":"<p><div class=\"fusion-fullwidth fullwidth-box fusion-builder-row-1 nonhundred-percent-fullwidth non-hundred-percent-height-scrolling\" style=\"--awb-border-radius-top-left:0px;--awb-border-radius-top-right:0px;--awb-border-radius-bottom-right:0px;--awb-border-radius-bottom-left:0px;--awb-flex-wrap:wrap;\" ><div class=\"fusion-builder-row fusion-row\"><div class=\"fusion-layout-column fusion_builder_column fusion-builder-column-0 fusion_builder_column_1_1 1_1 fusion-one-full fusion-column-first fusion-column-last\" style=\"--awb-padding-top:0px;--awb-padding-right:0px;--awb-padding-bottom:0px;--awb-padding-left:0px;--awb-bg-blend:overlay;--awb-bg-size:cover;--awb-margin-bottom:0px;\"><div class=\"fusion-column-wrapper fusion-column-has-shadow fusion-flex-column-wrapper-legacy\"><div class=\"fusion-title title fusion-title-1 fusion-title-text fusion-title-size-one\" style=\"--awb-margin-top-small:0px;--awb-margin-right-small:0px;--awb-margin-bottom-small:20px;--awb-margin-left-small:0px;\"><h1 class=\"fusion-title-heading title-heading-left fusion-responsive-typography-calculated\" style=\"margin:0;--fontSize:30;line-height:1.14;\">Obtenir de l\u2019aide<\/h1><span class=\"awb-title-spacer\"><\/span><div class=\"title-sep-container\"><div class=\"title-sep sep- sep-solid\" style=\"border-color:#e2e2e2;\"><\/div><\/div><\/div><div class=\"fusion-clearfix\"><\/div><\/div><\/div><\/div><\/div><div class=\"fusion-fullwidth fullwidth-box fusion-builder-row-2 nonhundred-percent-fullwidth non-hundred-percent-height-scrolling\" style=\"--awb-border-radius-top-left:0px;--awb-border-radius-top-right:0px;--awb-border-radius-bottom-right:0px;--awb-border-radius-bottom-left:0px;--awb-flex-wrap:wrap;\" ><div class=\"fusion-builder-row fusion-row\"><div class=\"fusion-layout-column fusion_builder_column fusion-builder-column-1 fusion_builder_column_1_1 1_1 fusion-one-full fusion-column-first fusion-column-last\" style=\"--awb-bg-blend:overlay;--awb-bg-size:cover;\"><div class=\"fusion-column-wrapper fusion-column-has-shadow fusion-flex-column-wrapper-legacy\"><div class=\"fusion-text fusion-text-1\"><p>Le curateur public du Nouveau-Brunswick prot\u00e8ge les int\u00e9r\u00eats financiers et personnels des personnes \u00e2g\u00e9es, des personnes ayant un handicap, des enfants et des personnes disparues ou d\u00e9c\u00e9d\u00e9es lorsque personne d\u2019autre n\u2019est en mesure de le faire ou n\u2019est dispos\u00e9 \u00e0 le faire.<\/p>\n<p>Le Curateur public ne peut pas se charger de la m\u00e9diation de litiges familiaux ou d\u2019enqu\u00eater dans des affaires d\u2019exploitation financi\u00e8re. Cependant, la client\u00e8le sera dirig\u00e9e vers les services comp\u00e9tents.<\/p>\n<p>Le curateur public peut \u00eatre nomm\u00e9 pour\u00a0:<\/p>\n<\/div><div class=\"accordian fusion-accordian\" style=\"--awb-border-size:1px;--awb-icon-size:13px;--awb-content-font-size:13px;--awb-icon-alignment:left;--awb-hover-color:#f9f9f9;--awb-border-color:#cccccc;--awb-background-color:#ffffff;--awb-divider-color:#e0dede;--awb-divider-hover-color:#e0dede;--awb-icon-color:#ffffff;--awb-title-color:#545d2f;--awb-content-color:#493c3b;--awb-icon-box-color:#333333;--awb-toggle-hover-accent-color:#545d2f;--awb-title-font-family:&quot;Noto Sans&quot;;--awb-title-font-weight:700;--awb-title-font-style:normal;--awb-title-font-size:15px;--awb-content-font-family:&quot;Noto Sans&quot;;--awb-content-font-style:normal;--awb-content-font-weight:regular;\"><div class=\"panel-group fusion-toggle-icon-boxed\" id=\"accordion-3430-1\"><div class=\"fusion-panel panel-default panel-540240aa4abd34629 fusion-toggle-no-divider fusion-toggle-boxed-mode\"><div class=\"panel-heading\"><h4 class=\"panel-title toggle\" id=\"toggle_540240aa4abd34629\"><a aria-expanded=\"false\" aria-controls=\"540240aa4abd34629\" role=\"button\" data-toggle=\"collapse\" data-parent=\"#accordion-3430-1\" data-target=\"#540240aa4abd34629\" href=\"#540240aa4abd34629\"><span class=\"fusion-toggle-icon-wrapper\" aria-hidden=\"true\"><i class=\"fa-fusion-box active-icon awb-icon-minus\" aria-hidden=\"true\"><\/i><i class=\"fa-fusion-box inactive-icon awb-icon-plus\" aria-hidden=\"true\"><\/i><\/span><span class=\"fusion-toggle-heading\">Prendre des d\u00e9cisions personnelles, soins de sant\u00e9, juridiques ou financi\u00e8res au nom d\u2019une personne qui est atteinte d\u2019incapacit\u00e9 mentale et qui ne peut pas prendre ces d\u00e9cisions. <\/span><\/a><\/h4><\/div><div id=\"540240aa4abd34629\" class=\"panel-collapse collapse \" aria-labelledby=\"toggle_540240aa4abd34629\"><div class=\"panel-body toggle-content fusion-clearfix\">\n<div><img decoding=\"async\" class=\"alignleft size-full wp-image-3754\" src=\"http:\/\/www.legalaid-aidejuridique-nb.ca\/wp-content\/uploads\/2019\/11\/Women-in-wheelchair.jpg\" alt=\"Women in wheelchair\" width=\"144\" height=\"216\" \/><\/div>\n<p>En r\u00e8gle g\u00e9n\u00e9rale, le curateur public s\u2019efforce de g\u00e9rer les biens de ses clients en tenant compte de leur autonomie et de leurs capacit\u00e9s. Le curateur public s\u2019efforce de trouver un juste \u00e9quilibre entre la n\u00e9cessit\u00e9 de r\u00e9pondre aux besoins imm\u00e9diats du client et celle de faire face aux obligations \u00e0 long terme.<\/p>\n<h2>Services de fiduciaires<\/h2>\n<p>Le curateur public s\u2019occupe principalement de g\u00e9rer l\u2019argent et l\u2019actif financier, de payer les factures et de d\u00e9caisser les fonds pour acquitter les achats des clients qu\u2019il juge n\u00e9cessaires. Le curateur public pr\u00e9pare les d\u00e9clarations de revenus et les documents d\u2019imp\u00f4t successoral, il administre les fonds et il r\u00e9alise les op\u00e9rations immobili\u00e8res n\u00e9cessaires pour le compte de ses clients.<\/p>\n<p>Dans la mesure o\u00f9 le client est capable de payer, le curateur public se charge d\u2019acquitter ses obligations financi\u00e8res \u00e0 m\u00eame ses ressources financi\u00e8res. Le curateur public \u00e9tablira si n\u00e9cessaire des activit\u00e9s de gestion de la dette et prendra les mesures appropri\u00e9es pour assurer le remboursement de la dette \u00e0 l\u2019aide des actifs du client afin que les cr\u00e9anciers soient satisfaits des arrangements conclus.<\/p>\n<h2>Curateur \u00e0 la personne<\/h2>\n<p>Quand le curateur public agit \u00e0 titre de curateur \u00e0 la personne, il peut \u00eatre appel\u00e9 \u00e0 prendre des d\u00e9cisions d\u2019une nature tr\u00e8s personnelle au sujet des soins de sant\u00e9 du client ainsi qu\u2019\u00e0 d\u00e9terminer les conditions de logement qui lui conviendraient. Il lui arrive aussi de devoir donner un consentement \u00e9clair\u00e9 \u00e0 des soins m\u00e9dicaux. Il peut aussi \u00eatre appel\u00e9 \u00e0 s\u2019occuper des arrangements\u00a0fun\u00e9raires des clients qui n\u2019ont pas de famille connue. Chaque dossier est g\u00e9r\u00e9 individuellement, et les d\u00e9cisions sont prises dans l\u2019int\u00e9r\u00eat v\u00e9ritable de chaque client.<\/p>\n<p>Le curateur public consulte le client, des experts, les membres de sa famille et ses amis pour recueillir autant de renseignements pertinents que possible avant de prendre une d\u00e9cision. Cette fa\u00e7on de prendre des d\u00e9cisions permet de respecter autant que possible les d\u00e9sirs et les convictions de la personne.<\/p>\n<\/div><\/div><\/div><div class=\"fusion-panel panel-default panel-ce57c807e699ab42b fusion-toggle-no-divider fusion-toggle-boxed-mode\"><div class=\"panel-heading\"><h4 class=\"panel-title toggle\" id=\"toggle_ce57c807e699ab42b\"><a aria-expanded=\"false\" aria-controls=\"ce57c807e699ab42b\" role=\"button\" data-toggle=\"collapse\" data-parent=\"#accordion-3430-1\" data-target=\"#ce57c807e699ab42b\" href=\"#ce57c807e699ab42b\"><span class=\"fusion-toggle-icon-wrapper\" aria-hidden=\"true\"><i class=\"fa-fusion-box active-icon awb-icon-minus\" aria-hidden=\"true\"><\/i><i class=\"fa-fusion-box inactive-icon awb-icon-plus\" aria-hidden=\"true\"><\/i><\/span><span class=\"fusion-toggle-heading\">Pour agir au nom d\u2019une personne conform\u00e9ment aux modalit\u00e9s d\u2019une procuration. <\/span><\/a><\/h4><\/div><div id=\"ce57c807e699ab42b\" class=\"panel-collapse collapse \" aria-labelledby=\"toggle_ce57c807e699ab42b\"><div class=\"panel-body toggle-content fusion-clearfix\">\n<p><img decoding=\"async\" class=\"alignleft size-full wp-image-3760\" src=\"http:\/\/www.legalaid-aidejuridique-nb.ca\/wp-content\/uploads\/2019\/11\/Signing-a-document.jpg\" alt=\"Signing a document\" width=\"200\" height=\"148\" \/>Le curateur public peut \u00eatre nomm\u00e9 fond\u00e9 de pouvoir aux soins personnels ou fond\u00e9 de pouvoir conform\u00e9ment aux modalit\u00e9s d\u2019une procuration. Si vous envisagez de nommer le curateur public \u00e0 titre de fond\u00e9 de pouvoir conform\u00e9ment aux modalit\u00e9s d\u2019une procuration, veuillez prendre contact avec nous pour v\u00e9rifier si le choix du curateur public est indiqu\u00e9. Le curateur public doit consentir par \u00e9crit avant d&rsquo;\u00eatre nomm\u00e9 \u00e0 titre de fond\u00e9 de pouvoir conform\u00e9ment aux modalit\u00e9s d\u2019une procuration.<\/p>\n<\/div><\/div><\/div><div class=\"fusion-panel panel-default panel-2cf78da9f67cfb579 fusion-toggle-no-divider fusion-toggle-boxed-mode\"><div class=\"panel-heading\"><h4 class=\"panel-title toggle\" id=\"toggle_2cf78da9f67cfb579\"><a aria-expanded=\"false\" aria-controls=\"2cf78da9f67cfb579\" role=\"button\" data-toggle=\"collapse\" data-parent=\"#accordion-3430-1\" data-target=\"#2cf78da9f67cfb579\" href=\"#2cf78da9f67cfb579\"><span class=\"fusion-toggle-icon-wrapper\" aria-hidden=\"true\"><i class=\"fa-fusion-box active-icon awb-icon-minus\" aria-hidden=\"true\"><\/i><i class=\"fa-fusion-box inactive-icon awb-icon-plus\" aria-hidden=\"true\"><\/i><\/span><span class=\"fusion-toggle-heading\">Pour agir \u00e0 titre d\u2019ex\u00e9cuteur testamentaire en vertu d\u2019un testament ou \u00e0 titre d\u2019administrateur des biens d\u2019une personne d\u00e9c\u00e9d\u00e9e. <\/span><\/a><\/h4><\/div><div id=\"2cf78da9f67cfb579\" class=\"panel-collapse collapse \" aria-labelledby=\"toggle_2cf78da9f67cfb579\"><div class=\"panel-body toggle-content fusion-clearfix\">\n<div><img decoding=\"async\" class=\"alignleft size-full wp-image-3763\" src=\"http:\/\/www.legalaid-aidejuridique-nb.ca\/wp-content\/uploads\/2019\/11\/Sunset.jpg\" alt=\"Sunset\" width=\"200\" height=\"130\" \/><\/div>\n<p>Lorsqu\u2019un r\u00e9sidant du Nouveau-Brunswick d\u00e9c\u00e8de et que personne n\u2019est capable d\u2019administrer sa succession ou n\u2019est dispos\u00e9 \u00e0 le faire, il est possible que le curateur public soit oblig\u00e9 d\u2019agir en son nom. Il se peut que la personne ait pris des arrangements avant son d\u00e9c\u00e8s en faisant un testament afin de nommer le curateur public pour qu\u2019il agisse \u00e0 titre d\u2019ex\u00e9cuteur testamentaire. Si non, le curateur public peut s\u2019adresser au tribunal pour \u00eatre autoris\u00e9 \u00e0 agir au nom de la personne d\u00e9c\u00e9d\u00e9e.<\/p>\n<h2><\/h2>\n<h2>Personne d\u00e9c\u00e9d\u00e9e avec un testament<\/h2>\n<p>Lorsqu\u2019une personne d\u00e9c\u00e8de, il faut parfois pr\u00e9senter une demande au tribunal pour obtenir des lettres d\u2019homologation afin de pouvoir partager la succession conform\u00e9ment aux dispositions d\u2019un testament valide. Une personne peut nommer le curateur public \u00e0 titre d\u2019ex\u00e9cuteur de son testament. Le curateur public conserve une copie du testament et prend les mesures qui s\u2019imposent quand il apprend le d\u00e9c\u00e8s de la personne.<\/p>\n<h2>Personne d\u00e9c\u00e9d\u00e9e sans testament<\/h2>\n<p>Quand une personne d\u00e9c\u00e8de sans avoir fait de testament, le tribunal peut nommer le curateur public pour qu\u2019il administre la succession et pour qu\u2019il essaie de trouver les h\u00e9ritiers et de partager les biens conform\u00e9ment aux dispositions de la Loi sur la d\u00e9volution des successions (cette loi d\u00e9termine qui h\u00e9rite des biens d\u2019une personne d\u00e9c\u00e9d\u00e9e sans testament).<\/p>\n<h2>D\u00e9c\u00e8s d\u2019un client du curateur public<\/h2>\n<p>Lorsqu\u2019un client du curateur public d\u00e9c\u00e8de, le Bureau continue de g\u00e9rer ses biens jusqu\u2019\u00e0 ce qu\u2019il soit avis\u00e9 de la nomination d\u2019un ex\u00e9cuteur testamentaire ou d\u2019un administrateur.<\/p>\n<p>Le curateur public fait des recherches en profondeur pour trouver un testament. Il publie des avis dans les journaux au besoin, il consulte les proches parents, les amis et les avocats du client et il v\u00e9rifie aupr\u00e8s de toutes les personnes qui pourraient \u00eatre au courant de l\u2019existence d\u2019un testament ou de l\u2019endroit o\u00f9 il se trouve. Si un testament valide est trouv\u00e9 et si un ex\u00e9cuteur testamentaire est nomm\u00e9 par le tribunal, le curateur public remet tous les biens du client \u00e0 l\u2019ex\u00e9cuteur testamentaire pour qu\u2019il en dispose de la fa\u00e7on pr\u00e9vue dans le testament.<\/p>\n<p>Si un client d\u00e9c\u00e8de sans testament valide et si personne n\u2019est capable d\u2019agir en son nom ou n\u2019est dispos\u00e9 \u00e0 le faire, le curateur public peut demander au tribunal de l\u2019autoriser \u00e0 administrer la succession et \u00e0 partager les biens. Le curateur public fait des recherches pour trouver les h\u00e9ritiers l\u00e9gitimes.<\/p>\n<\/div><\/div><\/div><div class=\"fusion-panel panel-default panel-4c8a8ec382e720914 fusion-toggle-no-divider fusion-toggle-boxed-mode\"><div class=\"panel-heading\"><h4 class=\"panel-title toggle\" id=\"toggle_4c8a8ec382e720914\"><a aria-expanded=\"false\" aria-controls=\"4c8a8ec382e720914\" role=\"button\" data-toggle=\"collapse\" data-parent=\"#accordion-3430-1\" data-target=\"#4c8a8ec382e720914\" href=\"#4c8a8ec382e720914\"><span class=\"fusion-toggle-icon-wrapper\" aria-hidden=\"true\"><i class=\"fa-fusion-box active-icon awb-icon-minus\" aria-hidden=\"true\"><\/i><i class=\"fa-fusion-box inactive-icon awb-icon-plus\" aria-hidden=\"true\"><\/i><\/span><span class=\"fusion-toggle-heading\">Pour prendre des d\u00e9cisions juridiques et financi\u00e8res au nom d\u2019une personne d\u00e9clar\u00e9e absente sous le r\u00e9gime de la Loi sur la pr\u00e9somption de d\u00e9c\u00e8s. <\/span><\/a><\/h4><\/div><div id=\"4c8a8ec382e720914\" class=\"panel-collapse collapse \" aria-labelledby=\"toggle_4c8a8ec382e720914\"><div class=\"panel-body toggle-content fusion-clearfix\">\n<p><img decoding=\"async\" class=\"alignleft size-full wp-image-3766\" src=\"http:\/\/www.legalaid-aidejuridique-nb.ca\/wp-content\/uploads\/2019\/11\/Boat-on-lake.jpg\" alt=\"Boat on lake\" width=\"200\" height=\"132\" \/>Quand une personne est d\u00e9clar\u00e9e absente le curateur public peut \u00eatre appel\u00e9 \u00e0 agir \u00e0 titre de curateur \u00e0 ses biens.<\/p>\n<\/div><\/div><\/div><div class=\"fusion-panel panel-default panel-3a04f16ed3ea7a4af fusion-toggle-no-divider fusion-toggle-boxed-mode\"><div class=\"panel-heading\"><h4 class=\"panel-title toggle\" id=\"toggle_3a04f16ed3ea7a4af\"><a aria-expanded=\"false\" aria-controls=\"3a04f16ed3ea7a4af\" role=\"button\" data-toggle=\"collapse\" data-parent=\"#accordion-3430-1\" data-target=\"#3a04f16ed3ea7a4af\" href=\"#3a04f16ed3ea7a4af\"><span class=\"fusion-toggle-icon-wrapper\" aria-hidden=\"true\"><i class=\"fa-fusion-box active-icon awb-icon-minus\" aria-hidden=\"true\"><\/i><i class=\"fa-fusion-box inactive-icon awb-icon-plus\" aria-hidden=\"true\"><\/i><\/span><span class=\"fusion-toggle-heading\">Le curateur public peut \u00e9galement agir pour prot\u00e9ger les int\u00e9r\u00eats financiers d\u2019une personne s\u2019il est nomm\u00e9 par la cour. <\/span><\/a><\/h4><\/div><div id=\"3a04f16ed3ea7a4af\" class=\"panel-collapse collapse \" aria-labelledby=\"toggle_3a04f16ed3ea7a4af\"><div class=\"panel-body toggle-content fusion-clearfix\">\n<div><img decoding=\"async\" class=\"alignleft size-full wp-image-3769\" src=\"http:\/\/www.legalaid-aidejuridique-nb.ca\/wp-content\/uploads\/2019\/11\/Man-and-women.jpg\" alt=\"Man and women\" width=\"160\" height=\"213\" \/><\/div>\n<p>Par exemple, quand un enfant touche le produit d\u2019une police d\u2019assurance vie ou un h\u00e9ritage, le curateur public peut \u00eatre appel\u00e9 \u00e0 prendre des d\u00e9cisions de placement et \u00e0 g\u00e9rer l\u2019argent au nom de l\u2019enfant si personne n\u2019est en mesure de le faire.<\/p>\n<h2><\/h2>\n<\/div><\/div><\/div><\/div><\/div><div class=\"fusion-text fusion-text-2\" style=\"--awb-text-transform:none;\"><h2>Pour soumettre une demande<\/h2>\n<p>Tous ceux qui veulent peuvent diriger une demande vers les services du Curateur public.\u00a0 Les demandes des services du Curateur public sont faites en \u00e9crites \u00e0 travers les Demandes pour services.<\/p>\n<ul>\n<li><a href=\"http:\/\/www.legalaid-aidejuridique-nb.ca\/wp-content\/uploads\/2024\/09\/Form-01-Application-for-POA-or-Executor-EN-FR-2024.pdf\" target=\"_blank\" rel=\"noopener noreferrer\">Demande de nomination a titre de mandataire ou d\u2019ex\u00e9cuteur testamentaire (formulaire 1)<\/a><\/li>\n<li><a href=\"http:\/\/www.legalaid-aidejuridique-nb.ca\/wp-content\/uploads\/2024\/09\/Form-02-Application-for-Administration-of-an-Estate-EN-FR-2024.pdf\" target=\"_blank\" rel=\"noopener noreferrer\">Demande d\u2019administration de succession (formulaire 2)<\/a><\/li>\n<li><a href=\"http:\/\/www.legalaid-aidejuridique-nb.ca\/wp-content\/uploads\/2024\/09\/Form-03-Application-for-Adult-Services-Demande-pour-services-aux-adultes-2024.pdf\" target=\"_blank\" rel=\"noopener\">Demande pour services \u2013 Services aux adultes (formulaire 3)<\/a><\/li>\n<\/ul>\n<h3>Co\u00fbt des services<\/h3>\n<p>Les clients doivent payer des droits en contrepartie de tous les services que leur fournit le curateur public. Les clients peuvent aussi \u00eatre appel\u00e9s \u00e0 payer le co\u00fbt des services des fournisseurs de l\u2019ext\u00e9rieur qui effectuent du travail \u00e0 contrat en leur nom. Par exemple, s\u2019il faut vendre une maison, c\u2019est au client qu\u2019il incombe de payer les droits immobiliers en plus des droits, honoraires et frais exigibles pour les activit\u00e9s du curateur public.<\/p>\n<p>S\u2019il est convaincu que l\u2019obligation de payer des, honoraires ou frais causerait des difficult\u00e9s indues ou une injustice, le curateur public peut en r\u00e9duire le montant.<\/p>\n<p>Les frais pour sont fix\u00e9s par le gouvernement provincial comme pr\u00e9sent\u00e9s au <a href=\"http:\/\/www.legalaid-aidejuridique-nb.ca\/wp-content\/uploads\/2023\/11\/2008-56-.pdf\" target=\"_blank\" rel=\"noopener noreferrer\">R\u00e8glement du Nouveau-Brunswick 2008-56 pris en vertu de la Loi sur le curateur public.<\/a><\/p>\n<\/div><div class=\"fusion-clearfix\"><\/div><\/div><\/div><\/div><\/div><\/p>\n","protected":false},"excerpt":{"rendered":"","protected":false},"author":1,"featured_media":0,"parent":3222,"menu_order":0,"comment_status":"closed","ping_status":"closed","template":"","meta":{"footnotes":""},"class_list":["post-3430","page","type-page","status-publish","hentry"],"yoast_head":"<!-- This site is optimized with the Yoast SEO plugin v27.3 - https:\/\/yoast.com\/product\/yoast-seo-wordpress\/ -->\n<title>Obtenir de l\u2019aide -<\/title>\n<meta name=\"robots\" content=\"index, follow, max-snippet:-1, max-image-preview:large, max-video-preview:-1\" \/>\n<link rel=\"canonical\" href=\"https:\/\/www.legalaid-aidejuridique-nb.ca\/fr\/services-du-curateur-public\/services-du-curateur-public\/\" \/>\n<meta property=\"og:locale\" content=\"fr_FR\" \/>\n<meta property=\"og:type\" content=\"article\" \/>\n<meta property=\"og:title\" content=\"Obtenir de l\u2019aide -\" \/>\n<meta property=\"og:url\" content=\"https:\/\/www.legalaid-aidejuridique-nb.ca\/fr\/services-du-curateur-public\/services-du-curateur-public\/\" \/>\n<meta property=\"article:modified_time\" content=\"2024-09-25T16:24:05+00:00\" \/>\n<meta property=\"og:image\" content=\"http:\/\/www.legalaid-aidejuridique-nb.ca\/wp-content\/uploads\/2019\/11\/Women-in-wheelchair.jpg\" \/>\n<meta name=\"twitter:card\" content=\"summary_large_image\" \/>\n<meta name=\"twitter:label1\" content=\"Dur\u00e9e de lecture estim\u00e9e\" \/>\n\t<meta name=\"twitter:data1\" content=\"7 minutes\" \/>\n<!-- \/ Yoast SEO plugin. -->","yoast_head_json":{"title":"Obtenir de l\u2019aide -","robots":{"index":"index","follow":"follow","max-snippet":"max-snippet:-1","max-image-preview":"max-image-preview:large","max-video-preview":"max-video-preview:-1"},"canonical":"https:\/\/www.legalaid-aidejuridique-nb.ca\/fr\/services-du-curateur-public\/services-du-curateur-public\/","og_locale":"fr_FR","og_type":"article","og_title":"Obtenir de l\u2019aide -","og_url":"https:\/\/www.legalaid-aidejuridique-nb.ca\/fr\/services-du-curateur-public\/services-du-curateur-public\/","article_modified_time":"2024-09-25T16:24:05+00:00","og_image":[{"url":"http:\/\/www.legalaid-aidejuridique-nb.ca\/wp-content\/uploads\/2019\/11\/Women-in-wheelchair.jpg","type":"","width":"","height":""}],"twitter_card":"summary_large_image","twitter_misc":{"Dur\u00e9e de lecture estim\u00e9e":"7 minutes"},"schema":{"@context":"https:\/\/schema.org","@graph":[{"@type":"WebPage","@id":"https:\/\/www.legalaid-aidejuridique-nb.ca\/fr\/services-du-curateur-public\/services-du-curateur-public\/","url":"https:\/\/www.legalaid-aidejuridique-nb.ca\/fr\/services-du-curateur-public\/services-du-curateur-public\/","name":"Obtenir de l\u2019aide -","isPartOf":{"@id":"https:\/\/www.legalaid-aidejuridique-nb.ca\/fr\/#website"},"primaryImageOfPage":{"@id":"https:\/\/www.legalaid-aidejuridique-nb.ca\/fr\/services-du-curateur-public\/services-du-curateur-public\/#primaryimage"},"image":{"@id":"https:\/\/www.legalaid-aidejuridique-nb.ca\/fr\/services-du-curateur-public\/services-du-curateur-public\/#primaryimage"},"thumbnailUrl":"http:\/\/www.legalaid-aidejuridique-nb.ca\/wp-content\/uploads\/2019\/11\/Women-in-wheelchair.jpg","datePublished":"2019-10-18T20:11:04+00:00","dateModified":"2024-09-25T16:24:05+00:00","breadcrumb":{"@id":"https:\/\/www.legalaid-aidejuridique-nb.ca\/fr\/services-du-curateur-public\/services-du-curateur-public\/#breadcrumb"},"inLanguage":"fr-FR","potentialAction":[{"@type":"ReadAction","target":["https:\/\/www.legalaid-aidejuridique-nb.ca\/fr\/services-du-curateur-public\/services-du-curateur-public\/"]}]},{"@type":"ImageObject","inLanguage":"fr-FR","@id":"https:\/\/www.legalaid-aidejuridique-nb.ca\/fr\/services-du-curateur-public\/services-du-curateur-public\/#primaryimage","url":"http:\/\/www.legalaid-aidejuridique-nb.ca\/wp-content\/uploads\/2019\/11\/Women-in-wheelchair.jpg","contentUrl":"http:\/\/www.legalaid-aidejuridique-nb.ca\/wp-content\/uploads\/2019\/11\/Women-in-wheelchair.jpg"},{"@type":"BreadcrumbList","@id":"https:\/\/www.legalaid-aidejuridique-nb.ca\/fr\/services-du-curateur-public\/services-du-curateur-public\/#breadcrumb","itemListElement":[{"@type":"ListItem","position":1,"name":"Home","item":"https:\/\/www.legalaid-aidejuridique-nb.ca\/fr\/welcome-bienvenue\/"},{"@type":"ListItem","position":2,"name":"Services du curateur public","item":"https:\/\/www.legalaid-aidejuridique-nb.ca\/fr\/public-trustee-services\/"},{"@type":"ListItem","position":3,"name":"Obtenir de l\u2019aide"}]},{"@type":"WebSite","@id":"https:\/\/www.legalaid-aidejuridique-nb.ca\/fr\/#website","url":"https:\/\/www.legalaid-aidejuridique-nb.ca\/fr\/","name":"","description":"","potentialAction":[{"@type":"SearchAction","target":{"@type":"EntryPoint","urlTemplate":"https:\/\/www.legalaid-aidejuridique-nb.ca\/fr\/?s={search_term_string}"},"query-input":{"@type":"PropertyValueSpecification","valueRequired":true,"valueName":"search_term_string"}}],"inLanguage":"fr-FR"}]}},"_links":{"self":[{"href":"https:\/\/www.legalaid-aidejuridique-nb.ca\/fr\/wp-json\/wp\/v2\/pages\/3430","targetHints":{"allow":["GET"]}}],"collection":[{"href":"https:\/\/www.legalaid-aidejuridique-nb.ca\/fr\/wp-json\/wp\/v2\/pages"}],"about":[{"href":"https:\/\/www.legalaid-aidejuridique-nb.ca\/fr\/wp-json\/wp\/v2\/types\/page"}],"author":[{"embeddable":true,"href":"https:\/\/www.legalaid-aidejuridique-nb.ca\/fr\/wp-json\/wp\/v2\/users\/1"}],"replies":[{"embeddable":true,"href":"https:\/\/www.legalaid-aidejuridique-nb.ca\/fr\/wp-json\/wp\/v2\/comments?post=3430"}],"version-history":[{"count":21,"href":"https:\/\/www.legalaid-aidejuridique-nb.ca\/fr\/wp-json\/wp\/v2\/pages\/3430\/revisions"}],"predecessor-version":[{"id":6277,"href":"https:\/\/www.legalaid-aidejuridique-nb.ca\/fr\/wp-json\/wp\/v2\/pages\/3430\/revisions\/6277"}],"up":[{"embeddable":true,"href":"https:\/\/www.legalaid-aidejuridique-nb.ca\/fr\/wp-json\/wp\/v2\/pages\/3222"}],"wp:attachment":[{"href":"https:\/\/www.legalaid-aidejuridique-nb.ca\/fr\/wp-json\/wp\/v2\/media?parent=3430"}],"curies":[{"name":"wp","href":"https:\/\/api.w.org\/{rel}","templated":true}]}}