{"id":3392,"date":"2019-10-14T02:48:12","date_gmt":"2019-10-14T02:48:12","guid":{"rendered":"http:\/\/www.legalaid-aidejuridique-nb.ca\/dev\/?page_id=3392"},"modified":"2020-12-03T18:35:43","modified_gmt":"2020-12-03T18:35:43","slug":"avocat-conseil-en-droit-de-la-famille","status":"publish","type":"page","link":"https:\/\/www.legalaid-aidejuridique-nb.ca\/fr\/services-en-droit-de-la-famille\/avocat-conseil-en-droit-de-la-famille\/","title":{"rendered":"Avocat-conseil en droit de la famille"},"content":{"rendered":"<p><div class=\"fusion-fullwidth fullwidth-box fusion-builder-row-1 nonhundred-percent-fullwidth non-hundred-percent-height-scrolling\" style=\"--awb-border-radius-top-left:0px;--awb-border-radius-top-right:0px;--awb-border-radius-bottom-right:0px;--awb-border-radius-bottom-left:0px;--awb-flex-wrap:wrap;\" ><div class=\"fusion-builder-row fusion-row\"><div class=\"fusion-layout-column fusion_builder_column fusion-builder-column-0 fusion_builder_column_1_1 1_1 fusion-one-full fusion-column-first fusion-column-last\" style=\"--awb-padding-top:0px;--awb-padding-right:0px;--awb-padding-bottom:0px;--awb-padding-left:0px;--awb-bg-size:cover;--awb-margin-bottom:0px;\"><div class=\"fusion-column-wrapper fusion-column-has-shadow fusion-flex-column-wrapper-legacy\"><div class=\"fusion-title title fusion-title-1 fusion-title-text fusion-title-size-one\" style=\"--awb-margin-top-small:0px;--awb-margin-right-small:0px;--awb-margin-bottom-small:20px;--awb-margin-left-small:0px;\"><h1 class=\"fusion-title-heading title-heading-left fusion-responsive-typography-calculated\" style=\"margin:0;--fontSize:30;line-height:1.14;\">Avocat-conseil en droit de la famille<\/h1><span class=\"awb-title-spacer\"><\/span><div class=\"title-sep-container\"><div class=\"title-sep sep- sep-solid\" style=\"border-color:#e2e2e2;\"><\/div><\/div><\/div><div class=\"fusion-clearfix\"><\/div><\/div><\/div><\/div><\/div><div class=\"fusion-fullwidth fullwidth-box fusion-builder-row-2 nonhundred-percent-fullwidth non-hundred-percent-height-scrolling\" style=\"--awb-border-radius-top-left:0px;--awb-border-radius-top-right:0px;--awb-border-radius-bottom-right:0px;--awb-border-radius-bottom-left:0px;--awb-flex-wrap:wrap;\" ><div class=\"fusion-builder-row fusion-row\"><div class=\"fusion-layout-column fusion_builder_column fusion-builder-column-1 fusion_builder_column_1_1 1_1 fusion-one-full fusion-column-first fusion-column-last\" style=\"--awb-bg-size:cover;\"><div class=\"fusion-column-wrapper fusion-column-has-shadow fusion-flex-column-wrapper-legacy\"><div class=\"fusion-text fusion-text-1\"><p>Des services d&rsquo;avocat-conseil en droit de la famille sont disponibles concernant :<\/p>\n<ol>\n<li>Une ordonnance d\u2019intervention d\u2019urgence obtenue en vertu de la Loi sur l\u2019intervention en mati\u00e8re de violence entre partenaires intimes; ou une ordonnance de protection d\u2019urgence obtenue en vertu de la Loi sur les foyers familiaux situ\u00e9s dans les r\u00e9serves et les droits ou int\u00e9r\u00eats matrimoniaux.<\/li>\n<\/ol>\n<ul>\n<li>Si vous \u00eates nomm\u00e9(e) en vertu d&rsquo;une ordonnance d&rsquo;intervention d&rsquo;urgence ou d&rsquo;une ordonnance de protection d&rsquo;urgence, un avocat-conseil en droit de la famille peut expliquer l&rsquo;ordonnance et les proc\u00e9dures pr\u00e9vues dans la Loi. Un rendez-vous d&rsquo;une heure est permis pour cela.<\/li>\n<li>Si le policier\/sh\u00e9rif n&rsquo;est pas capable de servir une ordonnance d&rsquo;intervention d&rsquo;urgence \u00e0 l&rsquo;intim\u00e9(e), un avocat-conseil en droit de la famille peut vous aider \u00e0 pr\u00e9parer une motion pour obtenir une ordonnance pour signification indirecte, si n\u00e9cessaire. Un rendez-vous pouvant aller jusqu&rsquo;\u00e0 deux heures est autoris\u00e9 cela.<\/li>\n<\/ul>\n<p>Pour prendre rendez-vous en ce qui concerne les services ci-dessus, appelez sans frais au 1\u2011855\u2011266\u20110266.<\/p>\n<ol start=\"2\">\n<li>Toutes les autres mati\u00e8res en droit de la famille.<\/li>\n<\/ol>\n<p>Un avocat-conseil en droit de la famille peut expliquer le fonctionnement du tribunal, les r\u00e8gles de proc\u00e9dure, et les formulaires \u00e0 remplir dans le cadre de poursuites en droit de la famille; or fournir des renseignements g\u00e9n\u00e9raux sur les questions de droit de la famille.<\/p>\n<h2><\/h2>\n<h2>Moncton<\/h2>\n<p>Les services d\u2019un avocats-conseil en droit de la famille sont disponibles au Centre d\u2019information juridique sur le droit de la famille. Si vous habitez \u00e0 Moncton, composez le (506) 856-3131 pour prendre rendez-vous.<\/p>\n<p>Centre d\u2019information juridique sur le droit de la famille<br \/>\nC.P. 5001<br \/>\n145 boul. Assomption<br \/>\nMoncton, NB E1C 8R3<\/p>\n<h2><\/h2>\n<h2>Saint John<\/h2>\n<p>Les services d\u2019un avocat-conseil en droit de la famille sont disponibles au Centre d\u2019information juridique sur le droit de la famille \u00e0 Saint John. Si vous habitez dans cette r\u00e9gion, composez le (506) 658-6361 pour prendre rendez-vous.<\/p>\n<p>Centre d&rsquo;information sur le droit de la famille de Saint John<br \/>\nServices judiciaires &#8211; Droit de la famille<br \/>\n10 Peel Plaza, \u00e9tage 2B<br \/>\nCP 5001<br \/>\nSaint John NB\u00a0 E2L 4Y9<\/p>\n<h2><\/h2>\n<h2>Autres r\u00e9gions du Nouveau-Brunswick :<\/h2>\n<p>Les individus r\u00e9sidant dans d&rsquo;autres r\u00e9gions du Nouveau-Brunswick peuvent composer le 1-855-266-0266 (sans frais) pour trouver un avocat-conseil en droit de la famille dans leur r\u00e9gion.<\/p>\n<\/div><div class=\"fusion-clearfix\"><\/div><\/div><\/div><\/div><\/div><\/p>\n","protected":false},"excerpt":{"rendered":"","protected":false},"author":1,"featured_media":0,"parent":3218,"menu_order":0,"comment_status":"closed","ping_status":"closed","template":"","meta":{"footnotes":""},"class_list":["post-3392","page","type-page","status-publish","hentry"],"yoast_head":"<!-- This site is optimized with the Yoast SEO plugin v27.3 - https:\/\/yoast.com\/product\/yoast-seo-wordpress\/ -->\n<title>Avocat-conseil en droit de la famille -<\/title>\n<meta name=\"robots\" content=\"index, follow, max-snippet:-1, max-image-preview:large, max-video-preview:-1\" \/>\n<link rel=\"canonical\" href=\"https:\/\/www.legalaid-aidejuridique-nb.ca\/fr\/services-en-droit-de-la-famille\/avocat-conseil-en-droit-de-la-famille\/\" \/>\n<meta property=\"og:locale\" content=\"fr_FR\" \/>\n<meta property=\"og:type\" content=\"article\" \/>\n<meta property=\"og:title\" content=\"Avocat-conseil en droit de la famille -\" \/>\n<meta property=\"og:url\" content=\"https:\/\/www.legalaid-aidejuridique-nb.ca\/fr\/services-en-droit-de-la-famille\/avocat-conseil-en-droit-de-la-famille\/\" \/>\n<meta property=\"article:modified_time\" content=\"2020-12-03T18:35:43+00:00\" \/>\n<meta name=\"twitter:card\" content=\"summary_large_image\" \/>\n<meta name=\"twitter:label1\" content=\"Dur\u00e9e de lecture estim\u00e9e\" \/>\n\t<meta name=\"twitter:data1\" content=\"5 minutes\" \/>\n<!-- \/ Yoast SEO plugin. -->","yoast_head_json":{"title":"Avocat-conseil en droit de la famille -","robots":{"index":"index","follow":"follow","max-snippet":"max-snippet:-1","max-image-preview":"max-image-preview:large","max-video-preview":"max-video-preview:-1"},"canonical":"https:\/\/www.legalaid-aidejuridique-nb.ca\/fr\/services-en-droit-de-la-famille\/avocat-conseil-en-droit-de-la-famille\/","og_locale":"fr_FR","og_type":"article","og_title":"Avocat-conseil en droit de la famille -","og_url":"https:\/\/www.legalaid-aidejuridique-nb.ca\/fr\/services-en-droit-de-la-famille\/avocat-conseil-en-droit-de-la-famille\/","article_modified_time":"2020-12-03T18:35:43+00:00","twitter_card":"summary_large_image","twitter_misc":{"Dur\u00e9e de lecture estim\u00e9e":"5 minutes"},"schema":{"@context":"https:\/\/schema.org","@graph":[{"@type":"WebPage","@id":"https:\/\/www.legalaid-aidejuridique-nb.ca\/fr\/services-en-droit-de-la-famille\/avocat-conseil-en-droit-de-la-famille\/","url":"https:\/\/www.legalaid-aidejuridique-nb.ca\/fr\/services-en-droit-de-la-famille\/avocat-conseil-en-droit-de-la-famille\/","name":"Avocat-conseil en droit de la famille -","isPartOf":{"@id":"https:\/\/www.legalaid-aidejuridique-nb.ca\/fr\/#website"},"datePublished":"2019-10-14T02:48:12+00:00","dateModified":"2020-12-03T18:35:43+00:00","breadcrumb":{"@id":"https:\/\/www.legalaid-aidejuridique-nb.ca\/fr\/services-en-droit-de-la-famille\/avocat-conseil-en-droit-de-la-famille\/#breadcrumb"},"inLanguage":"fr-FR","potentialAction":[{"@type":"ReadAction","target":["https:\/\/www.legalaid-aidejuridique-nb.ca\/fr\/services-en-droit-de-la-famille\/avocat-conseil-en-droit-de-la-famille\/"]}]},{"@type":"BreadcrumbList","@id":"https:\/\/www.legalaid-aidejuridique-nb.ca\/fr\/services-en-droit-de-la-famille\/avocat-conseil-en-droit-de-la-famille\/#breadcrumb","itemListElement":[{"@type":"ListItem","position":1,"name":"Home","item":"https:\/\/www.legalaid-aidejuridique-nb.ca\/fr\/welcome-bienvenue\/"},{"@type":"ListItem","position":2,"name":"Services en droit de la famille","item":"https:\/\/www.legalaid-aidejuridique-nb.ca\/fr\/family-law-services\/"},{"@type":"ListItem","position":3,"name":"Avocat-conseil en droit de la famille"}]},{"@type":"WebSite","@id":"https:\/\/www.legalaid-aidejuridique-nb.ca\/fr\/#website","url":"https:\/\/www.legalaid-aidejuridique-nb.ca\/fr\/","name":"","description":"","potentialAction":[{"@type":"SearchAction","target":{"@type":"EntryPoint","urlTemplate":"https:\/\/www.legalaid-aidejuridique-nb.ca\/fr\/?s={search_term_string}"},"query-input":{"@type":"PropertyValueSpecification","valueRequired":true,"valueName":"search_term_string"}}],"inLanguage":"fr-FR"}]}},"_links":{"self":[{"href":"https:\/\/www.legalaid-aidejuridique-nb.ca\/fr\/wp-json\/wp\/v2\/pages\/3392","targetHints":{"allow":["GET"]}}],"collection":[{"href":"https:\/\/www.legalaid-aidejuridique-nb.ca\/fr\/wp-json\/wp\/v2\/pages"}],"about":[{"href":"https:\/\/www.legalaid-aidejuridique-nb.ca\/fr\/wp-json\/wp\/v2\/types\/page"}],"author":[{"embeddable":true,"href":"https:\/\/www.legalaid-aidejuridique-nb.ca\/fr\/wp-json\/wp\/v2\/users\/1"}],"replies":[{"embeddable":true,"href":"https:\/\/www.legalaid-aidejuridique-nb.ca\/fr\/wp-json\/wp\/v2\/comments?post=3392"}],"version-history":[{"count":6,"href":"https:\/\/www.legalaid-aidejuridique-nb.ca\/fr\/wp-json\/wp\/v2\/pages\/3392\/revisions"}],"predecessor-version":[{"id":4463,"href":"https:\/\/www.legalaid-aidejuridique-nb.ca\/fr\/wp-json\/wp\/v2\/pages\/3392\/revisions\/4463"}],"up":[{"embeddable":true,"href":"https:\/\/www.legalaid-aidejuridique-nb.ca\/fr\/wp-json\/wp\/v2\/pages\/3218"}],"wp:attachment":[{"href":"https:\/\/www.legalaid-aidejuridique-nb.ca\/fr\/wp-json\/wp\/v2\/media?parent=3392"}],"curies":[{"name":"wp","href":"https:\/\/api.w.org\/{rel}","templated":true}]}}