{"id":3380,"date":"2019-10-14T01:17:03","date_gmt":"2019-10-14T01:17:03","guid":{"rendered":"http:\/\/www.legalaid-aidejuridique-nb.ca\/dev\/?page_id=3380"},"modified":"2023-03-03T14:00:03","modified_gmt":"2023-03-03T18:00:03","slug":"avocat-de-service-en-droit-de-la-famille","status":"publish","type":"page","link":"https:\/\/www.legalaid-aidejuridique-nb.ca\/fr\/services-en-droit-de-la-famille\/avocat-de-service-en-droit-de-la-famille\/","title":{"rendered":"Avocat de service en droit de la famille"},"content":{"rendered":"<p><div class=\"fusion-fullwidth fullwidth-box fusion-builder-row-1 nonhundred-percent-fullwidth non-hundred-percent-height-scrolling\" style=\"--awb-border-radius-top-left:0px;--awb-border-radius-top-right:0px;--awb-border-radius-bottom-right:0px;--awb-border-radius-bottom-left:0px;--awb-flex-wrap:wrap;\" ><div class=\"fusion-builder-row fusion-row\"><div class=\"fusion-layout-column fusion_builder_column fusion-builder-column-0 fusion_builder_column_1_1 1_1 fusion-one-full fusion-column-first fusion-column-last\" style=\"--awb-padding-top:0px;--awb-padding-right:0px;--awb-padding-bottom:0px;--awb-padding-left:0px;--awb-bg-size:cover;--awb-margin-bottom:0px;\"><div class=\"fusion-column-wrapper fusion-column-has-shadow fusion-flex-column-wrapper-legacy\"><div class=\"fusion-title title fusion-title-1 fusion-title-text fusion-title-size-one\" style=\"--awb-margin-top-small:0px;--awb-margin-right-small:0px;--awb-margin-bottom-small:20px;--awb-margin-left-small:0px;\"><h1 class=\"fusion-title-heading title-heading-left fusion-responsive-typography-calculated\" style=\"margin:0;--fontSize:30;line-height:1.14;\">Avocat de service en droit de la famille<\/h1><span class=\"awb-title-spacer\"><\/span><div class=\"title-sep-container\"><div class=\"title-sep sep- sep-solid\" style=\"border-color:#e2e2e2;\"><\/div><\/div><\/div><div class=\"fusion-clearfix\"><\/div><\/div><\/div><\/div><\/div><div class=\"fusion-fullwidth fullwidth-box fusion-builder-row-2 nonhundred-percent-fullwidth non-hundred-percent-height-scrolling\" style=\"--awb-border-radius-top-left:0px;--awb-border-radius-top-right:0px;--awb-border-radius-bottom-right:0px;--awb-border-radius-bottom-left:0px;--awb-flex-wrap:wrap;\" ><div class=\"fusion-builder-row fusion-row\"><div class=\"fusion-layout-column fusion_builder_column fusion-builder-column-1 fusion_builder_column_1_1 1_1 fusion-one-full fusion-column-first fusion-column-last\" style=\"--awb-bg-size:cover;\"><div class=\"fusion-column-wrapper fusion-column-has-shadow fusion-flex-column-wrapper-legacy\"><div class=\"fusion-text fusion-text-1\"><p>La CSAJNB fournit une s\u00e9ance de consultation d\u2019un avocat de service pour une premi\u00e8re comparution dans tous les cas suivants :<\/p>\n<ul>\n<li>Tous les intim\u00e9s nomm\u00e9s dans une affaire de protection de l\u2019adulte ou l&rsquo;enfant port\u00e9e devant un tribunal par le ministre du D\u00e9veloppement social;<\/li>\n<li>Tous les intim\u00e9s nomm\u00e9s dans une affaire port\u00e9e devant le tribunal par une partie repr\u00e9sent\u00e9e par un avocat de la CSAJNB;<\/li>\n<li>Toutes les affaires port\u00e9es devant un tribunal par le directeur, Ex\u00e9cution des ordonnances;<\/li>\n<li>Toutes les demandes d\u2019ordonnances de soutien pr\u00e9sent\u00e9es au nom du ministre du D\u00e9veloppement social \u2013 Division des ressources humaines;<\/li>\n<li>Toutes les affaires soumises au tribunal au nom du procureur g\u00e9n\u00e9ral en vertu de la Loi sur l&rsquo;\u00e9tablissement et l&rsquo;ex\u00e9cution r\u00e9ciproque des ordonnances de soutien;<\/li>\n<li>Toutes les audiences en confirmation demand\u00e9es par un repr\u00e9sentant du Procureur g\u00e9n\u00e9ral en vertu de la <em>Loi sur le divorce<\/em>.<\/li>\n<\/ul>\n<p>La CSAJNB fournit \u00e9galement des avocats de service \u00e0 toutes les parties non repr\u00e9sent\u00e9es nomm\u00e9es dans une instance port\u00e9e devant la Cour dans les situations indiqu\u00e9es ici-bas. Ces services sont disponibles pour toutes les audiences, et non pas seulement pour la premi\u00e8re comparution.<\/p>\n<ul>\n<li>Audience d&rsquo;examen en vertu de l\u2019article 8(3) de la Loi sur l\u2019intervention en mati\u00e8re de violence entre partenaires intimes;<\/li>\n<li>Audience de modification en vertu de l\u2019article 9(1) de la Loi sur l\u2019intervention en mati\u00e8re de violence entre partenaires intimes;<\/li>\n<li>Audience en vertu de l\u2019article 17(8) de la Loi sur les foyers familiaux situ\u00e9s dans les r\u00e9serves et les droits ou int\u00e9r\u00eats matrimoniaux;<\/li>\n<li>Audience de modification en vertu de l\u2019article 18(1) de la Loi sur les foyers familiaux situ\u00e9s dans les r\u00e9serves et les droits ou int\u00e9r\u00eats matrimoniaux; et<\/li>\n<li>Les demandeurs non repr\u00e9sent\u00e9s dans les audiences de signification indirecte en vertu de l\u2019article 10(4) du r\u00e8glement de la Loi sur l\u2019intervention en mati\u00e8re de violence entre partenaires intimes.<\/li>\n<\/ul>\n<p>En raison de la nature sommaire de l&rsquo;assistance d&rsquo;un avocat de service, la fonction d&rsquo;un avocat de service est limit\u00e9e \u00e0 ce qui suit lors de leur comparution durant de la premi\u00e8re comparution du dossier:<\/p>\n<ul>\n<li>Conseiller les parties non repr\u00e9sent\u00e9es sur leurs droits et obligations juridiques ;<\/li>\n<li>Examiner les documents judiciaires et aider \u00e0 pr\u00e9parer les \u00e9tats financiers dans des circonstances limit\u00e9es\u00a0; et<\/li>\n<li>Demander des ajournements; obtenir des ordonnances de consentement\u00a0; participer aux audiences non contest\u00e9es concernant la garde, le droit de visite et la pension alimentaire lorsque les probl\u00e8mes ne sont pas complexes\u00a0; assister lors des audiences de d\u00e9faut et de \u00ab justification \u00bb ; et participer aux audiences de r\u00e9vision\/modification en vertu de la Loi et du R\u00e8glement sur l&rsquo;intervention en mati\u00e8re de violence entre partenaires intimes et de la Loi sur les foyers familiaux situ\u00e9s dans les r\u00e9serves et les droits ou int\u00e9r\u00eats matrimoniaux.<\/li>\n<\/ul>\n<h2>Pour soumettre une demande<\/h2>\n<p>Les intim\u00e9s peuvent demander l\u2019aide de l\u2019avocat de service pour certaines affaires relevant du droit de la famille alors m\u00eame qu\u2019ils sont au tribunal, mais ils sont toutefois encourag\u00e9s \u00e0 communiquer avec leur bureau local pour savoir \u00e0 quoi ils ont droit de la part de l\u2019avocat de service. Les intim\u00e9s devraient se pr\u00e9senter au palais de justice 30 minutes avant l\u2019heure pr\u00e9vue pour leur comparution.<\/p>\n<p>Il n\u2019existe aucun crit\u00e8re d\u2019admissibilit\u00e9 financi\u00e8re ni de co\u00fbts pour acc\u00e9der les services d\u2019un avocat de service en droit de la famille.<\/p>\n<\/div><div class=\"fusion-clearfix\"><\/div><\/div><\/div><\/div><\/div><\/p>\n","protected":false},"excerpt":{"rendered":"","protected":false},"author":1,"featured_media":0,"parent":3218,"menu_order":0,"comment_status":"closed","ping_status":"closed","template":"","meta":{"footnotes":""},"class_list":["post-3380","page","type-page","status-publish","hentry"],"yoast_head":"<!-- This site is optimized with the Yoast SEO plugin v27.3 - https:\/\/yoast.com\/product\/yoast-seo-wordpress\/ -->\n<title>Avocat de service en droit de la famille -<\/title>\n<meta name=\"robots\" content=\"index, follow, max-snippet:-1, max-image-preview:large, max-video-preview:-1\" \/>\n<link rel=\"canonical\" href=\"https:\/\/www.legalaid-aidejuridique-nb.ca\/fr\/services-en-droit-de-la-famille\/avocat-de-service-en-droit-de-la-famille\/\" \/>\n<meta property=\"og:locale\" content=\"fr_FR\" \/>\n<meta property=\"og:type\" content=\"article\" \/>\n<meta property=\"og:title\" content=\"Avocat de service en droit de la famille -\" \/>\n<meta property=\"og:url\" content=\"https:\/\/www.legalaid-aidejuridique-nb.ca\/fr\/services-en-droit-de-la-famille\/avocat-de-service-en-droit-de-la-famille\/\" \/>\n<meta property=\"article:modified_time\" content=\"2023-03-03T18:00:03+00:00\" \/>\n<meta name=\"twitter:card\" content=\"summary_large_image\" \/>\n<meta name=\"twitter:label1\" content=\"Dur\u00e9e de lecture estim\u00e9e\" \/>\n\t<meta name=\"twitter:data1\" content=\"4 minutes\" \/>\n<!-- \/ Yoast SEO plugin. -->","yoast_head_json":{"title":"Avocat de service en droit de la famille -","robots":{"index":"index","follow":"follow","max-snippet":"max-snippet:-1","max-image-preview":"max-image-preview:large","max-video-preview":"max-video-preview:-1"},"canonical":"https:\/\/www.legalaid-aidejuridique-nb.ca\/fr\/services-en-droit-de-la-famille\/avocat-de-service-en-droit-de-la-famille\/","og_locale":"fr_FR","og_type":"article","og_title":"Avocat de service en droit de la famille -","og_url":"https:\/\/www.legalaid-aidejuridique-nb.ca\/fr\/services-en-droit-de-la-famille\/avocat-de-service-en-droit-de-la-famille\/","article_modified_time":"2023-03-03T18:00:03+00:00","twitter_card":"summary_large_image","twitter_misc":{"Dur\u00e9e de lecture estim\u00e9e":"4 minutes"},"schema":{"@context":"https:\/\/schema.org","@graph":[{"@type":"WebPage","@id":"https:\/\/www.legalaid-aidejuridique-nb.ca\/fr\/services-en-droit-de-la-famille\/avocat-de-service-en-droit-de-la-famille\/","url":"https:\/\/www.legalaid-aidejuridique-nb.ca\/fr\/services-en-droit-de-la-famille\/avocat-de-service-en-droit-de-la-famille\/","name":"Avocat de service en droit de la famille -","isPartOf":{"@id":"https:\/\/www.legalaid-aidejuridique-nb.ca\/fr\/#website"},"datePublished":"2019-10-14T01:17:03+00:00","dateModified":"2023-03-03T18:00:03+00:00","breadcrumb":{"@id":"https:\/\/www.legalaid-aidejuridique-nb.ca\/fr\/services-en-droit-de-la-famille\/avocat-de-service-en-droit-de-la-famille\/#breadcrumb"},"inLanguage":"fr-FR","potentialAction":[{"@type":"ReadAction","target":["https:\/\/www.legalaid-aidejuridique-nb.ca\/fr\/services-en-droit-de-la-famille\/avocat-de-service-en-droit-de-la-famille\/"]}]},{"@type":"BreadcrumbList","@id":"https:\/\/www.legalaid-aidejuridique-nb.ca\/fr\/services-en-droit-de-la-famille\/avocat-de-service-en-droit-de-la-famille\/#breadcrumb","itemListElement":[{"@type":"ListItem","position":1,"name":"Home","item":"https:\/\/www.legalaid-aidejuridique-nb.ca\/fr\/welcome-bienvenue\/"},{"@type":"ListItem","position":2,"name":"Services en droit de la famille","item":"https:\/\/www.legalaid-aidejuridique-nb.ca\/fr\/family-law-services\/"},{"@type":"ListItem","position":3,"name":"Avocat de service en droit de la famille"}]},{"@type":"WebSite","@id":"https:\/\/www.legalaid-aidejuridique-nb.ca\/fr\/#website","url":"https:\/\/www.legalaid-aidejuridique-nb.ca\/fr\/","name":"","description":"","potentialAction":[{"@type":"SearchAction","target":{"@type":"EntryPoint","urlTemplate":"https:\/\/www.legalaid-aidejuridique-nb.ca\/fr\/?s={search_term_string}"},"query-input":{"@type":"PropertyValueSpecification","valueRequired":true,"valueName":"search_term_string"}}],"inLanguage":"fr-FR"}]}},"_links":{"self":[{"href":"https:\/\/www.legalaid-aidejuridique-nb.ca\/fr\/wp-json\/wp\/v2\/pages\/3380","targetHints":{"allow":["GET"]}}],"collection":[{"href":"https:\/\/www.legalaid-aidejuridique-nb.ca\/fr\/wp-json\/wp\/v2\/pages"}],"about":[{"href":"https:\/\/www.legalaid-aidejuridique-nb.ca\/fr\/wp-json\/wp\/v2\/types\/page"}],"author":[{"embeddable":true,"href":"https:\/\/www.legalaid-aidejuridique-nb.ca\/fr\/wp-json\/wp\/v2\/users\/1"}],"replies":[{"embeddable":true,"href":"https:\/\/www.legalaid-aidejuridique-nb.ca\/fr\/wp-json\/wp\/v2\/comments?post=3380"}],"version-history":[{"count":5,"href":"https:\/\/www.legalaid-aidejuridique-nb.ca\/fr\/wp-json\/wp\/v2\/pages\/3380\/revisions"}],"predecessor-version":[{"id":5651,"href":"https:\/\/www.legalaid-aidejuridique-nb.ca\/fr\/wp-json\/wp\/v2\/pages\/3380\/revisions\/5651"}],"up":[{"embeddable":true,"href":"https:\/\/www.legalaid-aidejuridique-nb.ca\/fr\/wp-json\/wp\/v2\/pages\/3218"}],"wp:attachment":[{"href":"https:\/\/www.legalaid-aidejuridique-nb.ca\/fr\/wp-json\/wp\/v2\/media?parent=3380"}],"curies":[{"name":"wp","href":"https:\/\/api.w.org\/{rel}","templated":true}]}}