{"id":3366,"date":"2019-10-14T00:48:47","date_gmt":"2019-10-14T00:48:47","guid":{"rendered":"http:\/\/www.legalaid-aidejuridique-nb.ca\/dev\/?page_id=3366"},"modified":"2020-10-23T16:56:30","modified_gmt":"2020-10-23T16:56:30","slug":"avocat-de-service","status":"publish","type":"page","link":"https:\/\/www.legalaid-aidejuridique-nb.ca\/fr\/services-en-droit-criminel\/avocat-de-service\/","title":{"rendered":"Avocat de service"},"content":{"rendered":"<p><div class=\"fusion-fullwidth fullwidth-box fusion-builder-row-1 nonhundred-percent-fullwidth non-hundred-percent-height-scrolling\" style=\"--awb-border-radius-top-left:0px;--awb-border-radius-top-right:0px;--awb-border-radius-bottom-right:0px;--awb-border-radius-bottom-left:0px;--awb-flex-wrap:wrap;\" ><div class=\"fusion-builder-row fusion-row\"><div class=\"fusion-layout-column fusion_builder_column fusion-builder-column-0 fusion_builder_column_1_1 1_1 fusion-one-full fusion-column-first fusion-column-last\" style=\"--awb-padding-top:0px;--awb-padding-right:0px;--awb-padding-bottom:0px;--awb-padding-left:0px;--awb-bg-size:cover;--awb-margin-bottom:0px;\"><div class=\"fusion-column-wrapper fusion-column-has-shadow fusion-flex-column-wrapper-legacy\"><div class=\"fusion-title title fusion-title-1 fusion-title-text fusion-title-size-one\" style=\"--awb-margin-top-small:0px;--awb-margin-right-small:0px;--awb-margin-bottom-small:20px;--awb-margin-left-small:0px;\"><h1 class=\"fusion-title-heading title-heading-left fusion-responsive-typography-calculated\" style=\"margin:0;--fontSize:30;line-height:1.14;\">Avocat de service<\/h1><span class=\"awb-title-spacer\"><\/span><div class=\"title-sep-container\"><div class=\"title-sep sep- sep-solid\" style=\"border-color:#e2e2e2;\"><\/div><\/div><\/div><div class=\"fusion-clearfix\"><\/div><\/div><\/div><\/div><\/div><div class=\"fusion-fullwidth fullwidth-box fusion-builder-row-2 nonhundred-percent-fullwidth non-hundred-percent-height-scrolling\" style=\"--awb-border-radius-top-left:0px;--awb-border-radius-top-right:0px;--awb-border-radius-bottom-right:0px;--awb-border-radius-bottom-left:0px;--awb-flex-wrap:wrap;\" ><div class=\"fusion-builder-row fusion-row\"><div class=\"fusion-layout-column fusion_builder_column fusion-builder-column-1 fusion_builder_column_1_1 1_1 fusion-one-full fusion-column-first fusion-column-last\" style=\"--awb-bg-size:cover;\"><div class=\"fusion-column-wrapper fusion-column-has-shadow fusion-flex-column-wrapper-legacy\"><div class=\"fusion-text fusion-text-1\"><p>Dans certaines affaires p\u00e9nales, vous pourriez avoir droit aux conseils de l\u2019avocat de service au palais de justice. L\u2019avocat de service peut vous expliquer le processus judiciaire et vous donner un avis officieux sur l\u2019opportunit\u00e9 d\u2019inscrire un plaidoyer, il peut demander un ajournement et il peut compara\u00eetre \u00e0 l\u2019enqu\u00eate sur le cautionnement ou \u00e0 l\u2019audience sur l\u2019imposition de la peine. L\u2019avocat de service peut compara\u00eetre avec l\u2019accus\u00e9 pour inscrire un plaidoyer, mais il ne peut pas repr\u00e9senter l\u2019accus\u00e9 ni compara\u00eetre au proc\u00e8s.<\/p>\n<p>N\u2019importe qui peut demander l\u2019aide de l\u2019avocat de service pour certaines affaires p\u00e9nales au tribunal m\u00eame. Veillez \u00e0 arriver t\u00f4t.<\/p>\n<p>Il n\u2019existe aucun crit\u00e8re d\u2019admissibilit\u00e9 financi\u00e8re ni de co\u00fbts pour acc\u00e9der les services d\u2019un avocat de service.<\/p>\n<h2>Avocat de service sp\u00e9cialis\u00e9<\/h2>\n<p>L&rsquo;Aide juridique fournit \u00e9galement des services d&rsquo;avocat de service pour les tribunaux sp\u00e9cialis\u00e9s suivants.<\/p>\n<p>Il n\u2019existe aucun crit\u00e8re d\u2019admissibilit\u00e9 financi\u00e8re ni de co\u00fbts pour acc\u00e9der les services d\u2019un avocat de service sp\u00e9cialis\u00e9.<\/p>\n<\/div><div class=\"fusion-tabs fusion-tabs-1 classic nav-is-justified horizontal-tabs icon-position-left mobile-mode-accordion\" style=\"--awb-title-border-radius-top-left:0px;--awb-title-border-radius-top-right:0px;--awb-title-border-radius-bottom-right:0px;--awb-title-border-radius-bottom-left:0px;--awb-inactive-color:#e5e5e5;--awb-background-color:#ffffff;--awb-border-color:#3c6d29;--awb-active-border-color:#545d2f;\"><div class=\"nav\"><ul class=\"nav-tabs nav-justified\" role=\"tablist\"><li class=\"active\" role=\"presentation\"><a class=\"tab-link\" data-toggle=\"tab\" role=\"tab\" aria-controls=\"tab-0fe85cdec9f1215dee5\" aria-selected=\"true\" id=\"fusion-tab-tribunaldelasant\u00e9mentale\" href=\"#tab-0fe85cdec9f1215dee5\"><h4 class=\"fusion-tab-heading\">Tribunal de la sant\u00e9 mentale <\/h4><\/a><\/li><li role=\"presentation\"><a class=\"tab-link\" data-toggle=\"tab\" role=\"tab\" aria-controls=\"tab-3f1250a3c0b510d294c\" aria-selected=\"false\" tabindex=\"-1\" id=\"fusion-tab-commissionderecoursdelasant\u00e9mentale\" href=\"#tab-3f1250a3c0b510d294c\"><h4 class=\"fusion-tab-heading\">Commission de recours de la sant\u00e9 mentale<\/h4><\/a><\/li><li role=\"presentation\"><a class=\"tab-link\" data-toggle=\"tab\" role=\"tab\" aria-controls=\"tab-8894e2052386b604502\" aria-selected=\"false\" tabindex=\"-1\" id=\"fusion-tab-tribunalcharg\u00e9descausesdeviolencefamiliale\" href=\"#tab-8894e2052386b604502\"><h4 class=\"fusion-tab-heading\">Tribunal charg\u00e9 des causes de violence familiale<\/h4><\/a><\/li><li role=\"presentation\"><a class=\"tab-link\" data-toggle=\"tab\" role=\"tab\" aria-controls=\"tab-9b847d1dc4e7b1c5dd6\" aria-selected=\"false\" tabindex=\"-1\" id=\"fusion-tab-elsipogtogtribunaldumieux-\u00eatre\" href=\"#tab-9b847d1dc4e7b1c5dd6\"><h4 class=\"fusion-tab-heading\">Elsipogtog tribunal du mieux-\u00eatre<\/h4><\/a><\/li><\/ul><\/div><div class=\"tab-content\"><div class=\"nav fusion-mobile-tab-nav\"><ul class=\"nav-tabs nav-justified\" role=\"tablist\"><li class=\"active\" role=\"presentation\"><a class=\"tab-link\" data-toggle=\"tab\" role=\"tab\" aria-controls=\"tab-0fe85cdec9f1215dee5\" aria-selected=\"true\" id=\"mobile-fusion-tab-tribunaldelasant\u00e9mentale\" href=\"#tab-0fe85cdec9f1215dee5\"><h4 class=\"fusion-tab-heading\">Tribunal de la sant\u00e9 mentale <\/h4><\/a><\/li><\/ul><\/div><div class=\"tab-pane fade fusion-clearfix in active\" role=\"tabpanel\" tabindex=\"0\" aria-labelledby=\"fusion-tab-tribunaldelasant\u00e9mentale\" id=\"tab-0fe85cdec9f1215dee5\">\n<p>Le tribunal de la sant\u00e9 mentale fonctionne dans le cadre de la Cour provincial \u00e0 Saint John. L\u2019avocat de service de la CSAJNB collabore avec une \u00e9quipe interdisciplinaire et intervient \u00e0 plusieurs reprises dans des conf\u00e9rences de cas, jusqu\u2019\u00e0 ce que le jugement soit rendu.<\/p>\n<\/div><div class=\"nav fusion-mobile-tab-nav\"><ul class=\"nav-tabs nav-justified\" role=\"tablist\"><li role=\"presentation\"><a class=\"tab-link\" data-toggle=\"tab\" role=\"tab\" aria-controls=\"tab-3f1250a3c0b510d294c\" aria-selected=\"false\" tabindex=\"-1\" id=\"mobile-fusion-tab-commissionderecoursdelasant\u00e9mentale\" href=\"#tab-3f1250a3c0b510d294c\"><h4 class=\"fusion-tab-heading\">Commission de recours de la sant\u00e9 mentale<\/h4><\/a><\/li><\/ul><\/div><div class=\"tab-pane fade fusion-clearfix\" role=\"tabpanel\" tabindex=\"0\" aria-labelledby=\"fusion-tab-commissionderecoursdelasant\u00e9mentale\" id=\"tab-3f1250a3c0b510d294c\">\n<p>Un avocat de service repr\u00e9sente aussi les personnes qui doivent subir des examens p\u00e9riodiques aupr\u00e8s d&rsquo;une commission de recours de la sant\u00e9 mentale dans la province.<\/p>\n<\/div><div class=\"nav fusion-mobile-tab-nav\"><ul class=\"nav-tabs nav-justified\" role=\"tablist\"><li role=\"presentation\"><a class=\"tab-link\" data-toggle=\"tab\" role=\"tab\" aria-controls=\"tab-8894e2052386b604502\" aria-selected=\"false\" tabindex=\"-1\" id=\"mobile-fusion-tab-tribunalcharg\u00e9descausesdeviolencefamiliale\" href=\"#tab-8894e2052386b604502\"><h4 class=\"fusion-tab-heading\">Tribunal charg\u00e9 des causes de violence familiale<\/h4><\/a><\/li><\/ul><\/div><div class=\"tab-pane fade fusion-clearfix\" role=\"tabpanel\" tabindex=\"0\" aria-labelledby=\"fusion-tab-tribunalcharg\u00e9descausesdeviolencefamiliale\" id=\"tab-8894e2052386b604502\">\n<p>Sp\u00e9cialis\u00e9 dans le proc\u00e8s et le traitement de la violence familiale dans le district judiciaire de Moncton; le tribunal de la violence familiale traite toutes les infractions avec violence et les accusations criminelles o\u00f9 il y a eu lieu une relation intime.<\/p>\n<\/div><div class=\"nav fusion-mobile-tab-nav\"><ul class=\"nav-tabs nav-justified\" role=\"tablist\"><li role=\"presentation\"><a class=\"tab-link\" data-toggle=\"tab\" role=\"tab\" aria-controls=\"tab-9b847d1dc4e7b1c5dd6\" aria-selected=\"false\" tabindex=\"-1\" id=\"mobile-fusion-tab-elsipogtogtribunaldumieux-\u00eatre\" href=\"#tab-9b847d1dc4e7b1c5dd6\"><h4 class=\"fusion-tab-heading\">Elsipogtog tribunal du mieux-\u00eatre<\/h4><\/a><\/li><\/ul><\/div><div class=\"tab-pane fade fusion-clearfix\" role=\"tabpanel\" tabindex=\"0\" aria-labelledby=\"fusion-tab-elsipogtogtribunaldumieux-\u00eatre\" id=\"tab-9b847d1dc4e7b1c5dd6\">\n<p>L\u2019Elsipogtog tribunal du mieux-\u00eatre traite principalement des accusations criminelles dans l&rsquo;intention de r\u00e9soudre ses causes sous-jacentes, telles que la sant\u00e9 mentale et la toxicomanie. Il a \u00e9t\u00e9 d\u00e9velopp\u00e9 en r\u00e9ponse aux demandes de la Premi\u00e8re nation d&rsquo;Elsipogtog afin de fournir une approche culturellement sensible pour traiter les personnes en conflit avec la loi. Les participants du programme doivent se conformer \u00e0 un plan supervis\u00e9 o\u00f9 leur progr\u00e8s est r\u00e9guli\u00e8rement surveill\u00e9 par les professionnels de la sant\u00e9 et les a\u00een\u00e9s. Le tribunal contribue \u00e0 combler le foss\u00e9 entre la cour provinciale et la culture autochtone.<\/p>\n<\/div><\/div><\/div><div class=\"fusion-clearfix\"><\/div><\/div><\/div><\/div><\/div><\/p>\n","protected":false},"excerpt":{"rendered":"","protected":false},"author":1,"featured_media":0,"parent":3214,"menu_order":0,"comment_status":"closed","ping_status":"closed","template":"","meta":{"footnotes":""},"class_list":["post-3366","page","type-page","status-publish","hentry"],"yoast_head":"<!-- This site is optimized with the Yoast SEO plugin v27.3 - https:\/\/yoast.com\/product\/yoast-seo-wordpress\/ -->\n<title>Avocat de service -<\/title>\n<meta name=\"robots\" content=\"index, follow, max-snippet:-1, max-image-preview:large, max-video-preview:-1\" \/>\n<link rel=\"canonical\" href=\"https:\/\/www.legalaid-aidejuridique-nb.ca\/fr\/services-en-droit-criminel\/avocat-de-service\/\" \/>\n<meta property=\"og:locale\" content=\"fr_FR\" \/>\n<meta property=\"og:type\" content=\"article\" \/>\n<meta property=\"og:title\" content=\"Avocat de service -\" \/>\n<meta property=\"og:url\" content=\"https:\/\/www.legalaid-aidejuridique-nb.ca\/fr\/services-en-droit-criminel\/avocat-de-service\/\" \/>\n<meta property=\"article:modified_time\" content=\"2020-10-23T16:56:30+00:00\" \/>\n<meta name=\"twitter:card\" content=\"summary_large_image\" \/>\n<meta name=\"twitter:label1\" content=\"Dur\u00e9e de lecture estim\u00e9e\" \/>\n\t<meta name=\"twitter:data1\" content=\"5 minutes\" \/>\n<!-- \/ Yoast SEO plugin. -->","yoast_head_json":{"title":"Avocat de service -","robots":{"index":"index","follow":"follow","max-snippet":"max-snippet:-1","max-image-preview":"max-image-preview:large","max-video-preview":"max-video-preview:-1"},"canonical":"https:\/\/www.legalaid-aidejuridique-nb.ca\/fr\/services-en-droit-criminel\/avocat-de-service\/","og_locale":"fr_FR","og_type":"article","og_title":"Avocat de service -","og_url":"https:\/\/www.legalaid-aidejuridique-nb.ca\/fr\/services-en-droit-criminel\/avocat-de-service\/","article_modified_time":"2020-10-23T16:56:30+00:00","twitter_card":"summary_large_image","twitter_misc":{"Dur\u00e9e de lecture estim\u00e9e":"5 minutes"},"schema":{"@context":"https:\/\/schema.org","@graph":[{"@type":"WebPage","@id":"https:\/\/www.legalaid-aidejuridique-nb.ca\/fr\/services-en-droit-criminel\/avocat-de-service\/","url":"https:\/\/www.legalaid-aidejuridique-nb.ca\/fr\/services-en-droit-criminel\/avocat-de-service\/","name":"Avocat de service -","isPartOf":{"@id":"https:\/\/www.legalaid-aidejuridique-nb.ca\/fr\/#website"},"datePublished":"2019-10-14T00:48:47+00:00","dateModified":"2020-10-23T16:56:30+00:00","breadcrumb":{"@id":"https:\/\/www.legalaid-aidejuridique-nb.ca\/fr\/services-en-droit-criminel\/avocat-de-service\/#breadcrumb"},"inLanguage":"fr-FR","potentialAction":[{"@type":"ReadAction","target":["https:\/\/www.legalaid-aidejuridique-nb.ca\/fr\/services-en-droit-criminel\/avocat-de-service\/"]}]},{"@type":"BreadcrumbList","@id":"https:\/\/www.legalaid-aidejuridique-nb.ca\/fr\/services-en-droit-criminel\/avocat-de-service\/#breadcrumb","itemListElement":[{"@type":"ListItem","position":1,"name":"Home","item":"https:\/\/www.legalaid-aidejuridique-nb.ca\/fr\/welcome-bienvenue\/"},{"@type":"ListItem","position":2,"name":"Services en droit criminel","item":"https:\/\/www.legalaid-aidejuridique-nb.ca\/fr\/criminal-law-services\/"},{"@type":"ListItem","position":3,"name":"Avocat de service"}]},{"@type":"WebSite","@id":"https:\/\/www.legalaid-aidejuridique-nb.ca\/fr\/#website","url":"https:\/\/www.legalaid-aidejuridique-nb.ca\/fr\/","name":"","description":"","potentialAction":[{"@type":"SearchAction","target":{"@type":"EntryPoint","urlTemplate":"https:\/\/www.legalaid-aidejuridique-nb.ca\/fr\/?s={search_term_string}"},"query-input":{"@type":"PropertyValueSpecification","valueRequired":true,"valueName":"search_term_string"}}],"inLanguage":"fr-FR"}]}},"_links":{"self":[{"href":"https:\/\/www.legalaid-aidejuridique-nb.ca\/fr\/wp-json\/wp\/v2\/pages\/3366","targetHints":{"allow":["GET"]}}],"collection":[{"href":"https:\/\/www.legalaid-aidejuridique-nb.ca\/fr\/wp-json\/wp\/v2\/pages"}],"about":[{"href":"https:\/\/www.legalaid-aidejuridique-nb.ca\/fr\/wp-json\/wp\/v2\/types\/page"}],"author":[{"embeddable":true,"href":"https:\/\/www.legalaid-aidejuridique-nb.ca\/fr\/wp-json\/wp\/v2\/users\/1"}],"replies":[{"embeddable":true,"href":"https:\/\/www.legalaid-aidejuridique-nb.ca\/fr\/wp-json\/wp\/v2\/comments?post=3366"}],"version-history":[{"count":9,"href":"https:\/\/www.legalaid-aidejuridique-nb.ca\/fr\/wp-json\/wp\/v2\/pages\/3366\/revisions"}],"predecessor-version":[{"id":6468,"href":"https:\/\/www.legalaid-aidejuridique-nb.ca\/fr\/wp-json\/wp\/v2\/pages\/3366\/revisions\/6468"}],"up":[{"embeddable":true,"href":"https:\/\/www.legalaid-aidejuridique-nb.ca\/fr\/wp-json\/wp\/v2\/pages\/3214"}],"wp:attachment":[{"href":"https:\/\/www.legalaid-aidejuridique-nb.ca\/fr\/wp-json\/wp\/v2\/media?parent=3366"}],"curies":[{"name":"wp","href":"https:\/\/api.w.org\/{rel}","templated":true}]}}