{"id":3358,"date":"2019-10-14T00:42:56","date_gmt":"2019-10-14T00:42:56","guid":{"rendered":"http:\/\/www.legalaid-aidejuridique-nb.ca\/dev\/?page_id=3358"},"modified":"2019-12-22T23:39:02","modified_gmt":"2019-12-22T23:39:02","slug":"obtenir-de-laide","status":"publish","type":"page","link":"https:\/\/www.legalaid-aidejuridique-nb.ca\/fr\/services-en-droit-criminel\/obtenir-de-laide\/","title":{"rendered":"Obtenir de l\u2019aide"},"content":{"rendered":"<p><div class=\"fusion-fullwidth fullwidth-box fusion-builder-row-1 nonhundred-percent-fullwidth non-hundred-percent-height-scrolling\" style=\"--awb-border-radius-top-left:0px;--awb-border-radius-top-right:0px;--awb-border-radius-bottom-right:0px;--awb-border-radius-bottom-left:0px;--awb-flex-wrap:wrap;\" ><div class=\"fusion-builder-row fusion-row\"><div class=\"fusion-layout-column fusion_builder_column fusion-builder-column-0 fusion_builder_column_1_1 1_1 fusion-one-full fusion-column-first fusion-column-last\" style=\"--awb-padding-top:0px;--awb-padding-right:0px;--awb-padding-bottom:0px;--awb-padding-left:0px;--awb-bg-size:cover;--awb-margin-bottom:0px;\"><div class=\"fusion-column-wrapper fusion-column-has-shadow fusion-flex-column-wrapper-legacy\"><div class=\"fusion-title title fusion-title-1 fusion-title-text fusion-title-size-one\" style=\"--awb-margin-top-small:0px;--awb-margin-right-small:0px;--awb-margin-bottom-small:20px;--awb-margin-left-small:0px;\"><h1 class=\"fusion-title-heading title-heading-left fusion-responsive-typography-calculated\" style=\"margin:0;--fontSize:30;line-height:1.14;\">Obtenir de l\u2019aide<\/h1><span class=\"awb-title-spacer\"><\/span><div class=\"title-sep-container\"><div class=\"title-sep sep- sep-solid\" style=\"border-color:#e2e2e2;\"><\/div><\/div><\/div><div class=\"fusion-clearfix\"><\/div><\/div><\/div><\/div><\/div><div class=\"fusion-fullwidth fullwidth-box fusion-builder-row-2 nonhundred-percent-fullwidth non-hundred-percent-height-scrolling\" style=\"--awb-border-radius-top-left:0px;--awb-border-radius-top-right:0px;--awb-border-radius-bottom-right:0px;--awb-border-radius-bottom-left:0px;--awb-flex-wrap:wrap;\" ><div class=\"fusion-builder-row fusion-row\"><div class=\"fusion-layout-column fusion_builder_column fusion-builder-column-1 fusion_builder_column_1_1 1_1 fusion-one-full fusion-column-first fusion-column-last\" style=\"--awb-bg-size:cover;\"><div class=\"fusion-column-wrapper fusion-column-has-shadow fusion-flex-column-wrapper-legacy\"><div class=\"fusion-text fusion-text-1\"><p>La Commission des services d\u2019aide juridique du Nouveau-Brunswick peut fournir un avocat pour certaines des affaires suivantes qui rel\u00e8vent du droit p\u00e9nal.<\/p>\n<p>Voici un aper\u00e7u des services de l\u2019aide juridique. Cette liste n\u2019est exhaustive ni pour ce qui est pris en charge ni pour ce qui ne l\u2019est pas. Renseignez-vous sur votre situation pr\u00e9cise aupr\u00e8s de votre bureau local d\u2019aide juridique. La proc\u00e9dure \u00e0 suivre d\u00e9pend de votre situation et du type de service juridique demand\u00e9.<\/p>\n<\/div><div class=\"fusion-clearfix\"><\/div><\/div><\/div><\/div><\/div><\/p>\n","protected":false},"excerpt":{"rendered":"","protected":false},"author":1,"featured_media":0,"parent":3214,"menu_order":0,"comment_status":"closed","ping_status":"closed","template":"","meta":{"footnotes":""},"class_list":["post-3358","page","type-page","status-publish","hentry"],"yoast_head":"<!-- This site is optimized with the Yoast SEO plugin v27.3 - https:\/\/yoast.com\/product\/yoast-seo-wordpress\/ -->\n<title>Obtenir de l\u2019aide -<\/title>\n<meta name=\"robots\" content=\"index, follow, max-snippet:-1, max-image-preview:large, max-video-preview:-1\" \/>\n<link rel=\"canonical\" href=\"https:\/\/www.legalaid-aidejuridique-nb.ca\/fr\/services-en-droit-criminel\/obtenir-de-laide\/\" \/>\n<meta property=\"og:locale\" content=\"fr_FR\" \/>\n<meta property=\"og:type\" content=\"article\" \/>\n<meta property=\"og:title\" content=\"Obtenir de l\u2019aide -\" \/>\n<meta property=\"og:url\" content=\"https:\/\/www.legalaid-aidejuridique-nb.ca\/fr\/services-en-droit-criminel\/obtenir-de-laide\/\" \/>\n<meta property=\"article:modified_time\" content=\"2019-12-22T23:39:02+00:00\" \/>\n<meta name=\"twitter:card\" content=\"summary_large_image\" \/>\n<meta name=\"twitter:label1\" content=\"Dur\u00e9e de lecture estim\u00e9e\" \/>\n\t<meta name=\"twitter:data1\" content=\"3 minutes\" \/>\n<!-- \/ Yoast SEO plugin. -->","yoast_head_json":{"title":"Obtenir de l\u2019aide -","robots":{"index":"index","follow":"follow","max-snippet":"max-snippet:-1","max-image-preview":"max-image-preview:large","max-video-preview":"max-video-preview:-1"},"canonical":"https:\/\/www.legalaid-aidejuridique-nb.ca\/fr\/services-en-droit-criminel\/obtenir-de-laide\/","og_locale":"fr_FR","og_type":"article","og_title":"Obtenir de l\u2019aide -","og_url":"https:\/\/www.legalaid-aidejuridique-nb.ca\/fr\/services-en-droit-criminel\/obtenir-de-laide\/","article_modified_time":"2019-12-22T23:39:02+00:00","twitter_card":"summary_large_image","twitter_misc":{"Dur\u00e9e de lecture estim\u00e9e":"3 minutes"},"schema":{"@context":"https:\/\/schema.org","@graph":[{"@type":"WebPage","@id":"https:\/\/www.legalaid-aidejuridique-nb.ca\/fr\/services-en-droit-criminel\/obtenir-de-laide\/","url":"https:\/\/www.legalaid-aidejuridique-nb.ca\/fr\/services-en-droit-criminel\/obtenir-de-laide\/","name":"Obtenir de l\u2019aide -","isPartOf":{"@id":"https:\/\/www.legalaid-aidejuridique-nb.ca\/fr\/#website"},"datePublished":"2019-10-14T00:42:56+00:00","dateModified":"2019-12-22T23:39:02+00:00","breadcrumb":{"@id":"https:\/\/www.legalaid-aidejuridique-nb.ca\/fr\/services-en-droit-criminel\/obtenir-de-laide\/#breadcrumb"},"inLanguage":"fr-FR","potentialAction":[{"@type":"ReadAction","target":["https:\/\/www.legalaid-aidejuridique-nb.ca\/fr\/services-en-droit-criminel\/obtenir-de-laide\/"]}]},{"@type":"BreadcrumbList","@id":"https:\/\/www.legalaid-aidejuridique-nb.ca\/fr\/services-en-droit-criminel\/obtenir-de-laide\/#breadcrumb","itemListElement":[{"@type":"ListItem","position":1,"name":"Home","item":"https:\/\/www.legalaid-aidejuridique-nb.ca\/fr\/welcome-bienvenue\/"},{"@type":"ListItem","position":2,"name":"Services en droit criminel","item":"https:\/\/www.legalaid-aidejuridique-nb.ca\/fr\/criminal-law-services\/"},{"@type":"ListItem","position":3,"name":"Obtenir de l\u2019aide"}]},{"@type":"WebSite","@id":"https:\/\/www.legalaid-aidejuridique-nb.ca\/fr\/#website","url":"https:\/\/www.legalaid-aidejuridique-nb.ca\/fr\/","name":"","description":"","potentialAction":[{"@type":"SearchAction","target":{"@type":"EntryPoint","urlTemplate":"https:\/\/www.legalaid-aidejuridique-nb.ca\/fr\/?s={search_term_string}"},"query-input":{"@type":"PropertyValueSpecification","valueRequired":true,"valueName":"search_term_string"}}],"inLanguage":"fr-FR"}]}},"_links":{"self":[{"href":"https:\/\/www.legalaid-aidejuridique-nb.ca\/fr\/wp-json\/wp\/v2\/pages\/3358","targetHints":{"allow":["GET"]}}],"collection":[{"href":"https:\/\/www.legalaid-aidejuridique-nb.ca\/fr\/wp-json\/wp\/v2\/pages"}],"about":[{"href":"https:\/\/www.legalaid-aidejuridique-nb.ca\/fr\/wp-json\/wp\/v2\/types\/page"}],"author":[{"embeddable":true,"href":"https:\/\/www.legalaid-aidejuridique-nb.ca\/fr\/wp-json\/wp\/v2\/users\/1"}],"replies":[{"embeddable":true,"href":"https:\/\/www.legalaid-aidejuridique-nb.ca\/fr\/wp-json\/wp\/v2\/comments?post=3358"}],"version-history":[{"count":7,"href":"https:\/\/www.legalaid-aidejuridique-nb.ca\/fr\/wp-json\/wp\/v2\/pages\/3358\/revisions"}],"predecessor-version":[{"id":3942,"href":"https:\/\/www.legalaid-aidejuridique-nb.ca\/fr\/wp-json\/wp\/v2\/pages\/3358\/revisions\/3942"}],"up":[{"embeddable":true,"href":"https:\/\/www.legalaid-aidejuridique-nb.ca\/fr\/wp-json\/wp\/v2\/pages\/3214"}],"wp:attachment":[{"href":"https:\/\/www.legalaid-aidejuridique-nb.ca\/fr\/wp-json\/wp\/v2\/media?parent=3358"}],"curies":[{"name":"wp","href":"https:\/\/api.w.org\/{rel}","templated":true}]}}