{"id":3353,"date":"2019-10-14T00:35:46","date_gmt":"2019-10-14T00:35:46","guid":{"rendered":"http:\/\/www.legalaid-aidejuridique-nb.ca\/dev\/?page_id=3353"},"modified":"2026-04-21T13:22:46","modified_gmt":"2026-04-21T17:22:46","slug":"possibilites-demploi","status":"publish","type":"page","link":"https:\/\/www.legalaid-aidejuridique-nb.ca\/fr\/profil\/possibilites-demploi\/","title":{"rendered":"Possibilit\u00e9s d\u2019emploi"},"content":{"rendered":"<p><div class=\"fusion-fullwidth fullwidth-box fusion-builder-row-1 nonhundred-percent-fullwidth non-hundred-percent-height-scrolling\" style=\"--awb-border-radius-top-left:0px;--awb-border-radius-top-right:0px;--awb-border-radius-bottom-right:0px;--awb-border-radius-bottom-left:0px;--awb-flex-wrap:wrap;\" ><div class=\"fusion-builder-row fusion-row\"><div class=\"fusion-layout-column fusion_builder_column fusion-builder-column-0 fusion_builder_column_1_1 1_1 fusion-one-full fusion-column-first fusion-column-last\" style=\"--awb-padding-top:0px;--awb-padding-right:0px;--awb-padding-bottom:0px;--awb-padding-left:0px;--awb-bg-size:cover;--awb-margin-bottom:0px;\"><div class=\"fusion-column-wrapper fusion-column-has-shadow fusion-flex-column-wrapper-legacy\"><div class=\"fusion-title title fusion-title-1 fusion-title-text fusion-title-size-one\" style=\"--awb-margin-top-small:0px;--awb-margin-right-small:0px;--awb-margin-bottom-small:20px;--awb-margin-left-small:0px;\"><h1 class=\"fusion-title-heading title-heading-left fusion-responsive-typography-calculated\" style=\"margin:0;--fontSize:30;line-height:1.14;\">Possibilit\u00e9s d\u2019emploi<\/h1><span class=\"awb-title-spacer\"><\/span><div class=\"title-sep-container\"><div class=\"title-sep sep- sep-solid\" style=\"border-color:#e2e2e2;\"><\/div><\/div><\/div><div class=\"fusion-text fusion-text-1\" style=\"--awb-text-transform:none;\"><p>Veuillez v\u00e9rifier ici p\u00e9riodiquement pour les postes.<\/p>\n<h2>Offres d&#8217;emploi actuelles<\/h2>\n<p><a href=\"http:\/\/www.legalaid-aidejuridique-nb.ca\/wp-content\/uploads\/2025\/11\/2025-29-Criminal-Lawyers-AD.pdf\" target=\"_blank\" rel=\"noopener\">Avocat\/Avocat principal (Moncton, Saint John, Fredericton)<\/a><\/p>\n<p><a href=\"http:\/\/www.legalaid-aidejuridique-nb.ca\/wp-content\/uploads\/2026\/02\/2025-33-Trust-Officer-AD-final.pdf\" target=\"_blank\" rel=\"noopener\">Agent de curatelle (Services du curateur public, Fredericton)<\/a><\/p>\n<p><a href=\"http:\/\/www.legalaid-aidejuridique-nb.ca\/wp-content\/uploads\/2026\/01\/2026-01-Lawyer-campbellton-AD.pdf\" target=\"_blank\" rel=\"noopener\">Avocat\/Avocat principal(Campbellton)<\/a><\/p>\n<p><a href=\"http:\/\/www.legalaid-aidejuridique-nb.ca\/wp-content\/uploads\/2026\/01\/2025-13-Lawyer-Edmundston-AD.pdf\" target=\"_blank\" rel=\"noopener\">Avocat\/Avocat principal (Edmundston)<\/a><\/p>\n<p>Adjoint Administratif(ive) juridique \/ Agent(e) d\u2019\u00e9valuation initiale<\/p>\n<\/div><div class=\"fusion-clearfix\"><\/div><\/div><\/div><\/div><\/div><div class=\"fusion-fullwidth fullwidth-box fusion-builder-row-2 nonhundred-percent-fullwidth non-hundred-percent-height-scrolling\" style=\"--awb-border-radius-top-left:0px;--awb-border-radius-top-right:0px;--awb-border-radius-bottom-right:0px;--awb-border-radius-bottom-left:0px;--awb-flex-wrap:wrap;\" ><div class=\"fusion-builder-row fusion-row\"><div class=\"fusion-layout-column fusion_builder_column fusion-builder-column-1 fusion_builder_column_1_1 1_1 fusion-one-full fusion-column-first fusion-column-last\" style=\"--awb-bg-size:cover;\"><div class=\"fusion-column-wrapper fusion-column-has-shadow fusion-flex-column-wrapper-legacy\"><div class=\"fusion-text fusion-text-2\"><h2 data-fontsize=\"18\" data-lineheight=\"21\">Avocats de secteur priv\u00e9<\/h2>\n<p>La CSAJNB fournit des services juridiques par l\u2019interm\u00e9diaire de son personnel et d\u2019avocats du secteur priv\u00e9 qui agissent en qualit\u00e9 d\u2019avocats de service et acceptent les mandats. Pour obtenir des renseignements afin de faire partie des avocats avec qui nous travaillons, veuillez se r\u00e9f\u00e9rer \u00e0 la page <a href=\"https:\/\/www.legalaid-aidejuridique-nb.ca\/fr\/pour-avocats\/\" target=\"_blank\" rel=\"noopener noreferrer\">Pour avocats.<\/a><\/p>\n<\/div><div class=\"fusion-clearfix\"><\/div><\/div><\/div><\/div><\/div><\/p>\n","protected":false},"excerpt":{"rendered":"","protected":false},"author":1,"featured_media":0,"parent":3210,"menu_order":0,"comment_status":"closed","ping_status":"closed","template":"","meta":{"footnotes":""},"class_list":["post-3353","page","type-page","status-publish","hentry"],"yoast_head":"<!-- This site is optimized with the Yoast SEO plugin v27.3 - https:\/\/yoast.com\/product\/yoast-seo-wordpress\/ -->\n<title>Possibilit\u00e9s d\u2019emploi -<\/title>\n<meta name=\"robots\" content=\"index, follow, max-snippet:-1, max-image-preview:large, max-video-preview:-1\" \/>\n<link rel=\"canonical\" href=\"https:\/\/www.legalaid-aidejuridique-nb.ca\/fr\/profil\/possibilites-demploi\/\" \/>\n<meta property=\"og:locale\" content=\"fr_FR\" \/>\n<meta property=\"og:type\" content=\"article\" \/>\n<meta property=\"og:title\" content=\"Possibilit\u00e9s d\u2019emploi -\" \/>\n<meta property=\"og:url\" content=\"https:\/\/www.legalaid-aidejuridique-nb.ca\/fr\/profil\/possibilites-demploi\/\" \/>\n<meta property=\"article:modified_time\" content=\"2026-04-21T17:22:46+00:00\" \/>\n<meta name=\"twitter:card\" content=\"summary_large_image\" \/>\n<meta name=\"twitter:label1\" content=\"Dur\u00e9e de lecture estim\u00e9e\" \/>\n\t<meta name=\"twitter:data1\" content=\"1 minute\" \/>\n<!-- \/ Yoast SEO plugin. -->","yoast_head_json":{"title":"Possibilit\u00e9s d\u2019emploi -","robots":{"index":"index","follow":"follow","max-snippet":"max-snippet:-1","max-image-preview":"max-image-preview:large","max-video-preview":"max-video-preview:-1"},"canonical":"https:\/\/www.legalaid-aidejuridique-nb.ca\/fr\/profil\/possibilites-demploi\/","og_locale":"fr_FR","og_type":"article","og_title":"Possibilit\u00e9s d\u2019emploi -","og_url":"https:\/\/www.legalaid-aidejuridique-nb.ca\/fr\/profil\/possibilites-demploi\/","article_modified_time":"2026-04-21T17:22:46+00:00","twitter_card":"summary_large_image","twitter_misc":{"Dur\u00e9e de lecture estim\u00e9e":"1 minute"},"schema":{"@context":"https:\/\/schema.org","@graph":[{"@type":"WebPage","@id":"https:\/\/www.legalaid-aidejuridique-nb.ca\/fr\/profil\/possibilites-demploi\/","url":"https:\/\/www.legalaid-aidejuridique-nb.ca\/fr\/profil\/possibilites-demploi\/","name":"Possibilit\u00e9s d\u2019emploi -","isPartOf":{"@id":"https:\/\/www.legalaid-aidejuridique-nb.ca\/fr\/#website"},"datePublished":"2019-10-14T00:35:46+00:00","dateModified":"2026-04-21T17:22:46+00:00","breadcrumb":{"@id":"https:\/\/www.legalaid-aidejuridique-nb.ca\/fr\/profil\/possibilites-demploi\/#breadcrumb"},"inLanguage":"fr-FR","potentialAction":[{"@type":"ReadAction","target":["https:\/\/www.legalaid-aidejuridique-nb.ca\/fr\/profil\/possibilites-demploi\/"]}]},{"@type":"BreadcrumbList","@id":"https:\/\/www.legalaid-aidejuridique-nb.ca\/fr\/profil\/possibilites-demploi\/#breadcrumb","itemListElement":[{"@type":"ListItem","position":1,"name":"Home","item":"https:\/\/www.legalaid-aidejuridique-nb.ca\/fr\/welcome-bienvenue\/"},{"@type":"ListItem","position":2,"name":"Profil","item":"https:\/\/www.legalaid-aidejuridique-nb.ca\/fr\/about-us\/"},{"@type":"ListItem","position":3,"name":"Possibilit\u00e9s d\u2019emploi"}]},{"@type":"WebSite","@id":"https:\/\/www.legalaid-aidejuridique-nb.ca\/fr\/#website","url":"https:\/\/www.legalaid-aidejuridique-nb.ca\/fr\/","name":"","description":"","potentialAction":[{"@type":"SearchAction","target":{"@type":"EntryPoint","urlTemplate":"https:\/\/www.legalaid-aidejuridique-nb.ca\/fr\/?s={search_term_string}"},"query-input":{"@type":"PropertyValueSpecification","valueRequired":true,"valueName":"search_term_string"}}],"inLanguage":"fr-FR"}]}},"_links":{"self":[{"href":"https:\/\/www.legalaid-aidejuridique-nb.ca\/fr\/wp-json\/wp\/v2\/pages\/3353","targetHints":{"allow":["GET"]}}],"collection":[{"href":"https:\/\/www.legalaid-aidejuridique-nb.ca\/fr\/wp-json\/wp\/v2\/pages"}],"about":[{"href":"https:\/\/www.legalaid-aidejuridique-nb.ca\/fr\/wp-json\/wp\/v2\/types\/page"}],"author":[{"embeddable":true,"href":"https:\/\/www.legalaid-aidejuridique-nb.ca\/fr\/wp-json\/wp\/v2\/users\/1"}],"replies":[{"embeddable":true,"href":"https:\/\/www.legalaid-aidejuridique-nb.ca\/fr\/wp-json\/wp\/v2\/comments?post=3353"}],"version-history":[{"count":306,"href":"https:\/\/www.legalaid-aidejuridique-nb.ca\/fr\/wp-json\/wp\/v2\/pages\/3353\/revisions"}],"predecessor-version":[{"id":6872,"href":"https:\/\/www.legalaid-aidejuridique-nb.ca\/fr\/wp-json\/wp\/v2\/pages\/3353\/revisions\/6872"}],"up":[{"embeddable":true,"href":"https:\/\/www.legalaid-aidejuridique-nb.ca\/fr\/wp-json\/wp\/v2\/pages\/3210"}],"wp:attachment":[{"href":"https:\/\/www.legalaid-aidejuridique-nb.ca\/fr\/wp-json\/wp\/v2\/media?parent=3353"}],"curies":[{"name":"wp","href":"https:\/\/api.w.org\/{rel}","templated":true}]}}