{"id":3296,"date":"2019-10-13T20:16:07","date_gmt":"2019-10-13T20:16:07","guid":{"rendered":"http:\/\/www.legalaid-aidejuridique-nb.ca\/dev\/?page_id=3296"},"modified":"2023-09-22T09:12:01","modified_gmt":"2023-09-22T13:12:01","slug":"historique","status":"publish","type":"page","link":"https:\/\/www.legalaid-aidejuridique-nb.ca\/fr\/profil\/historique\/","title":{"rendered":"Historique"},"content":{"rendered":"<p><div class=\"fusion-fullwidth fullwidth-box fusion-builder-row-1 nonhundred-percent-fullwidth non-hundred-percent-height-scrolling\" style=\"--awb-border-radius-top-left:0px;--awb-border-radius-top-right:0px;--awb-border-radius-bottom-right:0px;--awb-border-radius-bottom-left:0px;--awb-flex-wrap:wrap;\" ><div class=\"fusion-builder-row fusion-row\"><div class=\"fusion-layout-column fusion_builder_column fusion-builder-column-0 fusion_builder_column_1_1 1_1 fusion-one-full fusion-column-first fusion-column-last\" style=\"--awb-padding-top:0px;--awb-padding-right:0px;--awb-padding-bottom:0px;--awb-padding-left:0px;--awb-bg-size:cover;--awb-margin-bottom:0px;\"><div class=\"fusion-column-wrapper fusion-column-has-shadow fusion-flex-column-wrapper-legacy\"><div class=\"fusion-title title fusion-title-1 fusion-title-text fusion-title-size-one\" style=\"--awb-margin-top-small:0px;--awb-margin-right-small:0px;--awb-margin-bottom-small:20px;--awb-margin-left-small:0px;\"><h1 class=\"fusion-title-heading title-heading-left fusion-responsive-typography-calculated\" style=\"margin:0;--fontSize:30;line-height:1.14;\">Historique<\/h1><span class=\"awb-title-spacer\"><\/span><div class=\"title-sep-container\"><div class=\"title-sep sep- sep-solid\" style=\"border-color:#e2e2e2;\"><\/div><\/div><\/div><div class=\"fusion-clearfix\"><\/div><\/div><\/div><\/div><\/div><div class=\"fusion-fullwidth fullwidth-box fusion-builder-row-2 nonhundred-percent-fullwidth non-hundred-percent-height-scrolling\" style=\"--awb-border-radius-top-left:0px;--awb-border-radius-top-right:0px;--awb-border-radius-bottom-right:0px;--awb-border-radius-bottom-left:0px;--awb-flex-wrap:wrap;\" ><div class=\"fusion-builder-row fusion-row\"><div class=\"fusion-layout-column fusion_builder_column fusion-builder-column-1 fusion_builder_column_1_1 1_1 fusion-one-full fusion-column-first fusion-column-last\" style=\"--awb-bg-size:cover;\"><div class=\"fusion-column-wrapper fusion-column-has-shadow fusion-flex-column-wrapper-legacy\"><div class=\"fusion-text fusion-text-1\"><p>L\u2019Aide juridique du Nouveau-Brunswick (AJNB) voit le jour en 1971 en tant que r\u00e9gime provincial mandat\u00e9 pour fournir aux personnes \u00e0 faible revenu certains services d\u2019aide juridique en mati\u00e8re criminelle et civile. Pour assurer l\u2019administration impartiale de la justice, le Barreau du Nouveau-Brunswick, l\u2019organisme ind\u00e9pendant responsable de l\u2019autor\u00e9glementation de la profession d\u2019avocat, se charge de l\u2019administration du r\u00e9gime. Pour offrir les services d\u2019assistance judiciaire, les directeurs r\u00e9gionaux engagent au cas par cas des avocats du secteur priv\u00e9 comme le pr\u00e9voit la <em>Loi sur l\u2019aide juridique<\/em>.<\/p>\n<p>Le 1er avril 2001, l\u2019aide juridique en mati\u00e8re civile comprend dor\u00e9navant le Programme d\u2019aide juridique du droit de la famille, qui est transf\u00e9r\u00e9 du minist\u00e8re de la Justice. Les services sont surtout dispens\u00e9s par un personnel d\u2019avocats du droit de la famille, qui fait appel aux avocats du secteur priv\u00e9, notamment lorsqu\u2019il y a conflit d\u2019int\u00e9r\u00eats. Ce programme pr\u00e9sente un mod\u00e8le mixte de prestation de services par des avocats internes et priv\u00e9s.<\/p>\n<p>En 2003, Justice Canada adopte la Strat\u00e9gie f\u00e9d\u00e9rale de renouvellement de l&rsquo;aide juridique, une initiative triennale visant \u00e0 examiner l&rsquo;efficacit\u00e9 du syst\u00e8me juridique ainsi que l&rsquo;acc\u00e8s \u00e0 la justice. Le Fonds d\u2019investissement est cr\u00e9\u00e9 pour stimuler la prestation novatrice des services d\u2019aide juridique. La composante interne du service d\u2019aide juridique est augment\u00e9e pour ajouter \u00e0 l\u2019interne des avocats de d\u00e9fense au criminel \u00e0 l\u2019\u00e9quipe des avocats en droit de la famille.<\/p>\n<p>Le 12 d\u00e9cembre 2005, l\u2019adoption de la <em>Loi modifiant la Loi sur l\u2019aide juridique<\/em> cr\u00e9e la Commission des services d\u2019aide juridique du Nouveau-Brunswick (CSAJNB), charg\u00e9e de continuer le mandat d\u2019offrir des services juridiques en mati\u00e8re de droit criminel et de la famille aux N\u00e9o-Brunswickois qui n\u2019y auraient pas acc\u00e8s autrement.<\/p>\n<p>En 2009-2010, la port\u00e9e des services d\u2019\u00e9valuation initiale dans les affaires de droit de la famille s\u2019est \u00e9tendue apr\u00e8s le transfert du minist\u00e8re de la Justice et de la Consommation \u00e0 la CSAJNB des cas qui \u00e9taient couverts auparavant par le programme d\u2019aide juridique en mati\u00e8re de droit de la famille. L\u2019admissibilit\u00e9 \u00e0 ces services n\u2019est plus limit\u00e9e aux victimes de violence familiale. La simplification du processus d\u2019\u00e9valuation a am\u00e9lior\u00e9 la coh\u00e9rence des demandes.<\/p>\n<p>Le 1er juillet 2012, le bureau du curateur public a \u00e9t\u00e9 transf\u00e9r\u00e9 du minist\u00e8re de la Justice et procureur g\u00e9n\u00e9ral \u00e0 la CSAJNB. Le curateur public du Nouveau-Brunswick prot\u00e8ge les int\u00e9r\u00eats financiers et personnels des personnes \u00e2g\u00e9es, des personnes ayant un handicap, des enfants et des personnes absentes ou d\u00e9c\u00e9d\u00e9es lorsque personne d\u2019autre n\u2019est en mesure de le faire ou n\u2019est dispos\u00e9 \u00e0 le faire.<\/p>\n<p>Le 15 avril 2017, la CSAJNB a mis en place de nouveaux crit\u00e8res d&rsquo;admissibilit\u00e9 financi\u00e8re pour les services de certificat en droit criminel et en droit de la famille. L&rsquo;\u00e9ligibilit\u00e9 financi\u00e8re est maintenant d\u00e9termin\u00e9e \u00e0 l&rsquo;aide d&rsquo;une grille de revenu d\u00e9finissant les tranches de revenu par taille de m\u00e9nage.<\/p>\n<p>Le 1er mai 2018, la Loi sur l&rsquo;intervention en mati\u00e8re de violence entre partenaires intimes a \u00e9t\u00e9 proclam\u00e9e pour fournir aux victimes de violence entre partenaires intimes des outils suppl\u00e9mentaires pour accro\u00eetre leur s\u00e9curit\u00e9 tout en recherchant des solutions plus permanentes. Les services d&rsquo;avocat de service en droit de la famille et d&rsquo;aide juridique en droit de la famille ont \u00e9t\u00e9 \u00e9largis pour fournir des services en vertu de la nouvelle loi, ainsi que des services en vertu de la <em>Loi sur les foyers familiaux situ\u00e9s dans les r\u00e9serves et les droits d&rsquo;int\u00e9r\u00eats matrimonial<\/em>.<\/p>\n<p>En 2020-2021, les services en droit de la famille ont \u00e9t\u00e9 \u00e9largis pour inclure des services en vertu de la <em>Loi sur le divorce<\/em>.<\/p>\n<\/div><div class=\"fusion-clearfix\"><\/div><\/div><\/div><\/div><\/div><\/p>\n","protected":false},"excerpt":{"rendered":"","protected":false},"author":1,"featured_media":0,"parent":3210,"menu_order":0,"comment_status":"closed","ping_status":"closed","template":"","meta":{"footnotes":""},"class_list":["post-3296","page","type-page","status-publish","hentry"],"yoast_head":"<!-- This site is optimized with the Yoast SEO plugin v27.3 - https:\/\/yoast.com\/product\/yoast-seo-wordpress\/ -->\n<title>Historique -<\/title>\n<meta name=\"robots\" content=\"index, follow, max-snippet:-1, max-image-preview:large, max-video-preview:-1\" \/>\n<link rel=\"canonical\" href=\"https:\/\/www.legalaid-aidejuridique-nb.ca\/fr\/profil\/historique\/\" \/>\n<meta property=\"og:locale\" content=\"fr_FR\" \/>\n<meta property=\"og:type\" content=\"article\" \/>\n<meta property=\"og:title\" content=\"Historique -\" \/>\n<meta property=\"og:url\" content=\"https:\/\/www.legalaid-aidejuridique-nb.ca\/fr\/profil\/historique\/\" \/>\n<meta property=\"article:modified_time\" content=\"2023-09-22T13:12:01+00:00\" \/>\n<meta name=\"twitter:card\" content=\"summary_large_image\" \/>\n<meta name=\"twitter:label1\" content=\"Dur\u00e9e de lecture estim\u00e9e\" \/>\n\t<meta name=\"twitter:data1\" content=\"3 minutes\" \/>\n<!-- \/ Yoast SEO plugin. -->","yoast_head_json":{"title":"Historique -","robots":{"index":"index","follow":"follow","max-snippet":"max-snippet:-1","max-image-preview":"max-image-preview:large","max-video-preview":"max-video-preview:-1"},"canonical":"https:\/\/www.legalaid-aidejuridique-nb.ca\/fr\/profil\/historique\/","og_locale":"fr_FR","og_type":"article","og_title":"Historique -","og_url":"https:\/\/www.legalaid-aidejuridique-nb.ca\/fr\/profil\/historique\/","article_modified_time":"2023-09-22T13:12:01+00:00","twitter_card":"summary_large_image","twitter_misc":{"Dur\u00e9e de lecture estim\u00e9e":"3 minutes"},"schema":{"@context":"https:\/\/schema.org","@graph":[{"@type":"WebPage","@id":"https:\/\/www.legalaid-aidejuridique-nb.ca\/fr\/profil\/historique\/","url":"https:\/\/www.legalaid-aidejuridique-nb.ca\/fr\/profil\/historique\/","name":"Historique -","isPartOf":{"@id":"https:\/\/www.legalaid-aidejuridique-nb.ca\/fr\/#website"},"datePublished":"2019-10-13T20:16:07+00:00","dateModified":"2023-09-22T13:12:01+00:00","breadcrumb":{"@id":"https:\/\/www.legalaid-aidejuridique-nb.ca\/fr\/profil\/historique\/#breadcrumb"},"inLanguage":"fr-FR","potentialAction":[{"@type":"ReadAction","target":["https:\/\/www.legalaid-aidejuridique-nb.ca\/fr\/profil\/historique\/"]}]},{"@type":"BreadcrumbList","@id":"https:\/\/www.legalaid-aidejuridique-nb.ca\/fr\/profil\/historique\/#breadcrumb","itemListElement":[{"@type":"ListItem","position":1,"name":"Home","item":"https:\/\/www.legalaid-aidejuridique-nb.ca\/fr\/welcome-bienvenue\/"},{"@type":"ListItem","position":2,"name":"Profil","item":"https:\/\/www.legalaid-aidejuridique-nb.ca\/fr\/about-us\/"},{"@type":"ListItem","position":3,"name":"Historique"}]},{"@type":"WebSite","@id":"https:\/\/www.legalaid-aidejuridique-nb.ca\/fr\/#website","url":"https:\/\/www.legalaid-aidejuridique-nb.ca\/fr\/","name":"","description":"","potentialAction":[{"@type":"SearchAction","target":{"@type":"EntryPoint","urlTemplate":"https:\/\/www.legalaid-aidejuridique-nb.ca\/fr\/?s={search_term_string}"},"query-input":{"@type":"PropertyValueSpecification","valueRequired":true,"valueName":"search_term_string"}}],"inLanguage":"fr-FR"}]}},"_links":{"self":[{"href":"https:\/\/www.legalaid-aidejuridique-nb.ca\/fr\/wp-json\/wp\/v2\/pages\/3296","targetHints":{"allow":["GET"]}}],"collection":[{"href":"https:\/\/www.legalaid-aidejuridique-nb.ca\/fr\/wp-json\/wp\/v2\/pages"}],"about":[{"href":"https:\/\/www.legalaid-aidejuridique-nb.ca\/fr\/wp-json\/wp\/v2\/types\/page"}],"author":[{"embeddable":true,"href":"https:\/\/www.legalaid-aidejuridique-nb.ca\/fr\/wp-json\/wp\/v2\/users\/1"}],"replies":[{"embeddable":true,"href":"https:\/\/www.legalaid-aidejuridique-nb.ca\/fr\/wp-json\/wp\/v2\/comments?post=3296"}],"version-history":[{"count":5,"href":"https:\/\/www.legalaid-aidejuridique-nb.ca\/fr\/wp-json\/wp\/v2\/pages\/3296\/revisions"}],"predecessor-version":[{"id":5902,"href":"https:\/\/www.legalaid-aidejuridique-nb.ca\/fr\/wp-json\/wp\/v2\/pages\/3296\/revisions\/5902"}],"up":[{"embeddable":true,"href":"https:\/\/www.legalaid-aidejuridique-nb.ca\/fr\/wp-json\/wp\/v2\/pages\/3210"}],"wp:attachment":[{"href":"https:\/\/www.legalaid-aidejuridique-nb.ca\/fr\/wp-json\/wp\/v2\/media?parent=3296"}],"curies":[{"name":"wp","href":"https:\/\/api.w.org\/{rel}","templated":true}]}}