{"id":3268,"date":"2019-10-13T19:39:56","date_gmt":"2019-10-13T19:39:56","guid":{"rendered":"http:\/\/www.legalaid-aidejuridique-nb.ca\/dev\/?page_id=3268"},"modified":"2026-01-22T14:23:04","modified_gmt":"2026-01-22T18:23:04","slug":"conseil-dadministration","status":"publish","type":"page","link":"https:\/\/www.legalaid-aidejuridique-nb.ca\/fr\/profil\/conseil-dadministration\/","title":{"rendered":"Conseil d\u2019administration"},"content":{"rendered":"<p><div class=\"fusion-fullwidth fullwidth-box fusion-builder-row-1 nonhundred-percent-fullwidth non-hundred-percent-height-scrolling\" style=\"--awb-border-radius-top-left:0px;--awb-border-radius-top-right:0px;--awb-border-radius-bottom-right:0px;--awb-border-radius-bottom-left:0px;--awb-flex-wrap:wrap;\" ><div class=\"fusion-builder-row fusion-row\"><div class=\"fusion-layout-column fusion_builder_column fusion-builder-column-0 fusion_builder_column_1_1 1_1 fusion-one-full fusion-column-first fusion-column-last\" style=\"--awb-padding-top:0px;--awb-padding-right:0px;--awb-padding-bottom:0px;--awb-padding-left:0px;--awb-bg-size:cover;--awb-margin-bottom:0px;\"><div class=\"fusion-column-wrapper fusion-column-has-shadow fusion-flex-column-wrapper-legacy\"><div class=\"fusion-title title fusion-title-1 fusion-title-text fusion-title-size-one\" style=\"--awb-margin-top-small:0px;--awb-margin-right-small:0px;--awb-margin-bottom-small:20px;--awb-margin-left-small:0px;\"><h1 class=\"fusion-title-heading title-heading-left fusion-responsive-typography-calculated\" style=\"margin:0;--fontSize:30;line-height:1.14;\">Conseil d\u2019administration<\/h1><span class=\"awb-title-spacer\"><\/span><div class=\"title-sep-container\"><div class=\"title-sep sep- sep-solid\" style=\"border-color:#e2e2e2;\"><\/div><\/div><\/div><div class=\"fusion-clearfix\"><\/div><\/div><\/div><\/div><\/div><div class=\"fusion-fullwidth fullwidth-box fusion-builder-row-2 nonhundred-percent-fullwidth non-hundred-percent-height-scrolling\" style=\"--awb-border-radius-top-left:0px;--awb-border-radius-top-right:0px;--awb-border-radius-bottom-right:0px;--awb-border-radius-bottom-left:0px;--awb-flex-wrap:wrap;\" ><div class=\"fusion-builder-row fusion-row\"><div class=\"fusion-layout-column fusion_builder_column fusion-builder-column-1 fusion_builder_column_1_1 1_1 fusion-one-full fusion-column-first fusion-column-last\" style=\"--awb-bg-size:cover;\"><div class=\"fusion-column-wrapper fusion-column-has-shadow fusion-flex-column-wrapper-legacy\"><div class=\"fusion-text fusion-text-1\"><p>Un conseil d\u2019administration de cinq \u00e0 sept membres g\u00e8re les politiques et les priorit\u00e9s strat\u00e9giques de la Commission et veille \u00e0 ce que les fonds re\u00e7us soient d\u00e9pens\u00e9s efficacement en pr\u00e9sentant un rapport \u00e0 l\u2019Assembl\u00e9e l\u00e9gislative par l\u2019entremise du ministre de la Justice et procureur g\u00e9n\u00e9ral. Il garantit \u00e9galement au public que le fonctionnement du syst\u00e8me d\u2019aide juridique est ind\u00e9pendant du gouvernement, qui est responsable des poursuites publiques. Les membres du conseil sont nomm\u00e9s par le lieutenant-gouverneur en conseil.<\/p>\n<h2>Membres du conseil d\u2019administration de la CSAJNB<\/h2>\n<\/div><div class=\"fusion-clearfix\"><\/div><\/div><\/div><\/div><\/div><div class=\"fusion-fullwidth fullwidth-box fusion-builder-row-3 nonhundred-percent-fullwidth non-hundred-percent-height-scrolling\" style=\"--awb-border-radius-top-left:0px;--awb-border-radius-top-right:0px;--awb-border-radius-bottom-right:0px;--awb-border-radius-bottom-left:0px;--awb-flex-wrap:wrap;\" ><div class=\"fusion-builder-row fusion-row\"><div class=\"fusion-layout-column fusion_builder_column fusion-builder-column-2 fusion_builder_column_1_3 1_3 fusion-one-third fusion-column-first\" style=\"--awb-bg-size:cover;width:33.333333333333%;width:calc(33.333333333333% - ( ( 4% + 4% ) * 0.33333333333333 ) );margin-right: 4%;\"><div class=\"fusion-column-wrapper fusion-column-has-shadow fusion-flex-column-wrapper-legacy\"><div class=\"fusion-image-element in-legacy-container\" style=\"--awb-caption-title-font-family:var(--h2_typography-font-family);--awb-caption-title-font-weight:var(--h2_typography-font-weight);--awb-caption-title-font-style:var(--h2_typography-font-style);--awb-caption-title-size:var(--h2_typography-font-size);--awb-caption-title-transform:var(--h2_typography-text-transform);--awb-caption-title-line-height:var(--h2_typography-line-height);--awb-caption-title-letter-spacing:var(--h2_typography-letter-spacing);\"><span class=\" fusion-imageframe imageframe-none imageframe-1 hover-type-none staff_picture\"><img decoding=\"async\" width=\"244\" height=\"300\" title=\"Irwin Lampert\" src=\"http:\/\/www.legalaid-aidejuridique-nb.ca\/wp-content\/uploads\/2023\/03\/Irwin-Lampert-244x300.png\" alt class=\"img-responsive wp-image-5674\" srcset=\"https:\/\/www.legalaid-aidejuridique-nb.ca\/wp-content\/uploads\/2023\/03\/Irwin-Lampert-200x246.png 200w, https:\/\/www.legalaid-aidejuridique-nb.ca\/wp-content\/uploads\/2023\/03\/Irwin-Lampert-400x492.png 400w, https:\/\/www.legalaid-aidejuridique-nb.ca\/wp-content\/uploads\/2023\/03\/Irwin-Lampert-600x737.png 600w, https:\/\/www.legalaid-aidejuridique-nb.ca\/wp-content\/uploads\/2023\/03\/Irwin-Lampert-800x983.png 800w, https:\/\/www.legalaid-aidejuridique-nb.ca\/wp-content\/uploads\/2023\/03\/Irwin-Lampert-1200x1475.png 1200w, https:\/\/www.legalaid-aidejuridique-nb.ca\/wp-content\/uploads\/2023\/03\/Irwin-Lampert.png 2258w\" sizes=\"(max-width: 800px) 100vw, 400px\" \/><\/span><\/div><div class=\"fusion-text fusion-text-2\"><p><strong>Pr\u00e9sident<\/strong><br \/>\nIrwin Lampert<br \/>\n(Moncton)<\/p>\n<\/div><div class=\"fusion-clearfix\"><\/div><\/div><\/div><div class=\"fusion-layout-column fusion_builder_column fusion-builder-column-3 fusion_builder_column_1_3 1_3 fusion-one-third\" style=\"--awb-bg-size:cover;width:33.333333333333%;width:calc(33.333333333333% - ( ( 4% + 4% ) * 0.33333333333333 ) );margin-right: 4%;\"><div class=\"fusion-column-wrapper fusion-column-has-shadow fusion-flex-column-wrapper-legacy\"><div class=\"fusion-image-element in-legacy-container\" style=\"--awb-caption-title-font-family:var(--h2_typography-font-family);--awb-caption-title-font-weight:var(--h2_typography-font-weight);--awb-caption-title-font-style:var(--h2_typography-font-style);--awb-caption-title-size:var(--h2_typography-font-size);--awb-caption-title-transform:var(--h2_typography-text-transform);--awb-caption-title-line-height:var(--h2_typography-line-height);--awb-caption-title-letter-spacing:var(--h2_typography-letter-spacing);\"><span class=\" fusion-imageframe imageframe-none imageframe-2 hover-type-none staff_picture\"><img decoding=\"async\" width=\"480\" height=\"640\" alt=\"David Ames\" title=\"David-Ames\" src=\"http:\/\/www.legalaid-aidejuridique-nb.ca\/wp-content\/uploads\/2020\/03\/David-Ames.jpg\" class=\"img-responsive wp-image-4081\" srcset=\"https:\/\/www.legalaid-aidejuridique-nb.ca\/wp-content\/uploads\/2020\/03\/David-Ames-200x267.jpg 200w, https:\/\/www.legalaid-aidejuridique-nb.ca\/wp-content\/uploads\/2020\/03\/David-Ames-400x533.jpg 400w, https:\/\/www.legalaid-aidejuridique-nb.ca\/wp-content\/uploads\/2020\/03\/David-Ames.jpg 480w\" sizes=\"(max-width: 800px) 100vw, 480px\" \/><\/span><\/div><div class=\"fusion-text fusion-text-3\"><p><strong>Vice-pr\u00e9sident<\/strong><br \/>\nDavid Ames, c.r., LL.B.<br \/>\n(St. Stephen)<\/p>\n<\/div><div class=\"fusion-clearfix\"><\/div><\/div><\/div><div class=\"fusion-layout-column fusion_builder_column fusion-builder-column-4 fusion_builder_column_1_3 1_3 fusion-one-third fusion-column-last\" style=\"--awb-bg-size:cover;width:33.333333333333%;width:calc(33.333333333333% - ( ( 4% + 4% ) * 0.33333333333333 ) );\"><div class=\"fusion-column-wrapper fusion-column-has-shadow fusion-flex-column-wrapper-legacy\"><div class=\"fusion-image-element in-legacy-container\" style=\"--awb-caption-title-font-family:var(--h2_typography-font-family);--awb-caption-title-font-weight:var(--h2_typography-font-weight);--awb-caption-title-font-style:var(--h2_typography-font-style);--awb-caption-title-size:var(--h2_typography-font-size);--awb-caption-title-transform:var(--h2_typography-text-transform);--awb-caption-title-line-height:var(--h2_typography-line-height);--awb-caption-title-letter-spacing:var(--h2_typography-letter-spacing);\"><span class=\" fusion-imageframe imageframe-none imageframe-3 hover-type-none staff_picture\"><img decoding=\"async\" width=\"300\" height=\"279\" title=\"Bernard Arseneau\" src=\"http:\/\/www.legalaid-aidejuridique-nb.ca\/wp-content\/uploads\/2023\/03\/Bernard-Arseneau-2-300x279.png\" alt class=\"img-responsive wp-image-5666\" srcset=\"https:\/\/www.legalaid-aidejuridique-nb.ca\/wp-content\/uploads\/2023\/03\/Bernard-Arseneau-2-200x186.png 200w, https:\/\/www.legalaid-aidejuridique-nb.ca\/wp-content\/uploads\/2023\/03\/Bernard-Arseneau-2-400x372.png 400w, https:\/\/www.legalaid-aidejuridique-nb.ca\/wp-content\/uploads\/2023\/03\/Bernard-Arseneau-2-600x559.png 600w, https:\/\/www.legalaid-aidejuridique-nb.ca\/wp-content\/uploads\/2023\/03\/Bernard-Arseneau-2-800x745.png 800w, https:\/\/www.legalaid-aidejuridique-nb.ca\/wp-content\/uploads\/2023\/03\/Bernard-Arseneau-2-1200x1117.png 1200w, https:\/\/www.legalaid-aidejuridique-nb.ca\/wp-content\/uploads\/2023\/03\/Bernard-Arseneau-2.png 1422w\" sizes=\"(max-width: 800px) 100vw, 400px\" \/><\/span><\/div><div class=\"fusion-text fusion-text-4\"><p><strong>Administrateur<\/strong><br \/>\nBernard Arseneau<br \/>\n(Fredericton)<\/p>\n<\/div><div class=\"fusion-clearfix\"><\/div><\/div><\/div><div class=\"fusion-layout-column fusion_builder_column fusion-builder-column-5 fusion_builder_column_1_3 1_3 fusion-one-third fusion-column-first\" style=\"--awb-bg-size:cover;width:33.333333333333%;width:calc(33.333333333333% - ( ( 4% + 4% ) * 0.33333333333333 ) );margin-right: 4%;\"><div class=\"fusion-column-wrapper fusion-column-has-shadow fusion-flex-column-wrapper-legacy\"><div class=\"fusion-image-element in-legacy-container\" style=\"--awb-caption-title-font-family:var(--h2_typography-font-family);--awb-caption-title-font-weight:var(--h2_typography-font-weight);--awb-caption-title-font-style:var(--h2_typography-font-style);--awb-caption-title-size:var(--h2_typography-font-size);--awb-caption-title-transform:var(--h2_typography-text-transform);--awb-caption-title-line-height:var(--h2_typography-line-height);--awb-caption-title-letter-spacing:var(--h2_typography-letter-spacing);\"><span class=\" fusion-imageframe imageframe-none imageframe-4 hover-type-none staff_picture\"><img decoding=\"async\" width=\"200\" height=\"300\" title=\"Marilyn Luscombe\" src=\"http:\/\/www.legalaid-aidejuridique-nb.ca\/wp-content\/uploads\/2020\/05\/Marilyn-Luscombe-200x300.jpg\" alt class=\"img-responsive wp-image-4133\"\/><\/span><\/div><div class=\"fusion-text fusion-text-5\"><p><strong>Administrateur<\/strong><br \/>\nMarilyn Luscombe BSc, BEd, MEd<br \/>\n(Fredericton)<\/p>\n<\/div><div class=\"fusion-clearfix\"><\/div><\/div><\/div><div class=\"fusion-layout-column fusion_builder_column fusion-builder-column-6 fusion_builder_column_1_3 1_3 fusion-one-third\" style=\"--awb-bg-size:cover;width:33.333333333333%;width:calc(33.333333333333% - ( ( 4% + 4% ) * 0.33333333333333 ) );margin-right: 4%;\"><div class=\"fusion-column-wrapper fusion-column-has-shadow fusion-flex-column-wrapper-legacy\"><div class=\"fusion-image-element in-legacy-container\" style=\"--awb-caption-title-font-family:var(--h2_typography-font-family);--awb-caption-title-font-weight:var(--h2_typography-font-weight);--awb-caption-title-font-style:var(--h2_typography-font-style);--awb-caption-title-size:var(--h2_typography-font-size);--awb-caption-title-transform:var(--h2_typography-text-transform);--awb-caption-title-line-height:var(--h2_typography-line-height);--awb-caption-title-letter-spacing:var(--h2_typography-letter-spacing);\"><span class=\" fusion-imageframe imageframe-none imageframe-5 hover-type-none staff_picture\"><img decoding=\"async\" width=\"292\" height=\"295\" title=\"Screenshot 2026-01-22 140815\" src=\"http:\/\/www.legalaid-aidejuridique-nb.ca\/wp-content\/uploads\/2026\/01\/Screenshot-2026-01-22-140815-2.png\" alt class=\"img-responsive wp-image-6736\" srcset=\"https:\/\/www.legalaid-aidejuridique-nb.ca\/wp-content\/uploads\/2026\/01\/Screenshot-2026-01-22-140815-2-200x202.png 200w, https:\/\/www.legalaid-aidejuridique-nb.ca\/wp-content\/uploads\/2026\/01\/Screenshot-2026-01-22-140815-2.png 292w\" sizes=\"(max-width: 800px) 100vw, 292px\" \/><\/span><\/div><div class=\"fusion-text fusion-text-6\"><p><strong>Administrateur<\/strong><br \/>\n<span data-teams=\"true\">Tiffany Boyd<\/span>, <span data-teams=\"true\">FNHP <\/span><br \/>\n(<span data-teams=\"true\">Eel River Bar<\/span>)<\/p>\n<\/div><div class=\"fusion-clearfix\"><\/div><\/div><\/div><div class=\"fusion-layout-column fusion_builder_column fusion-builder-column-7 fusion_builder_column_1_3 1_3 fusion-one-third fusion-column-last\" style=\"--awb-bg-size:cover;width:33.333333333333%;width:calc(33.333333333333% - ( ( 4% + 4% ) * 0.33333333333333 ) );\"><div class=\"fusion-column-wrapper fusion-column-has-shadow fusion-flex-column-wrapper-legacy\"><div class=\"fusion-image-element in-legacy-container\" style=\"--awb-caption-title-font-family:var(--h2_typography-font-family);--awb-caption-title-font-weight:var(--h2_typography-font-weight);--awb-caption-title-font-style:var(--h2_typography-font-style);--awb-caption-title-size:var(--h2_typography-font-size);--awb-caption-title-transform:var(--h2_typography-text-transform);--awb-caption-title-line-height:var(--h2_typography-line-height);--awb-caption-title-letter-spacing:var(--h2_typography-letter-spacing);\"><span class=\" fusion-imageframe imageframe-none imageframe-6 hover-type-none staff_picture\"><img decoding=\"async\" width=\"242\" height=\"237\" title=\"Daniel Jardine\" src=\"http:\/\/www.legalaid-aidejuridique-nb.ca\/wp-content\/uploads\/2021\/08\/Daniel-Jardine.jpg\" alt class=\"img-responsive wp-image-4957\" srcset=\"https:\/\/www.legalaid-aidejuridique-nb.ca\/wp-content\/uploads\/2021\/08\/Daniel-Jardine-200x196.jpg 200w, https:\/\/www.legalaid-aidejuridique-nb.ca\/wp-content\/uploads\/2021\/08\/Daniel-Jardine.jpg 242w\" sizes=\"(max-width: 800px) 100vw, 242px\" \/><\/span><\/div><div class=\"fusion-text fusion-text-7\"><p><strong>Administrateur<br \/>\n<\/strong>Daniel Jardine<br \/>\n(Miramichi)<\/p>\n<\/div><div class=\"fusion-clearfix\"><\/div><\/div><\/div><div class=\"fusion-layout-column fusion_builder_column fusion-builder-column-8 fusion_builder_column_1_3 1_3 fusion-one-third fusion-column-first\" style=\"--awb-bg-size:cover;width:33.333333333333%;width:calc(33.333333333333% - ( ( 4% + 4% ) * 0.33333333333333 ) );margin-right: 4%;\"><div class=\"fusion-column-wrapper fusion-column-has-shadow fusion-flex-column-wrapper-legacy\"><div class=\"fusion-image-element in-legacy-container\" style=\"--awb-caption-title-font-family:var(--h2_typography-font-family);--awb-caption-title-font-weight:var(--h2_typography-font-weight);--awb-caption-title-font-style:var(--h2_typography-font-style);--awb-caption-title-size:var(--h2_typography-font-size);--awb-caption-title-transform:var(--h2_typography-text-transform);--awb-caption-title-line-height:var(--h2_typography-line-height);--awb-caption-title-letter-spacing:var(--h2_typography-letter-spacing);\"><span class=\" fusion-imageframe imageframe-none imageframe-7 hover-type-none staff_picture\"><img decoding=\"async\" width=\"243\" height=\"300\" title=\"Tanya Chapman\" src=\"http:\/\/www.legalaid-aidejuridique-nb.ca\/wp-content\/uploads\/2023\/05\/Tanya-Chapman-243x300.jpg\" alt class=\"img-responsive wp-image-5724\" srcset=\"https:\/\/www.legalaid-aidejuridique-nb.ca\/wp-content\/uploads\/2023\/05\/Tanya-Chapman-200x247.jpg 200w, https:\/\/www.legalaid-aidejuridique-nb.ca\/wp-content\/uploads\/2023\/05\/Tanya-Chapman-400x494.jpg 400w, https:\/\/www.legalaid-aidejuridique-nb.ca\/wp-content\/uploads\/2023\/05\/Tanya-Chapman.jpg 573w\" sizes=\"(max-width: 800px) 100vw, 400px\" \/><\/span><\/div><div class=\"fusion-text fusion-text-8\"><p><strong>Administrateur<\/strong><br \/>\nTanya Chapman, BA, BEd, MBA<br \/>\nCPHR (Saint John)<\/p>\n<\/div><div class=\"fusion-clearfix\"><\/div><\/div><\/div><div class=\"fusion-layout-column fusion_builder_column fusion-builder-column-9 fusion_builder_column_1_3 1_3 fusion-one-third\" style=\"--awb-bg-size:cover;width:33.333333333333%;width:calc(33.333333333333% - ( ( 4% + 4% ) * 0.33333333333333 ) );margin-right: 4%;\"><div class=\"fusion-column-wrapper fusion-column-has-shadow fusion-flex-column-wrapper-legacy\"><div class=\"fusion-clearfix\"><\/div><\/div><\/div><div class=\"fusion-layout-column fusion_builder_column fusion-builder-column-10 fusion_builder_column_1_3 1_3 fusion-one-third fusion-column-last\" style=\"--awb-bg-size:cover;width:33.333333333333%;width:calc(33.333333333333% - ( ( 4% + 4% ) * 0.33333333333333 ) );\"><div class=\"fusion-column-wrapper fusion-column-has-shadow fusion-flex-column-wrapper-legacy\"><div class=\"fusion-clearfix\"><\/div><\/div><\/div><div class=\"fusion-layout-column fusion_builder_column fusion-builder-column-11 fusion_builder_column_1_3 1_3 fusion-one-third fusion-column-first\" style=\"--awb-bg-size:cover;width:33.333333333333%;width:calc(33.333333333333% - ( ( 4% ) * 0.33333333333333 ) );margin-right: 4%;\"><div class=\"fusion-column-wrapper fusion-column-has-shadow fusion-flex-column-wrapper-legacy\"><div class=\"fusion-clearfix\"><\/div><\/div><\/div><\/div><\/div><\/p>\n","protected":false},"excerpt":{"rendered":"","protected":false},"author":1,"featured_media":0,"parent":3210,"menu_order":0,"comment_status":"closed","ping_status":"closed","template":"","meta":{"footnotes":""},"class_list":["post-3268","page","type-page","status-publish","hentry"],"yoast_head":"<!-- This site is optimized with the Yoast SEO plugin v27.3 - https:\/\/yoast.com\/product\/yoast-seo-wordpress\/ -->\n<title>Conseil d\u2019administration -<\/title>\n<meta name=\"robots\" content=\"index, follow, max-snippet:-1, max-image-preview:large, max-video-preview:-1\" \/>\n<link rel=\"canonical\" href=\"https:\/\/www.legalaid-aidejuridique-nb.ca\/fr\/profil\/conseil-dadministration\/\" \/>\n<meta property=\"og:locale\" content=\"fr_FR\" \/>\n<meta property=\"og:type\" content=\"article\" \/>\n<meta property=\"og:title\" content=\"Conseil d\u2019administration -\" \/>\n<meta property=\"og:url\" content=\"https:\/\/www.legalaid-aidejuridique-nb.ca\/fr\/profil\/conseil-dadministration\/\" \/>\n<meta property=\"article:modified_time\" content=\"2026-01-22T18:23:04+00:00\" \/>\n<meta name=\"twitter:card\" content=\"summary_large_image\" \/>\n<meta name=\"twitter:label1\" content=\"Dur\u00e9e de lecture estim\u00e9e\" \/>\n\t<meta name=\"twitter:data1\" content=\"2 minutes\" \/>\n<!-- \/ Yoast SEO plugin. -->","yoast_head_json":{"title":"Conseil d\u2019administration -","robots":{"index":"index","follow":"follow","max-snippet":"max-snippet:-1","max-image-preview":"max-image-preview:large","max-video-preview":"max-video-preview:-1"},"canonical":"https:\/\/www.legalaid-aidejuridique-nb.ca\/fr\/profil\/conseil-dadministration\/","og_locale":"fr_FR","og_type":"article","og_title":"Conseil d\u2019administration -","og_url":"https:\/\/www.legalaid-aidejuridique-nb.ca\/fr\/profil\/conseil-dadministration\/","article_modified_time":"2026-01-22T18:23:04+00:00","twitter_card":"summary_large_image","twitter_misc":{"Dur\u00e9e de lecture estim\u00e9e":"2 minutes"},"schema":{"@context":"https:\/\/schema.org","@graph":[{"@type":"WebPage","@id":"https:\/\/www.legalaid-aidejuridique-nb.ca\/fr\/profil\/conseil-dadministration\/","url":"https:\/\/www.legalaid-aidejuridique-nb.ca\/fr\/profil\/conseil-dadministration\/","name":"Conseil d\u2019administration -","isPartOf":{"@id":"https:\/\/www.legalaid-aidejuridique-nb.ca\/fr\/#website"},"datePublished":"2019-10-13T19:39:56+00:00","dateModified":"2026-01-22T18:23:04+00:00","breadcrumb":{"@id":"https:\/\/www.legalaid-aidejuridique-nb.ca\/fr\/profil\/conseil-dadministration\/#breadcrumb"},"inLanguage":"fr-FR","potentialAction":[{"@type":"ReadAction","target":["https:\/\/www.legalaid-aidejuridique-nb.ca\/fr\/profil\/conseil-dadministration\/"]}]},{"@type":"BreadcrumbList","@id":"https:\/\/www.legalaid-aidejuridique-nb.ca\/fr\/profil\/conseil-dadministration\/#breadcrumb","itemListElement":[{"@type":"ListItem","position":1,"name":"Home","item":"https:\/\/www.legalaid-aidejuridique-nb.ca\/fr\/welcome-bienvenue\/"},{"@type":"ListItem","position":2,"name":"Profil","item":"https:\/\/www.legalaid-aidejuridique-nb.ca\/fr\/about-us\/"},{"@type":"ListItem","position":3,"name":"Conseil d\u2019administration"}]},{"@type":"WebSite","@id":"https:\/\/www.legalaid-aidejuridique-nb.ca\/fr\/#website","url":"https:\/\/www.legalaid-aidejuridique-nb.ca\/fr\/","name":"","description":"","potentialAction":[{"@type":"SearchAction","target":{"@type":"EntryPoint","urlTemplate":"https:\/\/www.legalaid-aidejuridique-nb.ca\/fr\/?s={search_term_string}"},"query-input":{"@type":"PropertyValueSpecification","valueRequired":true,"valueName":"search_term_string"}}],"inLanguage":"fr-FR"}]}},"_links":{"self":[{"href":"https:\/\/www.legalaid-aidejuridique-nb.ca\/fr\/wp-json\/wp\/v2\/pages\/3268","targetHints":{"allow":["GET"]}}],"collection":[{"href":"https:\/\/www.legalaid-aidejuridique-nb.ca\/fr\/wp-json\/wp\/v2\/pages"}],"about":[{"href":"https:\/\/www.legalaid-aidejuridique-nb.ca\/fr\/wp-json\/wp\/v2\/types\/page"}],"author":[{"embeddable":true,"href":"https:\/\/www.legalaid-aidejuridique-nb.ca\/fr\/wp-json\/wp\/v2\/users\/1"}],"replies":[{"embeddable":true,"href":"https:\/\/www.legalaid-aidejuridique-nb.ca\/fr\/wp-json\/wp\/v2\/comments?post=3268"}],"version-history":[{"count":36,"href":"https:\/\/www.legalaid-aidejuridique-nb.ca\/fr\/wp-json\/wp\/v2\/pages\/3268\/revisions"}],"predecessor-version":[{"id":6739,"href":"https:\/\/www.legalaid-aidejuridique-nb.ca\/fr\/wp-json\/wp\/v2\/pages\/3268\/revisions\/6739"}],"up":[{"embeddable":true,"href":"https:\/\/www.legalaid-aidejuridique-nb.ca\/fr\/wp-json\/wp\/v2\/pages\/3210"}],"wp:attachment":[{"href":"https:\/\/www.legalaid-aidejuridique-nb.ca\/fr\/wp-json\/wp\/v2\/media?parent=3268"}],"curies":[{"name":"wp","href":"https:\/\/api.w.org\/{rel}","templated":true}]}}