{"id":3239,"date":"2019-10-13T19:14:22","date_gmt":"2019-10-13T19:14:22","guid":{"rendered":"http:\/\/www.legalaid-aidejuridique-nb.ca\/dev\/?page_id=3239"},"modified":"2024-07-08T09:08:02","modified_gmt":"2024-07-08T13:08:02","slug":"pour-nous-joindre","status":"publish","type":"page","link":"https:\/\/www.legalaid-aidejuridique-nb.ca\/fr\/pour-nous-joindre\/","title":{"rendered":"Pour nous joindre"},"content":{"rendered":"<p><div class=\"fusion-fullwidth fullwidth-box fusion-builder-row-1 nonhundred-percent-fullwidth non-hundred-percent-height-scrolling\" style=\"--awb-border-radius-top-left:0px;--awb-border-radius-top-right:0px;--awb-border-radius-bottom-right:0px;--awb-border-radius-bottom-left:0px;--awb-flex-wrap:wrap;\" ><div class=\"fusion-builder-row fusion-row\"><div class=\"fusion-layout-column fusion_builder_column fusion-builder-column-0 fusion_builder_column_1_1 1_1 fusion-one-full fusion-column-first fusion-column-last\" style=\"--awb-padding-top:0px;--awb-padding-right:0px;--awb-padding-bottom:0px;--awb-padding-left:0px;--awb-bg-size:cover;--awb-margin-bottom:0px;\"><div class=\"fusion-column-wrapper fusion-column-has-shadow fusion-flex-column-wrapper-legacy\"><div class=\"fusion-title title fusion-title-1 fusion-title-text fusion-title-size-one\" style=\"--awb-margin-top-small:0px;--awb-margin-right-small:0px;--awb-margin-bottom-small:20px;--awb-margin-left-small:0px;\"><h1 class=\"fusion-title-heading title-heading-left fusion-responsive-typography-calculated\" style=\"margin:0;--fontSize:30;line-height:1.14;\">Pour nous joindre<\/h1><span class=\"awb-title-spacer\"><\/span><div class=\"title-sep-container\"><div class=\"title-sep sep- sep-solid\" style=\"border-color:#e2e2e2;\"><\/div><\/div><\/div><div class=\"fusion-clearfix\"><\/div><\/div><\/div><\/div><\/div><div class=\"fusion-fullwidth fullwidth-box fusion-builder-row-2 nonhundred-percent-fullwidth non-hundred-percent-height-scrolling\" style=\"--awb-border-radius-top-left:0px;--awb-border-radius-top-right:0px;--awb-border-radius-bottom-right:0px;--awb-border-radius-bottom-left:0px;--awb-flex-wrap:wrap;\" ><div class=\"fusion-builder-row fusion-row\"><div class=\"fusion-layout-column fusion_builder_column fusion-builder-column-1 fusion_builder_column_1_1 1_1 fusion-one-full fusion-column-first fusion-column-last\" style=\"--awb-bg-size:cover;\"><div class=\"fusion-column-wrapper fusion-column-has-shadow fusion-flex-column-wrapper-legacy\"><div class=\"fusion-text fusion-text-1\"><p>Merci d\u2019avoir visit\u00e9 le site de la CSAJNB.<\/p>\n<h2>Services en droit criminel ou des services en droit de la famille<\/h2>\n<p>Si vous voulez obtenir plus d\u2019information concernant votre situation sp\u00e9cifique, ou si vous souhaitez demander des services de l\u2019aide juridique, veuillez communiquer avec votre bureau local.<\/p>\n<\/div><div class=\"fusion-clearfix\"><\/div><\/div><\/div><div class=\"fusion-layout-column fusion_builder_column fusion-builder-column-2 fusion_builder_column_1_3 1_3 fusion-one-third fusion-column-first\" style=\"--awb-bg-size:cover;width:33.333333333333%;width:calc(33.333333333333% - ( ( 4% + 4% ) * 0.33333333333333 ) );margin-right: 4%;\"><div class=\"fusion-column-wrapper fusion-column-has-shadow fusion-flex-column-wrapper-legacy\"><div class=\"fusion-text fusion-text-2\"><p><strong>Bathurst<br \/>\n<\/strong><span style=\"font-family: inherit; font-size: inherit;\">275, rue Main, bureau 215<br \/>\n<\/span>Bathurst, N.-B.\u00a0 E2A 1A9<br \/>\nT\u00e9l\u00e9phone : (<a class=\"tel\" href=\"tel:+15065465010\">506) 546-5010<\/a><br \/>\nT\u00e9l\u00e9copieur : (506) 548-4488<\/p>\n<p><strong>Campbellton<br \/>\n<\/strong>19, rue Aberdeen, bureau 201<br \/>\nCampbellton, N.-B.\u00a0 E3N 2J6<br \/>\nT\u00e9l\u00e9phone : (<a class=\"tel\" href=\"tel:+15067536453\">506) 753-6453<\/a><br \/>\nT\u00e9l\u00e9copieur : (506) 753-5656<\/p>\n<p><strong>Edmundston<br \/>\n<\/strong><span style=\"font-family: inherit; font-size: inherit;\">121, rue de l\u2019\u00c9glise, bureau 209<br \/>\n<\/span>Edmundston, N.-B.\u00a0 E3V 1J9<br \/>\nT\u00e9l\u00e9phone : (<a class=\"tel\" href=\"tel:+15067354213\">506) 735-4213<\/a><br \/>\nT\u00e9l\u00e9copieur : (506) 735-7556<\/p>\n<\/div><div class=\"fusion-clearfix\"><\/div><\/div><\/div><div class=\"fusion-layout-column fusion_builder_column fusion-builder-column-3 fusion_builder_column_1_3 1_3 fusion-one-third\" style=\"--awb-bg-size:cover;width:33.333333333333%;width:calc(33.333333333333% - ( ( 4% + 4% ) * 0.33333333333333 ) );margin-right: 4%;\"><div class=\"fusion-column-wrapper fusion-column-has-shadow fusion-flex-column-wrapper-legacy\"><div class=\"fusion-text fusion-text-3\" style=\"--awb-text-transform:none;\"><p><strong>Fredericton<br \/>\n<\/strong><span style=\"font-family: inherit; font-size: inherit;\">412, rue Queen, bureau 210<br \/>\n<\/span>Fredericton, N.-B.\u00a0 E3B 1B6<br \/>\nT\u00e9l\u00e9phone : (<a class=\"tel\" href=\"tel:+15064442776\">506) 444-2777<\/a><br \/>\nT\u00e9l\u00e9copieur : (506) 462-2290<\/p>\n<p><strong>Miramichi<br \/>\n<\/strong>673, route King George, bureau 103<br \/>\nPalais de justice de Miramichi<br \/>\nMiramichi, N.-B.\u00a0 E1V 1N6<br \/>\nT\u00e9l\u00e9phone : (<a class=\"tel\" href=\"tel:+15066221061\">506) 622-1061<\/a><br \/>\nT\u00e9l\u00e9copieur : (506) 622-8012<\/p>\n<p><strong>Moncton<br \/>\n<\/strong><span style=\"font-family: inherit; font-size: inherit;\">774, rue Main, bureau 300<br \/>\n<\/span>Moncton, N.-B.\u00a0 E1C 9Y3<br \/>\nT\u00e9l\u00e9phone : (<a class=\"tel\" href=\"tel:+15068537300\">506) 853-7300<\/a><br \/>\nT\u00e9l\u00e9copieur : (506)-853-8686<\/p>\n<\/div><div class=\"fusion-clearfix\"><\/div><\/div><\/div><div class=\"fusion-layout-column fusion_builder_column fusion-builder-column-4 fusion_builder_column_1_3 1_3 fusion-one-third fusion-column-last\" style=\"--awb-bg-size:cover;width:33.333333333333%;width:calc(33.333333333333% - ( ( 4% + 4% ) * 0.33333333333333 ) );\"><div class=\"fusion-column-wrapper fusion-column-has-shadow fusion-flex-column-wrapper-legacy\"><div class=\"fusion-text fusion-text-4\" style=\"--awb-text-transform:none;\"><p><strong>Saint John<br \/>\n<\/strong><span style=\"font-family: inherit; font-size: inherit;\">15 Market Square, bureau 802<br \/>\n<\/span>Saint John, N.-B.\u00a0 E2L 1E8<br \/>\nT\u00e9l\u00e9phone : (<a href=\"tel:+15066336030\">506)-633-6030<\/a><br \/>\nT\u00e9l\u00e9copieur : (506) 633-8994<\/p>\n<p><strong>Woodstock<br \/>\n<\/strong>633, rue Main, bureau 122<br \/>\nWoodstock, N.-B.\u00a0 E7M 2C6<br \/>\nT\u00e9l\u00e9phone : (<a href=\"tel:+15063288127\">506) 328-8127<\/a><br \/>\nT\u00e9l\u00e9copieur : (506) 328-8362<\/p>\n<\/div><div class=\"fusion-clearfix\"><\/div><\/div><\/div><div class=\"fusion-layout-column fusion_builder_column fusion-builder-column-5 fusion_builder_column_1_3 1_3 fusion-one-third fusion-column-first\" style=\"--awb-bg-size:cover;width:33.333333333333%;width:calc(33.333333333333% - ( ( 4% + 4% ) * 0.33333333333333 ) );margin-right: 4%;\"><div class=\"fusion-column-wrapper fusion-column-has-shadow fusion-flex-column-wrapper-legacy\"><div class=\"fusion-text fusion-text-5\"><h2>Services du curateur public<\/h2>\n<p>Si vous voulez plus d\u2019information concernant des services du curateur public, veuillez nous contacter au\u00a0:<\/p>\n<p>Commission de services d\u2019aide juridique du Nouveau-Brunswick<br \/>\n500, cour Beaverbrook, bureau 501<br \/>\nFredericton, N.-B.\u00a0 E3B 5X4<\/p>\n<p>T\u00e9l\u00e9phone : <a class=\"tel\" href=\"tel:+15064443688\">(506) 444-3688<\/a> ou <a class=\"tel\" href=\"tel:+18883368383\">1-888-336-8383<\/a><br \/>\nFacsimile : (506) 444-3500<br \/>\nCourriel : <a href=\"mailto:curateur.public@gnb.ca\">curateur.public@gnb.ca<\/a><\/p>\n<p>Veuillez prendre rendez-vous si vous d\u00e9sirez rencontrer le curateur public.<\/p>\n<\/div><div class=\"fusion-clearfix\"><\/div><\/div><\/div><div class=\"fusion-layout-column fusion_builder_column fusion-builder-column-6 fusion_builder_column_1_3 1_3 fusion-one-third\" style=\"--awb-bg-size:cover;width:33.333333333333%;width:calc(33.333333333333% - ( ( 4% + 4% ) * 0.33333333333333 ) );margin-right: 4%;\"><div class=\"fusion-column-wrapper fusion-column-has-shadow fusion-flex-column-wrapper-legacy\"><div class=\"fusion-text fusion-text-6\"><h2>Bureau Provincial<\/h2>\n<p>Pour des demandes g\u00e9n\u00e9rales ou pour nous dire ce que vous pensez de notre site et de son contenu, veuillez nous \u00e9crire \u00e0 l\u2019adresse ci-dessous ou nous envoyer un courriel \u00e9lectronique.<\/p>\n<p>Commission de services d\u2019aide juridique du Nouveau-Brunswick<br \/>\n500, cour Beaverbrook, bureau 501<br \/>\nFredericton, N.-B.\u00a0 E3B 5X4<\/p>\n<p>T\u00e9l\u00e9phone : <a class=\"tel\" href=\"tel:+15064442776\">(506) 444-2776<\/a><br \/>\nFacsimile : (506) 462-2290<br \/>\nCourriel : <a href=\"mailto:info@aidejuridique.nb.ca\">info@aidejuridique.nb.ca<\/a><\/p>\n<\/div><div class=\"fusion-clearfix\"><\/div><\/div><\/div><div class=\"fusion-layout-column fusion_builder_column fusion-builder-column-7 fusion_builder_column_1_3 1_3 fusion-one-third fusion-column-last\" style=\"--awb-bg-size:cover;width:33.333333333333%;width:calc(33.333333333333% - ( ( 4% + 4% ) * 0.33333333333333 ) );\"><div class=\"fusion-column-wrapper fusion-column-has-shadow fusion-flex-column-wrapper-legacy\"><div class=\"fusion-text fusion-text-7\"><h2>Plaintes<\/h2>\n<p>Pour d\u00e9poser une plainte \u00e0 propos de l\u2019aide juridique, vous devez la formuler par \u00e9crit et l\u2019envoyer au\u00a0:<\/p>\n<p>Commission des services d\u2019aide juridique du Nouveau-Brunswick<br \/>\n\u00c0 l\u2019attention du directeur g\u00e9n\u00e9ral<br \/>\n500, cour Beaverbrook, bureau 501<br \/>\nFredericton, N.-B.\u00a0 E3B 5X4<\/p>\n<\/div><div class=\"fusion-clearfix\"><\/div><\/div><\/div><\/div><\/div><\/p>\n","protected":false},"excerpt":{"rendered":"","protected":false},"author":1,"featured_media":0,"parent":0,"menu_order":0,"comment_status":"closed","ping_status":"closed","template":"","meta":{"footnotes":""},"class_list":["post-3239","page","type-page","status-publish","hentry"],"yoast_head":"<!-- This site is optimized with the Yoast SEO plugin v27.3 - https:\/\/yoast.com\/product\/yoast-seo-wordpress\/ -->\n<title>Pour nous joindre -<\/title>\n<meta name=\"robots\" content=\"index, follow, max-snippet:-1, max-image-preview:large, max-video-preview:-1\" \/>\n<link rel=\"canonical\" href=\"https:\/\/www.legalaid-aidejuridique-nb.ca\/fr\/pour-nous-joindre\/\" \/>\n<meta property=\"og:locale\" content=\"fr_FR\" \/>\n<meta property=\"og:type\" content=\"article\" \/>\n<meta property=\"og:title\" content=\"Pour nous joindre -\" \/>\n<meta property=\"og:url\" content=\"https:\/\/www.legalaid-aidejuridique-nb.ca\/fr\/pour-nous-joindre\/\" \/>\n<meta property=\"article:modified_time\" content=\"2024-07-08T13:08:02+00:00\" \/>\n<meta name=\"twitter:card\" content=\"summary_large_image\" \/>\n<meta name=\"twitter:label1\" content=\"Dur\u00e9e de lecture estim\u00e9e\" \/>\n\t<meta name=\"twitter:data1\" content=\"2 minutes\" \/>\n<!-- \/ Yoast SEO plugin. -->","yoast_head_json":{"title":"Pour nous joindre -","robots":{"index":"index","follow":"follow","max-snippet":"max-snippet:-1","max-image-preview":"max-image-preview:large","max-video-preview":"max-video-preview:-1"},"canonical":"https:\/\/www.legalaid-aidejuridique-nb.ca\/fr\/pour-nous-joindre\/","og_locale":"fr_FR","og_type":"article","og_title":"Pour nous joindre -","og_url":"https:\/\/www.legalaid-aidejuridique-nb.ca\/fr\/pour-nous-joindre\/","article_modified_time":"2024-07-08T13:08:02+00:00","twitter_card":"summary_large_image","twitter_misc":{"Dur\u00e9e de lecture estim\u00e9e":"2 minutes"},"schema":{"@context":"https:\/\/schema.org","@graph":[{"@type":"WebPage","@id":"https:\/\/www.legalaid-aidejuridique-nb.ca\/fr\/pour-nous-joindre\/","url":"https:\/\/www.legalaid-aidejuridique-nb.ca\/fr\/pour-nous-joindre\/","name":"Pour nous joindre -","isPartOf":{"@id":"https:\/\/www.legalaid-aidejuridique-nb.ca\/fr\/#website"},"datePublished":"2019-10-13T19:14:22+00:00","dateModified":"2024-07-08T13:08:02+00:00","breadcrumb":{"@id":"https:\/\/www.legalaid-aidejuridique-nb.ca\/fr\/pour-nous-joindre\/#breadcrumb"},"inLanguage":"fr-FR","potentialAction":[{"@type":"ReadAction","target":["https:\/\/www.legalaid-aidejuridique-nb.ca\/fr\/pour-nous-joindre\/"]}]},{"@type":"BreadcrumbList","@id":"https:\/\/www.legalaid-aidejuridique-nb.ca\/fr\/pour-nous-joindre\/#breadcrumb","itemListElement":[{"@type":"ListItem","position":1,"name":"Home","item":"https:\/\/www.legalaid-aidejuridique-nb.ca\/fr\/welcome-bienvenue\/"},{"@type":"ListItem","position":2,"name":"Pour nous joindre"}]},{"@type":"WebSite","@id":"https:\/\/www.legalaid-aidejuridique-nb.ca\/fr\/#website","url":"https:\/\/www.legalaid-aidejuridique-nb.ca\/fr\/","name":"","description":"","potentialAction":[{"@type":"SearchAction","target":{"@type":"EntryPoint","urlTemplate":"https:\/\/www.legalaid-aidejuridique-nb.ca\/fr\/?s={search_term_string}"},"query-input":{"@type":"PropertyValueSpecification","valueRequired":true,"valueName":"search_term_string"}}],"inLanguage":"fr-FR"}]}},"_links":{"self":[{"href":"https:\/\/www.legalaid-aidejuridique-nb.ca\/fr\/wp-json\/wp\/v2\/pages\/3239","targetHints":{"allow":["GET"]}}],"collection":[{"href":"https:\/\/www.legalaid-aidejuridique-nb.ca\/fr\/wp-json\/wp\/v2\/pages"}],"about":[{"href":"https:\/\/www.legalaid-aidejuridique-nb.ca\/fr\/wp-json\/wp\/v2\/types\/page"}],"author":[{"embeddable":true,"href":"https:\/\/www.legalaid-aidejuridique-nb.ca\/fr\/wp-json\/wp\/v2\/users\/1"}],"replies":[{"embeddable":true,"href":"https:\/\/www.legalaid-aidejuridique-nb.ca\/fr\/wp-json\/wp\/v2\/comments?post=3239"}],"version-history":[{"count":16,"href":"https:\/\/www.legalaid-aidejuridique-nb.ca\/fr\/wp-json\/wp\/v2\/pages\/3239\/revisions"}],"predecessor-version":[{"id":6158,"href":"https:\/\/www.legalaid-aidejuridique-nb.ca\/fr\/wp-json\/wp\/v2\/pages\/3239\/revisions\/6158"}],"wp:attachment":[{"href":"https:\/\/www.legalaid-aidejuridique-nb.ca\/fr\/wp-json\/wp\/v2\/media?parent=3239"}],"curies":[{"name":"wp","href":"https:\/\/api.w.org\/{rel}","templated":true}]}}