{"id":3235,"date":"2019-10-13T19:13:02","date_gmt":"2019-10-13T19:13:02","guid":{"rendered":"http:\/\/www.legalaid-aidejuridique-nb.ca\/dev\/?page_id=3235"},"modified":"2026-03-30T13:20:25","modified_gmt":"2026-03-30T17:20:25","slug":"ressources","status":"publish","type":"page","link":"https:\/\/www.legalaid-aidejuridique-nb.ca\/fr\/ressources\/","title":{"rendered":"Ressources"},"content":{"rendered":"<p><div class=\"fusion-fullwidth fullwidth-box fusion-builder-row-1 nonhundred-percent-fullwidth non-hundred-percent-height-scrolling\" style=\"--awb-border-radius-top-left:0px;--awb-border-radius-top-right:0px;--awb-border-radius-bottom-right:0px;--awb-border-radius-bottom-left:0px;--awb-flex-wrap:wrap;\" ><div class=\"fusion-builder-row fusion-row\"><div class=\"fusion-layout-column fusion_builder_column fusion-builder-column-0 fusion_builder_column_1_1 1_1 fusion-one-full fusion-column-first fusion-column-last\" style=\"--awb-padding-top:0px;--awb-padding-right:0px;--awb-padding-bottom:0px;--awb-padding-left:0px;--awb-bg-size:cover;--awb-margin-bottom:0px;\"><div class=\"fusion-column-wrapper fusion-column-has-shadow fusion-flex-column-wrapper-legacy\"><div class=\"fusion-title title fusion-title-1 fusion-title-text fusion-title-size-one\" style=\"--awb-margin-top-small:0px;--awb-margin-right-small:0px;--awb-margin-bottom-small:20px;--awb-margin-left-small:0px;\"><h1 class=\"fusion-title-heading title-heading-left fusion-responsive-typography-calculated\" style=\"margin:0;--fontSize:30;line-height:1.14;\">Ressources<\/h1><span class=\"awb-title-spacer\"><\/span><div class=\"title-sep-container\"><div class=\"title-sep sep- sep-solid\" style=\"border-color:#e2e2e2;\"><\/div><\/div><\/div><div class=\"fusion-clearfix\"><\/div><\/div><\/div><\/div><\/div><div class=\"fusion-fullwidth fullwidth-box fusion-builder-row-2 nonhundred-percent-fullwidth non-hundred-percent-height-scrolling\" style=\"--awb-border-radius-top-left:0px;--awb-border-radius-top-right:0px;--awb-border-radius-bottom-right:0px;--awb-border-radius-bottom-left:0px;--awb-flex-wrap:wrap;\" ><div class=\"fusion-builder-row fusion-row\"><div class=\"fusion-layout-column fusion_builder_column fusion-builder-column-1 fusion_builder_column_1_1 1_1 fusion-one-full fusion-column-first fusion-column-last\" style=\"--awb-bg-size:cover;\"><div class=\"fusion-column-wrapper fusion-column-has-shadow fusion-flex-column-wrapper-legacy\"><div class=\"fusion-text fusion-text-1\"><p>L\u2019aide juridique peut vous renseigner au sujet des cliniques juridiques locales et des services sp\u00e9ciaux qui sont offerts dans votre r\u00e9gion, ou vous orienter vers les ressources d\u2019aide juridique que le <strong>Service public d\u2019\u00e9ducation et d\u2019information juridiques du Nouveau-Brunswick (SPEIJ-NB)<\/strong> met \u00e0 votre disposition. Pour obtenir de plus amples renseignements ou pour commander ces publications gratuites du SPEIJ-NB, visitez son site web au <a href=\"http:\/\/www.legal-info-legale.nb.ca\" target=\"_blank\" rel=\"noopener noreferrer nofollow\">www.legal-info-legale.nb.ca<\/a>.<\/p>\n<\/div><div class=\"accordian fusion-accordian\" style=\"--awb-border-size:1px;--awb-icon-size:13px;--awb-content-font-size:13px;--awb-icon-alignment:left;--awb-hover-color:#f9f9f9;--awb-border-color:#cccccc;--awb-background-color:#ffffff;--awb-divider-color:#e0dede;--awb-divider-hover-color:#e0dede;--awb-icon-color:#ffffff;--awb-title-color:#545d2f;--awb-content-color:#493c3b;--awb-icon-box-color:#333333;--awb-toggle-hover-accent-color:#545d2f;--awb-title-font-family:&quot;Noto Sans&quot;;--awb-title-font-weight:700;--awb-title-font-style:normal;--awb-title-font-size:15px;--awb-content-font-family:&quot;Noto Sans&quot;;--awb-content-font-style:normal;--awb-content-font-weight:regular;\"><div class=\"panel-group fusion-toggle-icon-boxed\" id=\"accordion-3235-1\"><div class=\"fusion-panel panel-default panel-dd89e7737d4e89226 fusion-toggle-no-divider fusion-toggle-boxed-mode\" style=\"--awb-title-color:#545d2f;--awb-content-color:#493c3b;\"><div class=\"panel-heading\"><h4 class=\"panel-title toggle\" id=\"toggle_dd89e7737d4e89226\"><a aria-expanded=\"false\" aria-controls=\"dd89e7737d4e89226\" role=\"button\" data-toggle=\"collapse\" data-parent=\"#accordion-3235-1\" data-target=\"#dd89e7737d4e89226\" href=\"#dd89e7737d4e89226\"><span class=\"fusion-toggle-icon-wrapper\" aria-hidden=\"true\"><i class=\"fa-fusion-box active-icon awb-icon-minus\" aria-hidden=\"true\"><\/i><i class=\"fa-fusion-box inactive-icon awb-icon-plus\" aria-hidden=\"true\"><\/i><\/span><span class=\"fusion-toggle-heading\">L\u2019aide juridique au Nouveau-Brunswick <\/span><\/a><\/h4><\/div><div id=\"dd89e7737d4e89226\" class=\"panel-collapse collapse \" aria-labelledby=\"toggle_dd89e7737d4e89226\"><div class=\"panel-body toggle-content fusion-clearfix\">\n<ul>\n<li><a href=\"http:\/\/www.legal-info-legale.nb.ca\/fr\/index.php?page=Legal_aid_in_new_brunswick\" target=\"_blank\" rel=\"noopener noreferrer nofollow\">Livret<\/a><\/li>\n<li><a href=\"http:\/\/www.legalaid-aidejuridique-nb.ca\/wp-content\/uploads\/2026\/03\/PT-Services-French-Brochure.pdf\" target=\"_blank\" rel=\"noopener noreferrer\">Prot\u00e9ger les int\u00e9r\u00eats personnels et financiers des personnes vuln\u00e9rables<\/a><\/li>\n<\/ul>\n<\/div><\/div><\/div><div class=\"fusion-panel panel-default panel-d4b0ba37012b9dc55 fusion-toggle-no-divider fusion-toggle-boxed-mode\"><div class=\"panel-heading\"><h4 class=\"panel-title toggle\" id=\"toggle_d4b0ba37012b9dc55\"><a aria-expanded=\"false\" aria-controls=\"d4b0ba37012b9dc55\" role=\"button\" data-toggle=\"collapse\" data-parent=\"#accordion-3235-1\" data-target=\"#d4b0ba37012b9dc55\" href=\"#d4b0ba37012b9dc55\"><span class=\"fusion-toggle-icon-wrapper\" aria-hidden=\"true\"><i class=\"fa-fusion-box active-icon awb-icon-minus\" aria-hidden=\"true\"><\/i><i class=\"fa-fusion-box inactive-icon awb-icon-plus\" aria-hidden=\"true\"><\/i><\/span><span class=\"fusion-toggle-heading\">Droit criminel <\/span><\/a><\/h4><\/div><div id=\"d4b0ba37012b9dc55\" class=\"panel-collapse collapse \" aria-labelledby=\"toggle_d4b0ba37012b9dc55\"><div class=\"panel-body toggle-content fusion-clearfix\">\n<ul>\n<li><a href=\"http:\/\/www.legal-info-legale.nb.ca\/fr\/defending_yourself_in_provincial_court\" target=\"_blank\" rel=\"noopener noreferrer nofollow\">Comment se d\u00e9fendre sans avocat en Cour provinciale<\/a><\/li>\n<li><a href=\"http:\/\/www.legal-info-legale.nb.ca\/fr\/law_police_and_you_your_questions\" target=\"_blank\" rel=\"noopener noreferrer nofollow\">La loi, la police et vous : vos droits pendant un interrogatoire, une d\u00e9tention ou une arrestation<\/a><\/li>\n<li><a href=\"http:\/\/www.legal-info-legale.nb.ca\/fr\/index.php?page=accused_of_a_crime\" target=\"_blank\" rel=\"noopener noreferrer nofollow\">Vous \u00eates accus\u00e9 d\u2019un crime? La sant\u00e9 mentale et la justice p\u00e9nale<\/a><\/li>\n<\/ul>\n<\/div><\/div><\/div><div class=\"fusion-panel panel-default panel-4918efb367920e8d1 fusion-toggle-no-divider fusion-toggle-boxed-mode\"><div class=\"panel-heading\"><h4 class=\"panel-title toggle\" id=\"toggle_4918efb367920e8d1\"><a aria-expanded=\"false\" aria-controls=\"4918efb367920e8d1\" role=\"button\" data-toggle=\"collapse\" data-parent=\"#accordion-3235-1\" data-target=\"#4918efb367920e8d1\" href=\"#4918efb367920e8d1\"><span class=\"fusion-toggle-icon-wrapper\" aria-hidden=\"true\"><i class=\"fa-fusion-box active-icon awb-icon-minus\" aria-hidden=\"true\"><\/i><i class=\"fa-fusion-box inactive-icon awb-icon-plus\" aria-hidden=\"true\"><\/i><\/span><span class=\"fusion-toggle-heading\">Droit de la famille <\/span><\/a><\/h4><\/div><div id=\"4918efb367920e8d1\" class=\"panel-collapse collapse \" aria-labelledby=\"toggle_4918efb367920e8d1\"><div class=\"panel-body toggle-content fusion-clearfix\">Pour obtenir de plus amples renseignements sur le droit de la famille, visitez <a href=\"http:\/\/www.droitdelafamillenb.ca\" target=\"_blank\" rel=\"noopener noreferrer nofollow\">www.droitdelafamillenb.ca<\/a> ou composez le 1-888-236-2444<\/p>\n<p>Les bureaux du CSAJNB sont approvisionn\u00e9s avec une gamme de ressources de droit de la famille fournis par le Service public d\u2019\u00e9ducation et d\u2019information juridiques du Nouveau-Brunswick (SPEIJ-N.-B.). Certaines des ressources disponibles incluent\u00a0:<\/p>\n<ul>\n<li><a href=\"http:\/\/www.legal-info-legale.nb.ca\/fr\/index.php?page=doing_your_own_divorce\" target=\"_blank\" rel=\"noopener noreferrer nofollow\">Obtenir son propre divorce au Nouveau-Brunswick<\/a><\/li>\n<li><a href=\"http:\/\/www.legal-info-legale.nb.ca\/fr\/nb_child_support_variation_kit\" target=\"_blank\" rel=\"noopener noreferrer nofollow\">Trousse de modification aux pensions alimentaires pour enfants du Nouveau-Brunswick<\/a><\/li>\n<li><a href=\"http:\/\/www.legal-info-legale.nb.ca\/fr\/index.php?page=financial_statement_and_income_information_to_completing_form_72J\" target=\"_blank\" rel=\"noopener noreferrer nofollow\">\u00c9tat financier et renseignements sur le revenu<\/a><\/li>\n<li><a href=\"http:\/\/www.legal-info-legale.nb.ca\/fr\/index.php?page=when_couples_separate\" target=\"_blank\" rel=\"noopener noreferrer nofollow\">Lorsqu\u2019un couple se s\u00e9pare : Droits et responsabilit\u00e9s<\/a><\/li>\n<li><a href=\"http:\/\/www.legal-info-legale.nb.ca\/fr\/index.php?page=applying_for_custody_access_and_support_in_nb_guide\" target=\"_blank\" rel=\"noopener noreferrer nofollow\">Demande pour garde, droit de visite, et pension alimentaire pour enfants<\/a><\/li>\n<li><a href=\"http:\/\/www.familylawnb.ca\/french\/family_law_publications\" target=\"_blank\" rel=\"noopener noreferrer nofollow\">Autres brochures et formulaires sur le droit de la famille<\/a><\/li>\n<li><a href=\"http:\/\/www.legal-info-legale.nb.ca\/fr\/index.php?page=for_sake_of_children\" target=\"_blank\" rel=\"noopener noreferrer nofollow\">Pour l\u2019amour des enfants<\/a> &#8211; Il s\u2019agit d\u2019un cours gratuit d\u2019une dur\u00e9e de six heures sur le r\u00f4le parental apr\u00e8s la s\u00e9paration offert par le minist\u00e8re de la Justice et procureur g\u00e9n\u00e9ral du Nouveau-Brunswick. Ce cours aide les parents \u00e0 comprendre les questions juridiques qui d\u00e9coulent de la s\u00e9paration, \u00e0 r\u00e9duire au minimum les r\u00e9percussions n\u00e9gatives pour leurs enfants et \u00e0 communiquer de mani\u00e8re \u00e0 att\u00e9nuer les conflits et le stress.<\/li>\n<\/ul>\n<\/div><\/div><\/div><div class=\"fusion-panel panel-default panel-394ed9a70fdc82b97 fusion-toggle-no-divider fusion-toggle-boxed-mode\"><div class=\"panel-heading\"><h4 class=\"panel-title toggle\" id=\"toggle_394ed9a70fdc82b97\"><a aria-expanded=\"false\" aria-controls=\"394ed9a70fdc82b97\" role=\"button\" data-toggle=\"collapse\" data-parent=\"#accordion-3235-1\" data-target=\"#394ed9a70fdc82b97\" href=\"#394ed9a70fdc82b97\"><span class=\"fusion-toggle-icon-wrapper\" aria-hidden=\"true\"><i class=\"fa-fusion-box active-icon awb-icon-minus\" aria-hidden=\"true\"><\/i><i class=\"fa-fusion-box inactive-icon awb-icon-plus\" aria-hidden=\"true\"><\/i><\/span><span class=\"fusion-toggle-heading\">Curateur public <\/span><\/a><\/h4><\/div><div id=\"394ed9a70fdc82b97\" class=\"panel-collapse collapse \" aria-labelledby=\"toggle_394ed9a70fdc82b97\"><div class=\"panel-body toggle-content fusion-clearfix\">Des ressources sont disponibles du Service public d\u2019\u00e9ducation et d\u2019information juridiques du Nouveau-Brunswick (SPEIJ-NB) concernant les testaments et planification successorale; et gestion de vos affaires financi\u00e8res et personnelles se retrouvent au lien qui suit\u00a0:<\/p>\n<ul>\n<li><a href=\"http:\/\/www.legal-info-legale.nb.ca\/fr\/planning_ahead\" target=\"_blank\" rel=\"noopener noreferrer nofollow\">Prot\u00e9gez vos droits<\/a><\/li>\n<\/ul>\n<\/div><\/div><\/div><div class=\"fusion-panel panel-default panel-4d028a06ccbc72636 fusion-toggle-no-divider fusion-toggle-boxed-mode\"><div class=\"panel-heading\"><h4 class=\"panel-title toggle\" id=\"toggle_4d028a06ccbc72636\"><a aria-expanded=\"false\" aria-controls=\"4d028a06ccbc72636\" role=\"button\" data-toggle=\"collapse\" data-parent=\"#accordion-3235-1\" data-target=\"#4d028a06ccbc72636\" href=\"#4d028a06ccbc72636\"><span class=\"fusion-toggle-icon-wrapper\" aria-hidden=\"true\"><i class=\"fa-fusion-box active-icon awb-icon-minus\" aria-hidden=\"true\"><\/i><i class=\"fa-fusion-box inactive-icon awb-icon-plus\" aria-hidden=\"true\"><\/i><\/span><span class=\"fusion-toggle-heading\">Liens vers d\u2019autres sites utiles <\/span><\/a><\/h4><\/div><div id=\"4d028a06ccbc72636\" class=\"panel-collapse collapse \" aria-labelledby=\"toggle_4d028a06ccbc72636\"><div class=\"panel-body toggle-content fusion-clearfix\">\n<ul>\n<li><a href=\"https:\/\/alzheimer.ca\/fr\/Home\" target=\"_blank\" rel=\"noopener noreferrer nofollow\">Soci\u00e9t\u00e9 Alzheimer<\/a><\/li>\n<li><a href=\"https:\/\/cmha.ca\/fr\" target=\"_blank\" rel=\"noopener noreferrer\">Association canadienne pour la sant\u00e9 mentale<\/a><\/li>\n<li><a href=\"http:\/\/fr.chimohelpline.ca\/\" target=\"_blank\" rel=\"noopener noreferrer\">Chimo ligne d&rsquo;\u00e9coute<\/a><\/li>\n<li><a href=\"https:\/\/www2.gnb.ca\/content\/gnb\/fr\/ministeres\/sante.html\" target=\"_blank\" rel=\"noopener noreferrer\">Minist\u00e8re de la sant\u00e9<\/a><\/li>\n<li><a href=\"https:\/\/www2.gnb.ca\/content\/gnb\/fr\/ministeres\/developpement_social.html\" target=\"_blank\" rel=\"noopener noreferrer nofollow\">Minist\u00e8re du D\u00e9veloppement social<\/a><\/li>\n<li><a href=\"https:\/\/nbscf.ca\/accueil\/\" target=\"_blank\" rel=\"noopener noreferrer\">F\u00e9d\u00e9ration des citoyen(ne)s a\u00een\u00e9(e)s du Nouveau-Brunswick<\/a><\/li>\n<li><a href=\"https:\/\/portage.ca\/fr\/atlantique\/\" target=\"_blank\" rel=\"noopener noreferrer\">Portage Atlantique<\/a><\/li>\n<li><a href=\"https:\/\/www2.gnb.ca\/content\/gnb\/fr\/services\/services_renderer.200971.Workplace_Essential_Skills_Program_(WES).html\" target=\"_blank\" rel=\"noopener noreferrer\">Programme Comp\u00e9tences essentielles au travail (CET)<\/a><\/li>\n<\/ul>\n<\/div><\/div><\/div><\/div><\/div><div class=\"fusion-clearfix\"><\/div><\/div><\/div><\/div><\/div><\/p>\n","protected":false},"excerpt":{"rendered":"","protected":false},"author":1,"featured_media":0,"parent":0,"menu_order":0,"comment_status":"closed","ping_status":"closed","template":"","meta":{"footnotes":""},"class_list":["post-3235","page","type-page","status-publish","hentry"],"yoast_head":"<!-- This site is optimized with the Yoast SEO plugin v27.3 - https:\/\/yoast.com\/product\/yoast-seo-wordpress\/ -->\n<title>Ressources -<\/title>\n<meta name=\"robots\" content=\"index, follow, max-snippet:-1, max-image-preview:large, max-video-preview:-1\" \/>\n<link rel=\"canonical\" href=\"https:\/\/www.legalaid-aidejuridique-nb.ca\/fr\/ressources\/\" \/>\n<meta property=\"og:locale\" content=\"fr_FR\" \/>\n<meta property=\"og:type\" content=\"article\" \/>\n<meta property=\"og:title\" content=\"Ressources -\" \/>\n<meta property=\"og:url\" content=\"https:\/\/www.legalaid-aidejuridique-nb.ca\/fr\/ressources\/\" \/>\n<meta property=\"article:modified_time\" content=\"2026-03-30T17:20:25+00:00\" \/>\n<meta name=\"twitter:card\" content=\"summary_large_image\" \/>\n<meta name=\"twitter:label1\" content=\"Dur\u00e9e de lecture estim\u00e9e\" \/>\n\t<meta name=\"twitter:data1\" content=\"2 minutes\" \/>\n<!-- \/ Yoast SEO plugin. -->","yoast_head_json":{"title":"Ressources -","robots":{"index":"index","follow":"follow","max-snippet":"max-snippet:-1","max-image-preview":"max-image-preview:large","max-video-preview":"max-video-preview:-1"},"canonical":"https:\/\/www.legalaid-aidejuridique-nb.ca\/fr\/ressources\/","og_locale":"fr_FR","og_type":"article","og_title":"Ressources -","og_url":"https:\/\/www.legalaid-aidejuridique-nb.ca\/fr\/ressources\/","article_modified_time":"2026-03-30T17:20:25+00:00","twitter_card":"summary_large_image","twitter_misc":{"Dur\u00e9e de lecture estim\u00e9e":"2 minutes"},"schema":{"@context":"https:\/\/schema.org","@graph":[{"@type":"WebPage","@id":"https:\/\/www.legalaid-aidejuridique-nb.ca\/fr\/ressources\/","url":"https:\/\/www.legalaid-aidejuridique-nb.ca\/fr\/ressources\/","name":"Ressources -","isPartOf":{"@id":"https:\/\/www.legalaid-aidejuridique-nb.ca\/fr\/#website"},"datePublished":"2019-10-13T19:13:02+00:00","dateModified":"2026-03-30T17:20:25+00:00","breadcrumb":{"@id":"https:\/\/www.legalaid-aidejuridique-nb.ca\/fr\/ressources\/#breadcrumb"},"inLanguage":"fr-FR","potentialAction":[{"@type":"ReadAction","target":["https:\/\/www.legalaid-aidejuridique-nb.ca\/fr\/ressources\/"]}]},{"@type":"BreadcrumbList","@id":"https:\/\/www.legalaid-aidejuridique-nb.ca\/fr\/ressources\/#breadcrumb","itemListElement":[{"@type":"ListItem","position":1,"name":"Home","item":"https:\/\/www.legalaid-aidejuridique-nb.ca\/fr\/welcome-bienvenue\/"},{"@type":"ListItem","position":2,"name":"Ressources"}]},{"@type":"WebSite","@id":"https:\/\/www.legalaid-aidejuridique-nb.ca\/fr\/#website","url":"https:\/\/www.legalaid-aidejuridique-nb.ca\/fr\/","name":"","description":"","potentialAction":[{"@type":"SearchAction","target":{"@type":"EntryPoint","urlTemplate":"https:\/\/www.legalaid-aidejuridique-nb.ca\/fr\/?s={search_term_string}"},"query-input":{"@type":"PropertyValueSpecification","valueRequired":true,"valueName":"search_term_string"}}],"inLanguage":"fr-FR"}]}},"_links":{"self":[{"href":"https:\/\/www.legalaid-aidejuridique-nb.ca\/fr\/wp-json\/wp\/v2\/pages\/3235","targetHints":{"allow":["GET"]}}],"collection":[{"href":"https:\/\/www.legalaid-aidejuridique-nb.ca\/fr\/wp-json\/wp\/v2\/pages"}],"about":[{"href":"https:\/\/www.legalaid-aidejuridique-nb.ca\/fr\/wp-json\/wp\/v2\/types\/page"}],"author":[{"embeddable":true,"href":"https:\/\/www.legalaid-aidejuridique-nb.ca\/fr\/wp-json\/wp\/v2\/users\/1"}],"replies":[{"embeddable":true,"href":"https:\/\/www.legalaid-aidejuridique-nb.ca\/fr\/wp-json\/wp\/v2\/comments?post=3235"}],"version-history":[{"count":11,"href":"https:\/\/www.legalaid-aidejuridique-nb.ca\/fr\/wp-json\/wp\/v2\/pages\/3235\/revisions"}],"predecessor-version":[{"id":6832,"href":"https:\/\/www.legalaid-aidejuridique-nb.ca\/fr\/wp-json\/wp\/v2\/pages\/3235\/revisions\/6832"}],"wp:attachment":[{"href":"https:\/\/www.legalaid-aidejuridique-nb.ca\/fr\/wp-json\/wp\/v2\/media?parent=3235"}],"curies":[{"name":"wp","href":"https:\/\/api.w.org\/{rel}","templated":true}]}}