{"id":3229,"date":"2019-10-13T19:12:24","date_gmt":"2019-10-13T19:12:24","guid":{"rendered":"http:\/\/www.legalaid-aidejuridique-nb.ca\/dev\/?page_id=3229"},"modified":"2025-09-10T13:28:52","modified_gmt":"2025-09-10T17:28:52","slug":"accueil","status":"publish","type":"page","link":"https:\/\/www.legalaid-aidejuridique-nb.ca\/fr\/accueil\/","title":{"rendered":"Accueil"},"content":{"rendered":"<p><div class=\"fusion-fullwidth fullwidth-box fusion-builder-row-1 nonhundred-percent-fullwidth non-hundred-percent-height-scrolling\" style=\"--awb-border-radius-top-left:0px;--awb-border-radius-top-right:0px;--awb-border-radius-bottom-right:0px;--awb-border-radius-bottom-left:0px;--awb-padding-right:10px;--awb-padding-left:9px;--awb-flex-wrap:wrap;\" ><div class=\"fusion-builder-row fusion-row\"><div class=\"fusion-layout-column fusion_builder_column fusion-builder-column-0 fusion_builder_column_1_1 1_1 fusion-one-full fusion-column-first fusion-column-last\" style=\"--awb-padding-top:10px;--awb-bg-size:cover;\"><div class=\"fusion-column-wrapper fusion-column-has-shadow fusion-flex-column-wrapper-legacy\"><div class=\"fusion-text fusion-text-1\"><p style=\"text-align: center;\"><strong><span style=\"color: #000000;\">SERVICES D&rsquo;AVOCAT(E)-CONSEIL EN DROIT DE LA FAMILLE<\/span><\/strong><br \/>\nNous offrons certains services d&rsquo;avocat(e)-conseil par t\u00e9l\u00e9phone ou vid\u00e9oconf\u00e9rence si disponible.<br \/>\nVeuillez vous r\u00e9f\u00e9rer \u00e0 la page <span style=\"color: #3366ff;\"><a style=\"color: #3366ff;\" href=\"https:\/\/www.legalaid-aidejuridique-nb.ca\/fr\/services-en-droit-de-la-famille\/avocat-conseil-en-droit-de-la-famille\/\">Avocat-conseil en droit de la famille<\/a><\/span> pour voir comment obtenir ces services.<\/p>\n<hr \/>\n<\/div><div class=\"fusion-text fusion-text-2\"><h1 style=\"text-align: center;\">Bienvenue sur le site web de la Commission des services d\u2019aide juridique du Nouveau-Brunswick (CSAJNB)<\/h1>\n<\/div><div class=\"fusion-sep-clear\"><\/div><div class=\"fusion-separator fusion-full-width-sep title-line\" style=\"margin-left: auto;margin-right: auto;width:100%;\"><div class=\"fusion-separator-border sep-single sep-solid\" style=\"--awb-height:20px;--awb-amount:20px;border-color:#e0dede;border-top-width:1px;\"><\/div><\/div><div class=\"fusion-sep-clear\"><\/div><div class=\"fusion-clearfix\"><\/div><\/div><\/div><\/div><\/div><div class=\"fusion-fullwidth fullwidth-box fusion-builder-row-2 nonhundred-percent-fullwidth non-hundred-percent-height-scrolling\" style=\"--awb-border-radius-top-left:0px;--awb-border-radius-top-right:0px;--awb-border-radius-bottom-right:0px;--awb-border-radius-bottom-left:0px;--awb-padding-top:50px;--awb-padding-bottom:40px;--awb-flex-wrap:wrap;\" ><div class=\"fusion-builder-row fusion-row\"><div class=\"fusion-layout-column fusion_builder_column fusion-builder-column-1 fusion_builder_column_2_3 2_3 fusion-two-third fusion-column-first home_columns\" style=\"--awb-bg-size:cover;--awb-border-color:#927647;--awb-border-right:2px;--awb-border-style:solid;width:66.666666666667%;width:calc(66.666666666667% - ( ( 4% ) * 0.66666666666667 ) );margin-right: 4%;\"><div class=\"fusion-column-wrapper fusion-column-has-shadow fusion-flex-column-wrapper-legacy\"><div class=\"fusion-text fusion-text-3\"><p><a href=\"\/dev\/fr\/services-en-droit-criminel\/obtenir-de-laide\/\"><img decoding=\"async\" class=\"alignnone size-full wp-image-3579\" src=\"http:\/\/www.legalaid-aidejuridique-nb.ca\/wp-content\/uploads\/2019\/10\/affaires-penales.png\" alt=\"Affaires penales\" width=\"286\" height=\"157\" srcset=\"https:\/\/www.legalaid-aidejuridique-nb.ca\/wp-content\/uploads\/2019\/10\/affaires-penales-200x110.png 200w, https:\/\/www.legalaid-aidejuridique-nb.ca\/wp-content\/uploads\/2019\/10\/affaires-penales.png 286w\" sizes=\"(max-width: 286px) 100vw, 286px\" \/><\/a><a href=\"\/dev\/fr\/services-en-droit-de-la-famille\/obtenir-de-laide\/\"><img decoding=\"async\" class=\"alignnone size-full wp-image-3577\" src=\"http:\/\/www.legalaid-aidejuridique-nb.ca\/wp-content\/uploads\/2019\/10\/affaires-familiales.png\" alt=\"Affaires familiales\" width=\"285\" height=\"157\" srcset=\"https:\/\/www.legalaid-aidejuridique-nb.ca\/wp-content\/uploads\/2019\/10\/affaires-familiales-200x110.png 200w, https:\/\/www.legalaid-aidejuridique-nb.ca\/wp-content\/uploads\/2019\/10\/affaires-familiales.png 285w\" sizes=\"(max-width: 285px) 100vw, 285px\" \/><\/a><\/p>\n<div class=\"home_txt_box\">La CSAJNB fournit une aide juridique aux personnes \u00e0 faible revenu pour certaines affaires p\u00e9nales ou qui rel\u00e8vent du droit de la famille. Cliquez sur un des liens ci-dessous pour plus d&rsquo;informations sur les services que nous offrons.<\/div>\n<\/div><div class=\"fusion-clearfix\"><\/div><\/div><\/div><div class=\"fusion-layout-column fusion_builder_column fusion-builder-column-2 fusion_builder_column_1_3 1_3 fusion-one-third fusion-column-last home_columns\" style=\"--awb-padding-left:30px;--awb-bg-size:cover;--awb-border-color:#927647;--awb-border-left:0;--awb-border-style:solid;width:33.333333333333%;width:calc(33.333333333333% - ( ( 4% ) * 0.33333333333333 ) );\"><div class=\"fusion-column-wrapper fusion-column-has-shadow fusion-flex-column-wrapper-legacy\"><div class=\"fusion-text fusion-text-4\"><p><a href=\"https:\/\/www.legalaid-aidejuridique-nb.ca\/fr\/services-du-curateur-public\/services-du-curateur-public\/\"><img decoding=\"async\" class=\"alignnone size-full wp-image-3581\" src=\"http:\/\/www.legalaid-aidejuridique-nb.ca\/wp-content\/uploads\/2019\/10\/curateur-public.png\" alt=\"Curateur Public\" width=\"288\" height=\"157\" srcset=\"https:\/\/www.legalaid-aidejuridique-nb.ca\/wp-content\/uploads\/2019\/10\/curateur-public-200x109.png 200w, https:\/\/www.legalaid-aidejuridique-nb.ca\/wp-content\/uploads\/2019\/10\/curateur-public.png 288w\" sizes=\"(max-width: 288px) 100vw, 288px\" \/><\/a><\/p>\n<div class=\"home_txt_box\">Un aper\u00e7u des services du curateur public. Cette liste n\u2019est pas exhaustive ni pour ce qui est ou n\u2019est pas pris charge, alors assurez-vous de nous contacter concernant votre situation pr\u00e9cise.<\/div>\n<\/div><div class=\"fusion-clearfix\"><\/div><\/div><\/div><\/div><\/div><div class=\"fusion-fullwidth fullwidth-box fusion-builder-row-3 nonhundred-percent-fullwidth non-hundred-percent-height-scrolling\" style=\"--awb-border-radius-top-left:0px;--awb-border-radius-top-right:0px;--awb-border-radius-bottom-right:0px;--awb-border-radius-bottom-left:0px;--awb-flex-wrap:wrap;\" ><div class=\"fusion-builder-row fusion-row\"><div class=\"fusion-layout-column fusion_builder_column fusion-builder-column-3 fusion_builder_column_1_1 1_1 fusion-one-full fusion-column-first fusion-column-last fusion-no-small-visibility\" style=\"--awb-padding-top:10px;--awb-padding-right:50px;--awb-padding-bottom:50px;--awb-padding-left:50px;--awb-bg-image:url(&#039;http:\/\/www.legalaid-aidejuridique-nb.ca\/wp-content\/uploads\/2019\/10\/home-bg.jpg&#039;);--awb-bg-size:cover;\"><div class=\"fusion-column-wrapper fusion-column-has-shadow fusion-flex-column-wrapper-legacy fusion-column-has-bg-image\" data-bg-url=\"http:\/\/www.legalaid-aidejuridique-nb.ca\/wp-content\/uploads\/2019\/10\/home-bg.jpg\"><div class=\"fusion-column-content-centered\"><div class=\"fusion-column-content\"><div class=\"fusion-text fusion-text-5\" style=\"--awb-font-size:12px;--awb-text-transform:none;\" id=\"legalaid_offices\"><h3 style=\"text-align: center;\">BUREAUX DE L\u2019AIDE JURIDIQUE<\/h3>\n<table border=\"0\" cellspacing=\"0\" cellpadding=\"10\">\n<tbody>\n<tr>\n<td>Bathurst<\/td>\n<td>(506) 546-5010<\/td>\n<td rowspan=\"3\"><img decoding=\"async\" class=\"alignnone size-full wp-image-3530\" src=\"http:\/\/www.legalaid-aidejuridique-nb.ca\/wp-content\/uploads\/2019\/10\/offices-line.png\" alt=\"\" width=\"2\" height=\"71\" \/><\/td>\n<td>Fredericton<\/td>\n<td>(506) 444-2776<\/td>\n<td rowspan=\"3\"><img decoding=\"async\" class=\"alignnone size-full wp-image-3530\" src=\"http:\/\/www.legalaid-aidejuridique-nb.ca\/wp-content\/uploads\/2019\/10\/offices-line.png\" alt=\"\" width=\"2\" height=\"71\" \/><\/td>\n<td>Saint John<\/td>\n<td>(506) 633-6030<\/td>\n<td rowspan=\"3\"><img decoding=\"async\" class=\"alignnone size-full wp-image-3530\" src=\"http:\/\/www.legalaid-aidejuridique-nb.ca\/wp-content\/uploads\/2019\/10\/offices-line.png\" alt=\"\" width=\"2\" height=\"71\" \/><\/td>\n<td rowspan=\"3\" valign=\"top\">Public Trustee<\/td>\n<td rowspan=\"3\" valign=\"top\">(506)-444-3688<br \/>\n1-888-336-8383<\/td>\n<\/tr>\n<tr>\n<td>Campbellton<\/td>\n<td>(506) 753-6453<\/td>\n<td>Miramichi<\/td>\n<td>(506) 622-1061<\/td>\n<td>Woodstock<\/td>\n<td>(506) 328-8127<\/td>\n<\/tr>\n<tr>\n<td>Edmundston<\/td>\n<td>(506) 735-4213<\/td>\n<td>Moncton<\/td>\n<td>(506) 853-7300<\/td>\n<td><\/td>\n<td><\/td>\n<\/tr>\n<\/tbody>\n<\/table>\n<\/div><\/div><\/div><div class=\"fusion-clearfix\"><\/div><\/div><\/div><div class=\"fusion-layout-column fusion_builder_column fusion-builder-column-4 fusion_builder_column_1_1 1_1 fusion-one-full fusion-column-first fusion-column-last fusion-no-medium-visibility fusion-no-large-visibility\" style=\"--awb-bg-size:cover;\"><div class=\"fusion-column-wrapper fusion-column-has-shadow fusion-flex-column-wrapper-legacy\"><div class=\"mobile mobile_offices\">\n\t<div><strong>Bathurst<\/strong><br\/><a href=\"tel:+15065465010\">506-546-5010<\/a><\/div>\n    <div><strong>Fredericton<\/strong><br\/><a href=\"tel:+15064442776\">506-444-2776<\/a><\/div>\n    <div><strong>Saint John<\/strong><br\/><a href=\"tel:+15066336030\">506-633-6030<\/a><\/div>\n    <div><strong>Public Trustee<\/strong><br\/><a href=\"tel:+15064443688\">506-444-3688<\/a><br\/><a href=\"tel:+18883368383\">1-888-336-8383<\/a><\/div>\n    <div><strong>Campbellton<\/strong><br\/><a href=\"tel:+15067536453\">506-753-6453<\/a><\/div>\n    <div><strong>Miramichi<\/strong><br\/><a href=\"tel:+15066221061\">506-622-1061<\/a><\/div>\n    <div><strong>Tracadie-Sheila<\/strong><br\/><a href=\"tel:+15063951507\">506-395-1507<\/a><\/div>\n    <div><strong>Edmundston<\/strong><br\/><a href=\"tel:+15067354213\">506-735-4213<\/a><\/div>\n    <div><strong>Moncton<\/strong><br\/><a href=\"tel:+15068537300\">506-853-7300<\/a><\/div>\n    <div><strong>Woodstock<\/strong><br\/><a href=\"tel:+15063288127\">506-328-8127<\/a><\/div>\n<\/div><div class=\"fusion-clearfix\"><\/div><\/div><\/div><div class=\"fusion-layout-column fusion_builder_column fusion-builder-column-5 fusion_builder_column_1_1 1_1 fusion-one-full fusion-column-first fusion-column-last\" style=\"--awb-padding-top:30px;--awb-padding-bottom:30px;--awb-bg-size:cover;\"><div class=\"fusion-column-wrapper fusion-column-has-shadow fusion-flex-column-wrapper-legacy\"><div class=\"fusion-column-content-centered\"><div class=\"fusion-column-content\"><div class=\"fusion-text fusion-text-6\"><table border=\"0\" cellspacing=\"0\" cellpadding=\"0\" align=\"center\">\n<tbody>\n<tr>\n<td valign=\"middle\"><img decoding=\"async\" class=\"alignnone size-full wp-image-3540\" src=\"http:\/\/www.legalaid-aidejuridique-nb.ca\/wp-content\/uploads\/2019\/10\/home-double-lines.png\" alt=\"\" width=\"191\" height=\"6\" srcset=\"https:\/\/www.legalaid-aidejuridique-nb.ca\/wp-content\/uploads\/2019\/10\/home-double-lines-150x6.png 150w, https:\/\/www.legalaid-aidejuridique-nb.ca\/wp-content\/uploads\/2019\/10\/home-double-lines-177x6.png 177w, https:\/\/www.legalaid-aidejuridique-nb.ca\/wp-content\/uploads\/2019\/10\/home-double-lines.png 191w\" sizes=\"(max-width: 191px) 100vw, 191px\" \/><\/td>\n<td width=\"20\"><\/td>\n<td align=\"center\" valign=\"middle\">\n<h4 style=\"margin-top: 0px !important; font-style: italic;\">Notre personnel exp\u00e9riment\u00e9 est engag\u00e9 \u00e0<br \/>\nvous aider de toutes les mani\u00e8res que nous pouvons.<\/h4>\n<\/td>\n<td width=\"20\"><\/td>\n<td valign=\"middle\"><img decoding=\"async\" class=\"alignnone size-full wp-image-3540\" src=\"http:\/\/www.legalaid-aidejuridique-nb.ca\/wp-content\/uploads\/2019\/10\/home-double-lines.png\" alt=\"\" width=\"191\" height=\"6\" srcset=\"https:\/\/www.legalaid-aidejuridique-nb.ca\/wp-content\/uploads\/2019\/10\/home-double-lines-150x6.png 150w, https:\/\/www.legalaid-aidejuridique-nb.ca\/wp-content\/uploads\/2019\/10\/home-double-lines-177x6.png 177w, https:\/\/www.legalaid-aidejuridique-nb.ca\/wp-content\/uploads\/2019\/10\/home-double-lines.png 191w\" sizes=\"(max-width: 191px) 100vw, 191px\" \/><\/td>\n<\/tr>\n<\/tbody>\n<\/table>\n<\/div><\/div><\/div><div class=\"fusion-clearfix\"><\/div><\/div><\/div><\/div><\/div><\/p>\n","protected":false},"excerpt":{"rendered":"","protected":false},"author":1,"featured_media":0,"parent":0,"menu_order":0,"comment_status":"closed","ping_status":"closed","template":"100-width.php","meta":{"footnotes":""},"class_list":["post-3229","page","type-page","status-publish","hentry"],"yoast_head":"<!-- This site is optimized with the Yoast SEO plugin v27.3 - https:\/\/yoast.com\/product\/yoast-seo-wordpress\/ -->\n<title>Accueil -<\/title>\n<meta name=\"robots\" content=\"index, follow, max-snippet:-1, max-image-preview:large, max-video-preview:-1\" \/>\n<link rel=\"canonical\" href=\"https:\/\/www.legalaid-aidejuridique-nb.ca\/fr\/accueil\/\" \/>\n<meta property=\"og:locale\" content=\"fr_FR\" \/>\n<meta property=\"og:type\" content=\"article\" \/>\n<meta property=\"og:title\" content=\"Accueil -\" \/>\n<meta property=\"og:url\" content=\"https:\/\/www.legalaid-aidejuridique-nb.ca\/fr\/accueil\/\" \/>\n<meta property=\"article:modified_time\" content=\"2025-09-10T17:28:52+00:00\" \/>\n<meta property=\"og:image\" content=\"https:\/\/www.legalaid-aidejuridique-nb.ca\/wp-content\/uploads\/2019\/10\/affaires-penales.png\" \/>\n\t<meta property=\"og:image:width\" content=\"286\" \/>\n\t<meta property=\"og:image:height\" content=\"157\" \/>\n\t<meta property=\"og:image:type\" content=\"image\/png\" \/>\n<meta name=\"twitter:card\" content=\"summary_large_image\" \/>\n<meta name=\"twitter:label1\" content=\"Dur\u00e9e de lecture estim\u00e9e\" \/>\n\t<meta name=\"twitter:data1\" content=\"3 minutes\" \/>\n<!-- \/ Yoast SEO plugin. -->","yoast_head_json":{"title":"Accueil -","robots":{"index":"index","follow":"follow","max-snippet":"max-snippet:-1","max-image-preview":"max-image-preview:large","max-video-preview":"max-video-preview:-1"},"canonical":"https:\/\/www.legalaid-aidejuridique-nb.ca\/fr\/accueil\/","og_locale":"fr_FR","og_type":"article","og_title":"Accueil -","og_url":"https:\/\/www.legalaid-aidejuridique-nb.ca\/fr\/accueil\/","article_modified_time":"2025-09-10T17:28:52+00:00","og_image":[{"width":286,"height":157,"url":"https:\/\/www.legalaid-aidejuridique-nb.ca\/wp-content\/uploads\/2019\/10\/affaires-penales.png","type":"image\/png"}],"twitter_card":"summary_large_image","twitter_misc":{"Dur\u00e9e de lecture estim\u00e9e":"3 minutes"},"schema":{"@context":"https:\/\/schema.org","@graph":[{"@type":"WebPage","@id":"https:\/\/www.legalaid-aidejuridique-nb.ca\/fr\/accueil\/","url":"https:\/\/www.legalaid-aidejuridique-nb.ca\/fr\/accueil\/","name":"Accueil -","isPartOf":{"@id":"https:\/\/www.legalaid-aidejuridique-nb.ca\/fr\/#website"},"primaryImageOfPage":{"@id":"https:\/\/www.legalaid-aidejuridique-nb.ca\/fr\/accueil\/#primaryimage"},"image":{"@id":"https:\/\/www.legalaid-aidejuridique-nb.ca\/fr\/accueil\/#primaryimage"},"thumbnailUrl":"http:\/\/www.legalaid-aidejuridique-nb.ca\/wp-content\/uploads\/2019\/10\/affaires-penales.png","datePublished":"2019-10-13T19:12:24+00:00","dateModified":"2025-09-10T17:28:52+00:00","breadcrumb":{"@id":"https:\/\/www.legalaid-aidejuridique-nb.ca\/fr\/accueil\/#breadcrumb"},"inLanguage":"fr-FR","potentialAction":[{"@type":"ReadAction","target":["https:\/\/www.legalaid-aidejuridique-nb.ca\/fr\/accueil\/"]}]},{"@type":"ImageObject","inLanguage":"fr-FR","@id":"https:\/\/www.legalaid-aidejuridique-nb.ca\/fr\/accueil\/#primaryimage","url":"http:\/\/www.legalaid-aidejuridique-nb.ca\/wp-content\/uploads\/2019\/10\/affaires-penales.png","contentUrl":"http:\/\/www.legalaid-aidejuridique-nb.ca\/wp-content\/uploads\/2019\/10\/affaires-penales.png"},{"@type":"BreadcrumbList","@id":"https:\/\/www.legalaid-aidejuridique-nb.ca\/fr\/accueil\/#breadcrumb","itemListElement":[{"@type":"ListItem","position":1,"name":"Home","item":"https:\/\/www.legalaid-aidejuridique-nb.ca\/fr\/welcome-bienvenue\/"},{"@type":"ListItem","position":2,"name":"Accueil"}]},{"@type":"WebSite","@id":"https:\/\/www.legalaid-aidejuridique-nb.ca\/fr\/#website","url":"https:\/\/www.legalaid-aidejuridique-nb.ca\/fr\/","name":"","description":"","potentialAction":[{"@type":"SearchAction","target":{"@type":"EntryPoint","urlTemplate":"https:\/\/www.legalaid-aidejuridique-nb.ca\/fr\/?s={search_term_string}"},"query-input":{"@type":"PropertyValueSpecification","valueRequired":true,"valueName":"search_term_string"}}],"inLanguage":"fr-FR"}]}},"_links":{"self":[{"href":"https:\/\/www.legalaid-aidejuridique-nb.ca\/fr\/wp-json\/wp\/v2\/pages\/3229","targetHints":{"allow":["GET"]}}],"collection":[{"href":"https:\/\/www.legalaid-aidejuridique-nb.ca\/fr\/wp-json\/wp\/v2\/pages"}],"about":[{"href":"https:\/\/www.legalaid-aidejuridique-nb.ca\/fr\/wp-json\/wp\/v2\/types\/page"}],"author":[{"embeddable":true,"href":"https:\/\/www.legalaid-aidejuridique-nb.ca\/fr\/wp-json\/wp\/v2\/users\/1"}],"replies":[{"embeddable":true,"href":"https:\/\/www.legalaid-aidejuridique-nb.ca\/fr\/wp-json\/wp\/v2\/comments?post=3229"}],"version-history":[{"count":36,"href":"https:\/\/www.legalaid-aidejuridique-nb.ca\/fr\/wp-json\/wp\/v2\/pages\/3229\/revisions"}],"predecessor-version":[{"id":6565,"href":"https:\/\/www.legalaid-aidejuridique-nb.ca\/fr\/wp-json\/wp\/v2\/pages\/3229\/revisions\/6565"}],"wp:attachment":[{"href":"https:\/\/www.legalaid-aidejuridique-nb.ca\/fr\/wp-json\/wp\/v2\/media?parent=3229"}],"curies":[{"name":"wp","href":"https:\/\/api.w.org\/{rel}","templated":true}]}}